{"id":6916,"date":"2025-09-14T13:40:20","date_gmt":"2025-09-14T11:40:20","guid":{"rendered":"https:\/\/oleantis.com\/producto\/organic-eucalyptus-rectified-essential-oil\/"},"modified":"2025-10-12T19:12:26","modified_gmt":"2025-10-12T17:12:26","slug":"organic-eucalyptus-rectified-essential-oil","status":"publish","type":"product","link":"https:\/\/oleantis.com\/en\/producto\/organic-eucalyptus-rectified-essential-oil\/","title":{"rendered":"Organic Eucalyptus rectified essential oil"},"content":{"rendered":"<h5><strong>Properties<\/strong><\/h5>\n<p><strong>Physically<\/strong><\/p>\n<ul>\n<li>\u00b7 Expectorant and mucolytic: helps expel mucus from the bronchi and lungs.<\/li>\n<li>\u00b7 Respiratory antiseptic: useful for colds, flu, bronchitis, sinusitis, rhinitis.<\/li>\n<li>\u00b7 Nasal and bronchial decongestant.<\/li>\n<li>\u00b7 Febrifuge and refreshing: helps reduce fever naturally.<\/li>\n<li>\u00b7 Antimicrobial: mild antibacterial and antiviral, and environmental antiseptic (purifies the air).<\/li>\n<li>\u00b7 Analgesic and circulation support: mild anti-inflammatory and analgesic effect (muscle and joint pain) and mild stimulant of peripheral circulation, improving blood flow in the legs.<\/li>\n<li>\u00b7 Insect repellent.<\/li>\n<\/ul>\n<p><strong>Emotionally and energetically<\/strong><\/p>\n<ul>\n<li>Refrescante y tonificante mental, favorece la concentraci\u00f3n y es \u00fatil contra el letargo, la apat\u00eda o bloqueo emocional.<\/li>\n<\/ul>\n<h5><a title=\"Ficha T\u00e9cnica Eucalipto rectificado\" href=\"https:\/\/oleantis.com\/wp-content\/uploads\/2025\/09\/OLEANTIS_FT_Eucalyptus-globulus.pdf\" target=\"_blank\" rel=\"noopener\"><strong>Download D.S.<\/strong><\/a><\/h5>\n<p>We offer premium products, backed by laboratory analysis, to ensure traceability and purity, selecting them at source for their properties.<\/p>\n<p>If you need any other documents in addition to the data sheet, please do not hesitate to contact us at <a href=\"mailto:info@oleantis.com\">info@oleantis.com<\/a><\/p>\n","protected":false},"excerpt":{"rendered":"<h3><em>Eucalyptus globulus<\/em><\/h3>\n<p>Rectified eucalyptus essential oil is obtained by steam distillation of the leaves of Eucalyptus globulus and undergoes a rectification process, an additional distillation process to eliminate unwanted compounds and achieve greater purity and safety in its use. It is traditionally used for lower respiratory tract conditions. In the 19th century it was used as a hospital antiseptic and to clean medical tools. It is one of the tallest and fastest growing trees.<\/p>\n<h5>100% pure and natural organic essential oil.<\/h5>\n","protected":false},"featured_media":6376,"comment_status":"open","ping_status":"closed","template":"","meta":{"jetpack_publicize_message":"","jetpack_publicize_feature_enabled":true,"jetpack_social_post_already_shared":false,"jetpack_social_options":{"image_generator_settings":{"template":"highway","default_image_id":0,"font":"","enabled":false},"version":2}},"product_brand":[],"product_cat":[275,237,249,242],"product_tag":[250,315,258],"class_list":{"0":"post-6916","1":"product","2":"type-product","3":"status-publish","4":"has-post-thumbnail","6":"product_cat-body-care-en","7":"product_cat-essential-oil","8":"product_cat-healthy-en","9":"product_cat-natural-en","10":"product_tag-health","11":"product_tag-pulmonary","12":"product_tag-refreshing","14":"first","15":"instock","16":"shipping-taxable","17":"product-type-simple"},"aioseo_notices":[],"jetpack_publicize_connections":[],"jetpack_sharing_enabled":true,"_links":{"self":[{"href":"https:\/\/oleantis.com\/en\/wp-json\/wp\/v2\/product\/6916","targetHints":{"allow":["GET"]}}],"collection":[{"href":"https:\/\/oleantis.com\/en\/wp-json\/wp\/v2\/product"}],"about":[{"href":"https:\/\/oleantis.com\/en\/wp-json\/wp\/v2\/types\/product"}],"replies":[{"embeddable":true,"href":"https:\/\/oleantis.com\/en\/wp-json\/wp\/v2\/comments?post=6916"}],"wp:featuredmedia":[{"embeddable":true,"href":"https:\/\/oleantis.com\/en\/wp-json\/wp\/v2\/media\/6376"}],"wp:attachment":[{"href":"https:\/\/oleantis.com\/en\/wp-json\/wp\/v2\/media?parent=6916"}],"wp:term":[{"taxonomy":"product_brand","embeddable":true,"href":"https:\/\/oleantis.com\/en\/wp-json\/wp\/v2\/product_brand?post=6916"},{"taxonomy":"product_cat","embeddable":true,"href":"https:\/\/oleantis.com\/en\/wp-json\/wp\/v2\/product_cat?post=6916"},{"taxonomy":"product_tag","embeddable":true,"href":"https:\/\/oleantis.com\/en\/wp-json\/wp\/v2\/product_tag?post=6916"}],"curies":[{"name":"wp","href":"https:\/\/api.w.org\/{rel}","templated":true}]}}