{"id":6928,"date":"2025-09-13T19:30:59","date_gmt":"2025-09-13T17:30:59","guid":{"rendered":"https:\/\/oleantis.com\/producto\/organic-tea-tree-essential-oil\/"},"modified":"2025-10-22T13:01:17","modified_gmt":"2025-10-22T11:01:17","slug":"organic-tea-tree-essential-oil","status":"publish","type":"product","link":"https:\/\/oleantis.com\/en\/producto\/organic-tea-tree-essential-oil\/","title":{"rendered":"Organic Tea tree essential oil"},"content":{"rendered":"<h3><strong style=\"color: #777777; font-size: 15px;\">Properties<\/strong><\/h3>\n<p><strong>Physically<\/strong><\/p>\n<ul>\n<li>\u00b7 Broad-spectrum antibacterial: effective against skin infections, acne, boils, and infected wounds.<\/li>\n<li>\u00b7 Antifungal: ideal for athlete\u2019s foot, nail fungus, and cutaneous candidiasis.<\/li>\n<li>\u00b7 Antiviral: useful for herpes, warts, and flu.<\/li>\n<li>\u00b7 Respiratory antiseptic: helps with sinusitis, pharyngitis, and bronchitis.<\/li>\n<li>\u00b7 Immunostimulant: strengthens the body\u2019s defenses.<\/li>\n<li>\u00b7 Anti-inflammatory and healing: promotes skin recovery.<\/li>\n<li>\u00b7 Repellent and pediculicide: effective against lice and skin parasites.<\/li>\n<\/ul>\n<p><strong>Emotionally and energetically<\/strong><\/p>\n<ul>\n<li>\u00b7 Energetic purifier: used in energetic cleansing of spaces.<\/li>\n<li>Estimulante mental suave: ayuda a despejar y renovar.<\/li>\n<\/ul>\n<h5><a title=\"Ficha T\u00e9cnica \u00c1rbol del T\u00e9\" href=\"https:\/\/oleantis.com\/wp-content\/uploads\/2025\/09\/OLEANTIS_FT_Melaleuca_alternifolia-1.pdf\" target=\"_blank\" rel=\"noopener\"><strong>Download D.S.<\/strong><\/a><\/h5>\n<p>We offer premium products, backed by laboratory analysis, to ensure traceability and purity, selecting them at source for their properties.<\/p>\n<p>If you need any other documents in addition to the data sheet, please do not hesitate to contact us at <a href=\"mailto:info@oleantis.com\">info@oleantis.com<\/a><\/p>\n","protected":false},"excerpt":{"rendered":"<h3><strong><em>Melaleuca alternifolia<\/em><\/strong><\/h3>\n<p>Known for its powerful purifying properties, it is a natural ally for skincare and hygiene. Obtained by steam distillation of the plant&#8217;s leaves, it is ideal for treating blemishes, soothing irritations, and for natural home cleaning, it is a powerful natural antiseptic. Its fresh, herbal aroma makes it a must-have in aromatherapy. It is indispensable in the natural first-aid kit due to its versatility, safety, and effectiveness. Its name comes from the explorer James Cook, who brewed an infusion with its leaves, believing it was a type of tea plant.<\/p>\n<h5>100% pure and natural organic essential oil.<\/h5>\n","protected":false},"featured_media":6385,"comment_status":"open","ping_status":"closed","template":"","meta":{"jetpack_publicize_message":"","jetpack_publicize_feature_enabled":true,"jetpack_social_post_already_shared":false,"jetpack_social_options":{"image_generator_settings":{"template":"highway","default_image_id":0,"font":"","enabled":false},"version":2}},"product_brand":[],"product_cat":[275,237,249,242],"product_tag":[316,325,329,334],"class_list":{"0":"post-6928","1":"product","2":"type-product","3":"status-publish","4":"has-post-thumbnail","6":"product_cat-body-care-en","7":"product_cat-essential-oil","8":"product_cat-healthy-en","9":"product_cat-natural-en","10":"product_tag-aromatic","11":"product_tag-aromatic-en","12":"product_tag-medicinal-en","13":"product_tag-skincare-en","15":"first","16":"instock","17":"featured","18":"shipping-taxable","19":"product-type-simple"},"aioseo_notices":[],"jetpack_publicize_connections":[],"jetpack_sharing_enabled":true,"_links":{"self":[{"href":"https:\/\/oleantis.com\/en\/wp-json\/wp\/v2\/product\/6928","targetHints":{"allow":["GET"]}}],"collection":[{"href":"https:\/\/oleantis.com\/en\/wp-json\/wp\/v2\/product"}],"about":[{"href":"https:\/\/oleantis.com\/en\/wp-json\/wp\/v2\/types\/product"}],"replies":[{"embeddable":true,"href":"https:\/\/oleantis.com\/en\/wp-json\/wp\/v2\/comments?post=6928"}],"wp:featuredmedia":[{"embeddable":true,"href":"https:\/\/oleantis.com\/en\/wp-json\/wp\/v2\/media\/6385"}],"wp:attachment":[{"href":"https:\/\/oleantis.com\/en\/wp-json\/wp\/v2\/media?parent=6928"}],"wp:term":[{"taxonomy":"product_brand","embeddable":true,"href":"https:\/\/oleantis.com\/en\/wp-json\/wp\/v2\/product_brand?post=6928"},{"taxonomy":"product_cat","embeddable":true,"href":"https:\/\/oleantis.com\/en\/wp-json\/wp\/v2\/product_cat?post=6928"},{"taxonomy":"product_tag","embeddable":true,"href":"https:\/\/oleantis.com\/en\/wp-json\/wp\/v2\/product_tag?post=6928"}],"curies":[{"name":"wp","href":"https:\/\/api.w.org\/{rel}","templated":true}]}}