{"id":6006,"date":"2020-10-09T08:10:06","date_gmt":"2020-10-09T06:10:06","guid":{"rendered":"https:\/\/oleantis.com\/contact\/"},"modified":"2025-09-30T09:28:54","modified_gmt":"2025-09-30T07:28:54","slug":"contact","status":"publish","type":"page","link":"https:\/\/oleantis.com\/fr\/contact\/","title":{"rendered":"Contact"},"content":{"rendered":"\t\t<div data-elementor-type=\"wp-page\" data-elementor-id=\"6006\" class=\"elementor elementor-6006 elementor-1649\">\n\t\t\t\t<div class=\"elementor-element elementor-element-81ccb59 e-con-full e-flex qodef-elementor-content-no e-con e-parent\" data-id=\"81ccb59\" data-element_type=\"container\" data-e-type=\"container\">\n\t\t\t\t<div class=\"elementor-element elementor-element-a9c5824 elementor-widget elementor-widget-google_maps\" data-id=\"a9c5824\" data-element_type=\"widget\" data-e-type=\"widget\" data-widget_type=\"google_maps.default\">\n\t\t\t\t\t\t\t<div class=\"elementor-custom-embed\">\n\t\t\t<iframe loading=\"lazy\"\n\t\t\t\t\tsrc=\"https:\/\/maps.google.com\/maps?q=Calle%20Subirans%207%2004400%20Alhama%20de%20Almer%C3%ADa&#038;t=m&#038;z=12&#038;output=embed&#038;iwloc=near\"\n\t\t\t\t\ttitle=\"Calle Subirans 7 04400 Alhama de Almer\u00eda\"\n\t\t\t\t\taria-label=\"Calle Subirans 7 04400 Alhama de Almer\u00eda\"\n\t\t\t><\/iframe>\n\t\t<\/div>\n\t\t\t\t\t\t<\/div>\n\t\t\t\t<\/div>\n\t\t\t\t<section class=\"elementor-section elementor-top-section elementor-element elementor-element-36b74f9 elementor-section-full_width elementor-section-height-default elementor-section-height-default qodef-elementor-content-no\" data-id=\"36b74f9\" data-element_type=\"section\" data-e-type=\"section\">\n\t\t\t\t\t\t<div class=\"elementor-container elementor-column-gap-default\">\n\t\t\t\t\t<div class=\"elementor-column elementor-col-100 elementor-top-column elementor-element elementor-element-4276d2c\" data-id=\"4276d2c\" data-element_type=\"column\" data-e-type=\"column\">\n\t\t\t<div class=\"elementor-widget-wrap elementor-element-populated\">\n\t\t\t\t\n\n\t\t<div class=\"elementor-element elementor-element-25e35b8 elementor-widget elementor-widget-sante_core_google_map\" data-id=\"25e35b8\" data-element_type=\"widget\" data-e-type=\"widget\" data-widget_type=\"sante_core_google_map.default\">\n\t\t\t\t<div class=\"elementor-widget-container\">\n\t\t\t\t\t<div class=\"qodef-shortcode qodef-m qodef-google-map\">\n\t<div class=\"qodef-m-map\" id=\"qodef-map-id--684\" data-addresses='[\"C\/ Subirans n\u00ba 7, Local 1 - 04400 Alhama de Almer\u00eda, Almer\u00eda - SPAIN\"]' data-pin=https:\/\/oleantis.com\/wp-content\/uploads\/2020\/12\/map-pin.png data-unique-id=684 data-height=615><\/div>\n<\/div>\t\t\t\t<\/div>\n\t\t\t\t<\/div>\n\t\t\t\t\t<\/div>\n\t\t<\/div>\n\t\t\t\t\t<\/div>\n\t\t<\/section>\n\t\t\t\t<section class=\"elementor-section elementor-top-section elementor-element elementor-element-6bc6cd2 elementor-section-full_width qodef-elementor-content-grid elementor-section-height-default elementor-section-height-default\" data-id=\"6bc6cd2\" data-element_type=\"section\" data-e-type=\"section\" data-settings=\"{&quot;background_background&quot;:&quot;classic&quot;}\">\n\t\t\t\t\t\t<div class=\"elementor-container elementor-column-gap-default\">\n\t\t\t\t\t<div class=\"elementor-column elementor-col-50 elementor-top-column elementor-element elementor-element-d9f079f qodef-custom\" data-id=\"d9f079f\" data-element_type=\"column\" data-e-type=\"column\">\n\t\t\t<div class=\"elementor-widget-wrap elementor-element-populated\">\n\t\t\t\t\t\t<div class=\"elementor-element elementor-element-63de6740 elementor-widget elementor-widget-sante_core_section_title\" data-id=\"63de6740\" data-element_type=\"widget\" data-e-type=\"widget\" data-widget_type=\"sante_core_section_title.default\">\n\t\t\t\t<div class=\"elementor-widget-container\">\n\t\t\t\t\t<div class=\"qodef-shortcode qodef-m qodef-section-title qodef-alignment--left\">\n\t\t\t\t<h3 class=\"qodef-m-title\" >\n\t\t\t\t\tContactez-nous\t\t\t<\/h3>\n\t\t<p class=\"qodef-m-text\" style=\"margin: 11px 0 -10px 0\">Vous voulez en savoir plus ou simplement discuter de nos huiles ? \u00c9crivez-nous, nous serons ravis de vous lire et de vous aider dans ce dont vous avez besoin.Escr\u00edbenos, nos encantar\u00e1 leerte y ayudarte en lo que necesites.\n<\/p>\n\t\t    <div class=\"qodef-st-underline\">\n        <span class=\"qodef-st-underline-line\" ><\/span>\n    <\/div>\n<\/div>\t\t\t\t<\/div>\n\t\t\t\t<\/div>\n\t\t\t\t<div class=\"elementor-element elementor-element-3e4da041 elementor-widget elementor-widget-sante_core_icon_list_item\" data-id=\"3e4da041\" data-element_type=\"widget\" data-e-type=\"widget\" data-widget_type=\"sante_core_icon_list_item.default\">\n\t\t\t\t<div class=\"elementor-widget-container\">\n\t\t\t\t\t<div class=\"qodef-icon-list-item qodef-icon--icon-pack\" >\n\t<p class=\"qodef-e-title\" >\n\t\t\t\t\t<a itemprop=\"url\" href=\"https:\/\/www.google.com\/maps\/place\/C.+Subirans,+7,+04400+Alhama+de+Almer%C3%ADa,+Almer%C3%ADa,+Espa%C3%B1a\/@36.96047,-2.57381,27790m\/data=!3m1!1e3!4m6!3m5!1s0xd700cfb651ec41f:0x35e730b1e5ea6bf!8m2!3d36.96047!4d-2.57381!16s%2Fg%2F11c2dps0sr?hl=es-ES&#038;entry=ttu&#038;g_ep=EgoyMDI1MDgwNi4wIKXMDSoASAFQAw%3D%3D\" target=\"_blank\">\n\t\t\t\t\t<span class=\"qodef-e-title-inner\">\n\t\t\t\t<span class=\"qodef-shortcode qodef-m qodef-icon-holder qodef-layout--normal\"  >\t        <span class=\"qodef-icon-linear-icons lnr-apartment lnr qodef-icon qodef-e\" style=\"color: #68745C;font-size: 18px\" ><\/span>    <\/span>\t\t\t\t<span class=\"qodef-e-title-text\">C\/ Subirans n\u00ba 7, Local 1 - 04400 Alhama de Almer\u00eda, Almer\u00eda - ESPAGNE<\/span>\n\t\t\t<\/span>\n\t\t\t\t\t<\/a>\n\t\t\t<\/p>\n<\/div>\t\t\t\t<\/div>\n\t\t\t\t<\/div>\n\t\t\t\t<div class=\"elementor-element elementor-element-7a12e3ca elementor-widget elementor-widget-sante_core_icon_list_item\" data-id=\"7a12e3ca\" data-element_type=\"widget\" data-e-type=\"widget\" data-widget_type=\"sante_core_icon_list_item.default\">\n\t\t\t\t<div class=\"elementor-widget-container\">\n\t\t\t\t\t<div class=\"qodef-icon-list-item qodef-icon--icon-pack\" >\n\t<p class=\"qodef-e-title\" >\n\t\t\t\t\t<a itemprop=\"url\" href=\"https:\/\/www.google.com\/maps\/place\/C.+Subirans,+7,+04400+Alhama+de+Almer%C3%ADa,+Almer%C3%ADa,+Espa%C3%B1a\/@36.96047,-2.57381,27790m\/data=!3m1!1e3!4m6!3m5!1s0xd700cfb651ec41f:0x35e730b1e5ea6bf!8m2!3d36.96047!4d-2.57381!16s%2Fg%2F11c2dps0sr?hl=es-ES&#038;entry=ttu&#038;g_ep=EgoyMDI1MDgwNi4wIKXMDSoASAFQAw%3D%3D\" target=\"_self\">\n\t\t\t\t\t<span class=\"qodef-e-title-inner\">\n\t\t\t\t<span class=\"qodef-shortcode qodef-m qodef-icon-holder qodef-layout--normal\"  >\t        <span class=\"qodef-icon-linear-icons lnr-calendar-full lnr qodef-icon qodef-e\" style=\"color: #68745C;font-size: 18px\" ><\/span>    <\/span>\t\t\t\t<span class=\"qodef-e-title-text\">Du lundi au vendredi : de 9h00 \u00e0 18h00<\/span>\n\t\t\t<\/span>\n\t\t\t\t\t<\/a>\n\t\t\t<\/p>\n<\/div>\t\t\t\t<\/div>\n\t\t\t\t<\/div>\n\t\t\t\t<div class=\"elementor-element elementor-element-ceca870 elementor-widget elementor-widget-sante_core_icon_list_item\" data-id=\"ceca870\" data-element_type=\"widget\" data-e-type=\"widget\" data-widget_type=\"sante_core_icon_list_item.default\">\n\t\t\t\t<div class=\"elementor-widget-container\">\n\t\t\t\t\t<div class=\"qodef-icon-list-item qodef-icon--icon-pack\" >\n\t<p class=\"qodef-e-title\" >\n\t\t\t\t\t<a itemprop=\"url\" href=\"mailto:%20info@oleantis.com\" target=\"_self\">\n\t\t\t\t\t<span class=\"qodef-e-title-inner\">\n\t\t\t\t<span class=\"qodef-shortcode qodef-m qodef-icon-holder qodef-layout--normal\"  >\t        <span class=\"qodef-icon-linear-icons lnr-envelope lnr qodef-icon qodef-e\" style=\"color: #68745C;font-size: 18px\" ><\/span>    <\/span>\t\t\t\t<span class=\"qodef-e-title-text\">info@oleantis.com<\/span>\n\t\t\t<\/span>\n\t\t\t\t\t<\/a>\n\t\t\t<\/p>\n<\/div>\t\t\t\t<\/div>\n\t\t\t\t<\/div>\n\t\t\t\t\t<\/div>\n\t\t<\/div>\n\t\t\t\t<div class=\"elementor-column elementor-col-50 elementor-top-column elementor-element elementor-element-55f23fc\" data-id=\"55f23fc\" data-element_type=\"column\" data-e-type=\"column\">\n\t\t\t<div class=\"elementor-widget-wrap elementor-element-populated\">\n\t\t\t\t\t\t<div class=\"elementor-element elementor-element-64cbec7a elementor-widget elementor-widget-wp-widget-sante_core_contact_form_7\" data-id=\"64cbec7a\" data-element_type=\"widget\" data-e-type=\"widget\" data-widget_type=\"wp-widget-sante_core_contact_form_7.default\">\n\t\t\t\t<div class=\"elementor-widget-container\">\n\t\t\t\t\t\t\t\t<div class=\"qodef-contact-form-7\">\n\t\t\t\t\n<div class=\"wpcf7 no-js\" id=\"wpcf7-f6964-o1\" lang=\"fr-FR\" dir=\"ltr\" data-wpcf7-id=\"6964\">\n<div class=\"screen-reader-response\"><p role=\"status\" aria-live=\"polite\" aria-atomic=\"true\"><\/p> <ul><\/ul><\/div>\n<form action=\"\/fr\/wp-json\/wp\/v2\/pages\/6006#wpcf7-f6964-o1\" method=\"post\" class=\"wpcf7-form init\" aria-label=\"Formulaire de contact\" novalidate=\"novalidate\" data-status=\"init\">\n<fieldset class=\"hidden-fields-container\"><input type=\"hidden\" name=\"_wpcf7\" value=\"6964\" \/><input type=\"hidden\" name=\"_wpcf7_version\" value=\"6.1.5\" \/><input type=\"hidden\" name=\"_wpcf7_locale\" value=\"fr_FR\" \/><input type=\"hidden\" name=\"_wpcf7_unit_tag\" value=\"wpcf7-f6964-o1\" \/><input type=\"hidden\" name=\"_wpcf7_container_post\" value=\"0\" \/><input type=\"hidden\" name=\"_wpcf7_posted_data_hash\" value=\"\" \/>\n<\/fieldset>\n<div class=\"qodef-contact-form qodef-form\">\n     <div class=\"qodef-newsletter-form-input\"><span class=\"wpcf7-form-control-wrap\" data-name=\"your-name\"><input size=\"40\" maxlength=\"400\" class=\"wpcf7-form-control wpcf7-text wpcf7-validates-as-required\" aria-required=\"true\" aria-invalid=\"false\" placeholder=\"Nom\" value=\"\" type=\"text\" name=\"your-name\" \/><\/span><\/div>\n     <div class=\"qodef-newsletter-form-input\"><span class=\"wpcf7-form-control-wrap\" data-name=\"your-email\"><input size=\"40\" maxlength=\"400\" class=\"wpcf7-form-control wpcf7-email wpcf7-validates-as-required wpcf7-text wpcf7-validates-as-email\" aria-required=\"true\" aria-invalid=\"false\" placeholder=\"E-mail\" value=\"\" type=\"email\" name=\"your-email\" \/><\/span><\/div>\n     <div class=\"qodef-newsletter-form-textarea\"><span class=\"wpcf7-form-control-wrap\" data-name=\"your-message\"><textarea cols=\"40\" rows=\"10\" maxlength=\"2000\" class=\"wpcf7-form-control wpcf7-textarea wpcf7-validates-as-required\" aria-required=\"true\" aria-invalid=\"false\" placeholder=\"Message...\" name=\"your-message\"><\/textarea><\/span><\/div>\n     <div class=\"qodef-newsletter-form-submit\"><button class=\"wpcf7-form-control wpcf7-submit qodef-button qodef-size--normal qodef-layout--outlined qodef-html--link qodef-m\" type=\"submit\"><span class=\"qodef-button-outlined-wrapper\"><span class=\"qodef-m-text\">Envoyer<\/span><\/span><span class=\"qodef-outlined-button-background\"><\/span><\/button><\/div>\n<\/div><div class=\"wpcf7-response-output\" aria-hidden=\"true\"><\/div>\n<\/form>\n<\/div>\n\t\t\t<\/div>\n\t\t\t\t\t\t\t<\/div>\n\t\t\t\t<\/div>\n\t\t\t\t\t<\/div>\n\t\t<\/div>\n\t\t\t\t\t<\/div>\n\t\t<\/section>\n\t\t\t\t<section class=\"elementor-section elementor-top-section elementor-element elementor-element-d562a2e elementor-section-full_width qodef-parallax-button elementor-section-height-default elementor-section-height-default qodef-elementor-content-no\" data-id=\"d562a2e\" data-element_type=\"section\" data-e-type=\"section\">\n\t\t\t\t\t\t<div class=\"elementor-container elementor-column-gap-default\">\n\t\t\t\t\t<div class=\"elementor-column elementor-col-100 elementor-top-column elementor-element elementor-element-21980c4\" data-id=\"21980c4\" data-element_type=\"column\" data-e-type=\"column\">\n\t\t\t<div class=\"elementor-widget-wrap elementor-element-populated\">\n\t\t\t\t\t\t<div class=\"elementor-element elementor-element-1410070 elementor-widget__width-initial elementor-widget elementor-widget-sante_core_instagram_list\" data-id=\"1410070\" data-element_type=\"widget\" data-e-type=\"widget\" data-widget_type=\"sante_core_instagram_list.default\">\n\t\t\t\t<div class=\"elementor-widget-container\">\n\t\t\t\t\t<div class=\"qodef-shortcode qodef-m qodef-swiper-fix qodef-instagram-list qodef-instagram-columns\">\n\t\n<div id=\"sb_instagram\"  class=\"sbi sbi_mob_col_1 sbi_tab_col_2 sbi_col_4 sbi_width_resp\"\t data-feedid=\"*1\"  data-res=\"auto\" data-cols=\"4\" data-colsmobile=\"1\" data-colstablet=\"2\" data-num=\"4\" data-nummobile=\"3\" data-item-padding=\"0\"\t data-shortcode-atts=\"{&quot;feed&quot;:&quot;1&quot;}\"  data-postid=\"6006\" data-locatornonce=\"56ca40d47a\" data-imageaspectratio=\"1:1\" data-sbi-flags=\"favorLocal,ajaxPostLoad\">\n\t\n\t<div id=\"sbi_images\" >\n\t\t\t<\/div>\n\n\t<div id=\"sbi_load\" >\n\n\t\n\t\n<\/div>\n\t\t<span class=\"sbi_resized_image_data\" data-feed-id=\"*1\"\n\t\t  data-resized=\"[]\">\n\t<\/span>\n\t<\/div>\n\n<script type=\"text\/javascript\">var sb_instagram_js_options = {\"font_method\":\"svg\",\"placeholder\":\"https:\\\/\\\/oleantis.com\\\/wp-content\\\/plugins\\\/instagram-feed\\\/img\\\/placeholder.png\",\"resized_url\":\"https:\\\/\\\/oleantis.com\\\/wp-content\\\/uploads\\\/sb-instagram-feed-images\\\/\",\"ajax_url\":\"https:\\\/\\\/oleantis.com\\\/wp-admin\\\/admin-ajax.php\"};<\/script><script type='text\/javascript' src='https:\/\/oleantis.com\/wp-content\/plugins\/instagram-feed\/js\/sbi-scripts.min.js?ver=6.10.1'><\/script><\/div>\n\t\t\t\t<\/div>\n\t\t\t\t<\/div>\n\t\t\t\t<div class=\"elementor-element elementor-element-acf0d13 elementor-widget elementor-widget-spacer\" data-id=\"acf0d13\" data-element_type=\"widget\" data-e-type=\"widget\" data-widget_type=\"spacer.default\">\n\t\t\t\t\t\t\t<div class=\"elementor-spacer\">\n\t\t\t<div class=\"elementor-spacer-inner\"><\/div>\n\t\t<\/div>\n\t\t\t\t\t\t<\/div>\n\t\t\t\t\t<\/div>\n\t\t<\/div>\n\t\t\t\t\t<\/div>\n\t\t<\/section>\n\t\t\t\t<\/div>\n\t\t","protected":false},"excerpt":{"rendered":"<p>Contactez-nous Vous voulez en savoir plus ou simplement discuter de nos huiles ? \u00c9crivez-nous, nous serons ravis de vous lire et de vous aider dans ce dont vous avez besoin.Escr\u00edbenos, nos encantar\u00e1 leerte y ayudarte en lo que necesites. C\/ Subirans n\u00ba 7, Local 1 &#8211; 04400 Alhama de Almer\u00eda, Almer\u00eda &#8211; ESPAGNE Du lundi [&hellip;]<\/p>\n","protected":false},"author":1,"featured_media":0,"parent":0,"menu_order":0,"comment_status":"closed","ping_status":"closed","template":"page-full-width.php","meta":{"footnotes":""},"class_list":["post-6006","page","type-page","status-publish","hentry"],"aioseo_notices":[],"jetpack_sharing_enabled":true,"_links":{"self":[{"href":"https:\/\/oleantis.com\/fr\/wp-json\/wp\/v2\/pages\/6006","targetHints":{"allow":["GET"]}}],"collection":[{"href":"https:\/\/oleantis.com\/fr\/wp-json\/wp\/v2\/pages"}],"about":[{"href":"https:\/\/oleantis.com\/fr\/wp-json\/wp\/v2\/types\/page"}],"author":[{"embeddable":true,"href":"https:\/\/oleantis.com\/fr\/wp-json\/wp\/v2\/users\/1"}],"replies":[{"embeddable":true,"href":"https:\/\/oleantis.com\/fr\/wp-json\/wp\/v2\/comments?post=6006"}],"version-history":[{"count":10,"href":"https:\/\/oleantis.com\/fr\/wp-json\/wp\/v2\/pages\/6006\/revisions"}],"predecessor-version":[{"id":6985,"href":"https:\/\/oleantis.com\/fr\/wp-json\/wp\/v2\/pages\/6006\/revisions\/6985"}],"wp:attachment":[{"href":"https:\/\/oleantis.com\/fr\/wp-json\/wp\/v2\/media?parent=6006"}],"curies":[{"name":"wp","href":"https:\/\/api.w.org\/{rel}","templated":true}]}}