{"id":6016,"date":"2025-08-07T14:47:48","date_gmt":"2025-08-07T12:47:48","guid":{"rendered":"https:\/\/oleantis.com\/oleantis\/"},"modified":"2025-10-02T12:01:11","modified_gmt":"2025-10-02T10:01:11","slug":"oleantis","status":"publish","type":"page","link":"https:\/\/oleantis.com\/fr\/oleantis\/","title":{"rendered":"Oleantis"},"content":{"rendered":"\t\t<div data-elementor-type=\"wp-page\" data-elementor-id=\"6016\" class=\"elementor elementor-6016 elementor-5746\">\n\t\t\t\t\n\n\t\t<section class=\"elementor-section elementor-top-section elementor-element elementor-element-6109f94 elementor-section-full_width qodef-elementor-content-grid elementor-section-stretched elementor-section-height-default elementor-section-height-default\" data-id=\"6109f94\" data-element_type=\"section\" data-e-type=\"section\" data-settings=\"{&quot;stretch_section&quot;:&quot;section-stretched&quot;,&quot;background_background&quot;:&quot;classic&quot;}\">\n\t\t\t\t\t\t<div class=\"elementor-container elementor-column-gap-default\">\n\t\t\t\t\t<div class=\"elementor-column elementor-col-50 elementor-top-column elementor-element elementor-element-6bc3c66\" data-id=\"6bc3c66\" data-element_type=\"column\" data-e-type=\"column\">\n\t\t\t<div class=\"elementor-widget-wrap elementor-element-populated\">\n\t\t\t\t\t\t<div class=\"elementor-element elementor-element-6a0b745 elementor-widget elementor-widget-sante_core_section_title\" data-id=\"6a0b745\" data-element_type=\"widget\" data-e-type=\"widget\" data-widget_type=\"sante_core_section_title.default\">\n\t\t\t\t<div class=\"elementor-widget-container\">\n\t\t\t\t\t<div class=\"qodef-shortcode qodef-m qodef-section-title qodef-alignment--left qodef-st--caption\">\n\t\t    <span class=\"qodef-m-caption\" style=\"margin: 0 0 4px 0\">Naturel et Original<\/span>\n\t\t<h2 class=\"qodef-m-title\" >\n\t\t\t\t\tNotre philosophie\t\t\t<\/h2>\n\t\t<p class=\"qodef-m-text\" style=\"margin: 8px 0 0 0\">Oleantis est n\u00e9e de notre exp\u00e9rience dans le monde des huiles essentielles, des huiles v\u00e9g\u00e9tales et des hydrolats, qui nous a permis de d\u00e9couvrir et d\u2019appr\u00e9cier les nombreaux bienfaits et propri\u00e9t\u00e9s des plantes, et nous offre d\u00e9sormais l\u2019opportunit\u00e9 de les partager avec nos clients.&quot;\n<\/p>\n\t    <div class=\"qodef-e-st-button\">\n        <a class=\"qodef-shortcode qodef-m qodef-button qodef-layout--outlined qodef-html--link\" href=\"https:\/\/oleantis.com\/wp-content\/uploads\/2025\/10\/OLEANTIS_DOSSIER_FR.pdf\" target=\"_blank\"  style=\"margin: -4px 0 0 0\">    <div class=\"qodef-button-outlined-wrapper\" >        <span class=\"qodef-m-text\">En savoir plus<\/span>    <\/div>    <span class=\"qodef-outlined-button-background\" ><\/span><\/a>    <\/div>\n\t<\/div>\t\t\t\t<\/div>\n\t\t\t\t<\/div>\n\t\t\t\t\t<\/div>\n\t\t<\/div>\n\t\t\t\t<div class=\"elementor-column elementor-col-50 elementor-top-column elementor-element elementor-element-afba9fb\" data-id=\"afba9fb\" data-element_type=\"column\" data-e-type=\"column\">\n\t\t\t<div class=\"elementor-widget-wrap elementor-element-populated\">\n\t\t\t\t\t\t<div class=\"elementor-element elementor-element-7ab5720 elementor-widget elementor-widget-sante_core_accordion\" data-id=\"7ab5720\" data-element_type=\"widget\" data-e-type=\"widget\" data-widget_type=\"sante_core_accordion.default\">\n\t\t\t\t<div class=\"elementor-widget-container\">\n\t\t\t\t\t<div class=\"qodef-shortcode qodef-m qodef-accordion clear qodef-behavior--accordion qodef-layout--simple\">\n\t<h5 class=\"qodef-accordion-title\">\n\t<span class=\"qodef-tab-title\">\n\t\tNuestro Objetivo\t<\/span>\n\t<span class=\"qodef-accordion-mark\">\n\t\t<span class=\"qodef-icon--chevron\"><span class=\"qodef-icon-linear-icons lnr-chevron-down lnr\" ><\/span><\/span>\n\t<\/span>\n<\/h5>\n<div class=\"qodef-accordion-content\">\n\t<div class=\"qodef-accordion-content-inner\">\n\t\t<p>El objetivo de <strong>Oleantis<\/strong> es la excelencia, nuestros aceites e hidrolatos est\u00e1n avalados por an\u00e1lisis de laboratorio, garantizando su trazabilidad y pureza, seleccion\u00e1ndolos en origen por sus propiedades y ofreciendo productos 100% puros y ecol\u00f3gicos.<\/p>\t<\/div>\n<\/div><h5 class=\"qodef-accordion-title\">\n\t<span class=\"qodef-tab-title\">\n\t\tNuestra manera de trabajar\t<\/span>\n\t<span class=\"qodef-accordion-mark\">\n\t\t<span class=\"qodef-icon--chevron\"><span class=\"qodef-icon-linear-icons lnr-chevron-down lnr\" ><\/span><\/span>\n\t<\/span>\n<\/h5>\n<div class=\"qodef-accordion-content\">\n\t<div class=\"qodef-accordion-content-inner\">\n\t\t<p>Trabajamos de manera artesanal para ofrecer un producto genuino, cuidadosamente elegido en su lugar de origen, un verdadero regalo de la naturaleza.<\/p>\t<\/div>\n<\/div><h5 class=\"qodef-accordion-title\">\n\t<span class=\"qodef-tab-title\">\n\t\tNuestra esencia\t<\/span>\n\t<span class=\"qodef-accordion-mark\">\n\t\t<span class=\"qodef-icon--chevron\"><span class=\"qodef-icon-linear-icons lnr-chevron-down lnr\" ><\/span><\/span>\n\t<\/span>\n<\/h5>\n<div class=\"qodef-accordion-content\">\n\t<div class=\"qodef-accordion-content-inner\">\n\t\t<p>Comprometidas con el respeto y cuidado del medio ambiente, la sostenibilidad y la biodiversidad.<\/p>\t<\/div>\n<\/div><h5 class=\"qodef-accordion-title\">\n\t<span class=\"qodef-tab-title\">\n\t\tNuestro impulso\t<\/span>\n\t<span class=\"qodef-accordion-mark\">\n\t\t<span class=\"qodef-icon--chevron\"><span class=\"qodef-icon-linear-icons lnr-chevron-down lnr\" ><\/span><\/span>\n\t<\/span>\n<\/h5>\n<div class=\"qodef-accordion-content\">\n\t<div class=\"qodef-accordion-content-inner\">\n\t\t<p>Oleantis es el impulso que nos lleva a la b\u00fasqueda cont\u00ednua de lo natural y original.<\/p>\t<\/div>\n<\/div><\/div>\t\t\t\t<\/div>\n\t\t\t\t<\/div>\n\t\t\t\t\t<\/div>\n\t\t<\/div>\n\t\t\t\t\t<\/div>\n\t\t<\/section>\n\t\t\t\t<section class=\"elementor-section elementor-top-section elementor-element elementor-element-8e3715a elementor-section-boxed elementor-section-height-default elementor-section-height-default qodef-elementor-content-no\" data-id=\"8e3715a\" data-element_type=\"section\" data-e-type=\"section\">\n\t\t\t\t\t\t<div class=\"elementor-container elementor-column-gap-default\">\n\t\t\t\t\t<div class=\"elementor-column elementor-col-100 elementor-top-column elementor-element elementor-element-b919203\" data-id=\"b919203\" data-element_type=\"column\" data-e-type=\"column\">\n\t\t\t<div class=\"elementor-widget-wrap elementor-element-populated\">\n\t\t\t\t\t\t<div class=\"elementor-element elementor-element-efd49da elementor-widget__width-initial elementor-widget elementor-widget-sante_core_section_title\" data-id=\"efd49da\" data-element_type=\"widget\" data-e-type=\"widget\" data-widget_type=\"sante_core_section_title.default\">\n\t\t\t\t<div class=\"elementor-widget-container\">\n\t\t\t\t\t<div class=\"qodef-shortcode qodef-m qodef-section-title qodef-alignment--center qodef--has-appear\">\n\t\t\t\t<h2 class=\"qodef-m-title\" >\n\t\t\t\t\tNotre fa\u00e7on de travailler\t\t\t<\/h2>\n\t\t\t<\/div>\t\t\t\t<\/div>\n\t\t\t\t<\/div>\n\t\t\t\t<div class=\"elementor-element elementor-element-59e3861 elementor-widget elementor-widget-text-editor\" data-id=\"59e3861\" data-element_type=\"widget\" data-e-type=\"widget\" data-widget_type=\"text-editor.default\">\n\t\t\t\t\t\t\t\t\t<h6 style=\"text-align: center;\">De la source \u00e0 vos mains, nous garantissons qualit\u00e9, transparence et engagement envers le bien-\u00eatre naturel<\/h6>\t\t\t\t\t\t\t\t<\/div>\n\t\t\t\t\t<\/div>\n\t\t<\/div>\n\t\t\t\t\t<\/div>\n\t\t<\/section>\n\t\t<div class=\"elementor-element elementor-element-409e73e e-flex e-con-boxed qodef-elementor-content-no e-con e-parent\" data-id=\"409e73e\" data-element_type=\"container\" data-e-type=\"container\">\n\t\t\t\t\t<div class=\"e-con-inner\">\n\t\t\t\t<div class=\"elementor-element elementor-element-d6dbeb5 elementor-widget-divider--view-line elementor-widget elementor-widget-divider\" data-id=\"d6dbeb5\" data-element_type=\"widget\" data-e-type=\"widget\" data-widget_type=\"divider.default\">\n\t\t\t\t\t\t\t<div class=\"elementor-divider\">\n\t\t\t<span class=\"elementor-divider-separator\">\n\t\t\t\t\t\t<\/span>\n\t\t<\/div>\n\t\t\t\t\t\t<\/div>\n\t\t\t\t\t<\/div>\n\t\t\t\t<\/div>\n\t\t<div class=\"elementor-element elementor-element-2eb913a e-flex e-con-boxed qodef-elementor-content-no e-con e-parent\" data-id=\"2eb913a\" data-element_type=\"container\" data-e-type=\"container\">\n\t\t\t\t\t<div class=\"e-con-inner\">\n\t\t\t\t<div class=\"elementor-element elementor-element-0badea8 elementor-widget elementor-widget-sante_core_workflow\" data-id=\"0badea8\" data-element_type=\"widget\" data-e-type=\"widget\" data-widget_type=\"sante_core_workflow.default\">\n\t\t\t\t<div class=\"elementor-widget-container\">\n\t\t\t\t\t<div class=\"qodef-shortcode qodef-m qodef-workflow qodef-workflow-animate\">\r\n\t<span class=\"main-line\" ><\/span>\r\n\r\n            <div class=\"qodef-workflow-item\">\r\n            <span class=\"line\"><\/span>\r\n\t\t                    <span class=\"circle\">\r\n                    1                <\/span>\r\n                <span class=\"circle-background\"><\/span>\r\n                <span class=\"circle-cover\"><\/span>\r\n\t\t    \r\n            <div class=\"qodef-workflow-item-inner  reverse\">\r\n                <div class=\"qodef-workflow-image\">\r\n                    <div class=\"qodef-workflow-label-image\">\r\n                                            <\/div>\r\n                    <div class=\"qodef-workflow-image-inner\">\r\n\t\t\t\t\t    <img fetchpriority=\"high\" decoding=\"async\" width=\"800\" height=\"800\" src=\"https:\/\/oleantis.com\/wp-content\/uploads\/2025\/08\/Work-flow-1.png\" class=\"attachment-full size-full\" alt=\"\" srcset=\"https:\/\/oleantis.com\/wp-content\/uploads\/2025\/08\/Work-flow-1.png 800w, https:\/\/oleantis.com\/wp-content\/uploads\/2025\/08\/Work-flow-1-300x300.png 300w, https:\/\/oleantis.com\/wp-content\/uploads\/2025\/08\/Work-flow-1-150x150.png 150w, https:\/\/oleantis.com\/wp-content\/uploads\/2025\/08\/Work-flow-1-768x768.png 768w, https:\/\/oleantis.com\/wp-content\/uploads\/2025\/08\/Work-flow-1-650x650.png 650w, https:\/\/oleantis.com\/wp-content\/uploads\/2025\/08\/Work-flow-1-600x600.png 600w, https:\/\/oleantis.com\/wp-content\/uploads\/2025\/08\/Work-flow-1-100x100.png 100w\" sizes=\"(max-width: 800px) 100vw, 800px\" \/>\t\t\t\t\t                                                            <a class=\"qodef-workflow-custom-link\" itemprop=\"url\" href=\"#\" target=\"_self\"><\/a>\r\n\t\t\t\t\t                        <\/div>\r\n                <\/div>\r\n                                <div class=\"qodef-workflow-text\">\r\n\r\n                    <div class=\"qodef-shortcode qodef-m qodef-section-title qodef-alignment--right qodef-st--caption\">\t\t    <span class=\"qodef-m-caption\" >D\u00e9couvrir l\u2019origine<\/span>\t\t<h2 class=\"qodef-m-title\" >\t\t\t\t\tNous explorons le monde \u00e0 la recherche de l'essence la plus originale.\t\t\t<\/h2>\t\t\t    <div class=\"qodef-st-underline\">        <span class=\"qodef-st-underline-line\" ><\/span>    <\/div><\/div>\r\n                    <p class=\"qodef-m-text\" style=\"padding: 0 0 0 80px\">Notre mission est claire : explorer sans limites, d\u00e9couvrir l&#039;extraordinaire et vous offrir des produits uniques, introuvables ailleurs. Parce que nous croyons que l\u2019authentique n\u2019a pas de fronti\u00e8res, nous parcourons le monde \u00e0 la recherche du plus exclusif, l\u00e0 o\u00f9 peu de gens regardent et o\u00f9 beaucoup r\u00eavent d\u2019arriver \n<\/p>\r\n\r\n                <\/div>\r\n            <\/div>\r\n        <\/div>\r\n            <div class=\"qodef-workflow-item\">\r\n            <span class=\"line\"><\/span>\r\n\t\t                    <span class=\"circle\">\r\n                    2                <\/span>\r\n                <span class=\"circle-background\"><\/span>\r\n                <span class=\"circle-cover\"><\/span>\r\n\t\t    \r\n            <div class=\"qodef-workflow-item-inner \">\r\n                <div class=\"qodef-workflow-image\">\r\n                    <div class=\"qodef-workflow-label-image\">\r\n                        <img decoding=\"async\" width=\"91\" height=\"93\" src=\"https:\/\/oleantis.com\/wp-content\/uploads\/2020\/10\/workflow-label.png\" class=\"attachment-full size-full\" alt=\"d\" \/>                    <\/div>\r\n                    <div class=\"qodef-workflow-image-inner\">\r\n\t\t\t\t\t    <img decoding=\"async\" width=\"800\" height=\"800\" src=\"https:\/\/oleantis.com\/wp-content\/uploads\/2025\/08\/Work-flow-2.png\" class=\"attachment-full size-full\" alt=\"\" srcset=\"https:\/\/oleantis.com\/wp-content\/uploads\/2025\/08\/Work-flow-2.png 800w, https:\/\/oleantis.com\/wp-content\/uploads\/2025\/08\/Work-flow-2-300x300.png 300w, https:\/\/oleantis.com\/wp-content\/uploads\/2025\/08\/Work-flow-2-150x150.png 150w, https:\/\/oleantis.com\/wp-content\/uploads\/2025\/08\/Work-flow-2-768x768.png 768w, https:\/\/oleantis.com\/wp-content\/uploads\/2025\/08\/Work-flow-2-650x650.png 650w, https:\/\/oleantis.com\/wp-content\/uploads\/2025\/08\/Work-flow-2-600x600.png 600w, https:\/\/oleantis.com\/wp-content\/uploads\/2025\/08\/Work-flow-2-100x100.png 100w\" sizes=\"(max-width: 800px) 100vw, 800px\" \/>\t\t\t\t\t                                                            <a class=\"qodef-workflow-custom-link\" itemprop=\"url\" href=\"#\" target=\"_self\"><\/a>\r\n\t\t\t\t\t                        <\/div>\r\n                <\/div>\r\n                                <div class=\"qodef-workflow-text\">\r\n\r\n                    <div class=\"qodef-shortcode qodef-m qodef-section-title qodef-alignment--left qodef-st--caption\">\t\t    <span class=\"qodef-m-caption\" >Garantir l\u2019excellence<\/span>\t\t<h2 class=\"qodef-m-title\" >\t\t\t\t\tNous analysons avec pr\u00e9cision pour atteindre un standard plus \u00e9lev\u00e9\t\t\t<\/h2>\t\t\t    <div class=\"qodef-st-underline\">        <span class=\"qodef-st-underline-line\" ><\/span>    <\/div><\/div>\r\n                    <p class=\"qodef-m-text\" style=\"padding: 0 70px 0 0\">De l&#039;id\u00e9e initiale au produit final, nous prenons soin de chaque \u00e9tape avec rigueur, passion et professionnalisme. Nous ne cherchons pas seulement \u00e0 r\u00e9pondre aux attentes, mais \u00e0 les d\u00e9passer, car pour nous, l\u2019excellence n\u2019est pas un objectif, c\u2019est une fa\u00e7on de faire les choses \n<\/p>\r\n\r\n                <\/div>\r\n            <\/div>\r\n        <\/div>\r\n            <div class=\"qodef-workflow-item\">\r\n            <span class=\"line\"><\/span>\r\n\t\t                    <span class=\"circle\">\r\n                    3                <\/span>\r\n                <span class=\"circle-background\"><\/span>\r\n                <span class=\"circle-cover\"><\/span>\r\n\t\t    \r\n            <div class=\"qodef-workflow-item-inner  reverse\">\r\n                <div class=\"qodef-workflow-image\">\r\n                    <div class=\"qodef-workflow-label-image\">\r\n                                            <\/div>\r\n                    <div class=\"qodef-workflow-image-inner\">\r\n\t\t\t\t\t    <img loading=\"lazy\" decoding=\"async\" width=\"800\" height=\"800\" src=\"https:\/\/oleantis.com\/wp-content\/uploads\/2025\/08\/Work-flow-3.png\" class=\"attachment-full size-full\" alt=\"\" srcset=\"https:\/\/oleantis.com\/wp-content\/uploads\/2025\/08\/Work-flow-3.png 800w, https:\/\/oleantis.com\/wp-content\/uploads\/2025\/08\/Work-flow-3-300x300.png 300w, https:\/\/oleantis.com\/wp-content\/uploads\/2025\/08\/Work-flow-3-150x150.png 150w, https:\/\/oleantis.com\/wp-content\/uploads\/2025\/08\/Work-flow-3-768x768.png 768w, https:\/\/oleantis.com\/wp-content\/uploads\/2025\/08\/Work-flow-3-650x650.png 650w, https:\/\/oleantis.com\/wp-content\/uploads\/2025\/08\/Work-flow-3-600x600.png 600w, https:\/\/oleantis.com\/wp-content\/uploads\/2025\/08\/Work-flow-3-100x100.png 100w\" sizes=\"(max-width: 800px) 100vw, 800px\" \/>\t\t\t\t\t                                                            <a class=\"qodef-workflow-custom-link\" itemprop=\"url\" href=\"#\" target=\"_self\"><\/a>\r\n\t\t\t\t\t                        <\/div>\r\n                <\/div>\r\n                                <div class=\"qodef-workflow-text\">\r\n\r\n                    <div class=\"qodef-shortcode qodef-m qodef-section-title qodef-alignment--right qodef-st--caption\">\t\t    <span class=\"qodef-m-caption\" >Offrir le meilleur<\/span>\t\t<h2 class=\"qodef-m-title\" >\t\t\t\t\tNotre priorit\u00e9 : offrir des produits de la plus haute qualit\u00e9\t\t\t<\/h2>\t\t\t    <div class=\"qodef-st-underline\">        <span class=\"qodef-st-underline-line\" ><\/span>    <\/div><\/div>\r\n                    <p class=\"qodef-m-text\" style=\"padding: 0 0 0 80px\">Chaque d\u00e9tail compte. De la s\u00e9lection des mati\u00e8res premi\u00e8res au processus final, nous travaillons avec d\u00e9vouement et rigueur pour offrir un produit qui d\u00e9passe toutes les attentes. Nous croyons que la qualit\u00e9 n\u2019est pas seulement une norme, mais une promesse qui se refl\u00e8te dans tout ce que nous faisons.  \n<\/p>\r\n\r\n                <\/div>\r\n            <\/div>\r\n        <\/div>\r\n    <\/div>\r\n\t\t\t\t<\/div>\n\t\t\t\t<\/div>\n\t\t\t\t\t<\/div>\n\t\t\t\t<\/div>\n\t\t\t\t<section class=\"elementor-section elementor-top-section elementor-element elementor-element-aded5b0 elementor-section-boxed elementor-section-height-default elementor-section-height-default qodef-elementor-content-no\" data-id=\"aded5b0\" data-element_type=\"section\" data-e-type=\"section\">\n\t\t\t\t\t\t<div class=\"elementor-container elementor-column-gap-default\">\n\t\t\t\t\t<div class=\"elementor-column elementor-col-100 elementor-top-column elementor-element elementor-element-9a15d34\" data-id=\"9a15d34\" data-element_type=\"column\" data-e-type=\"column\">\n\t\t\t<div class=\"elementor-widget-wrap elementor-element-populated\">\n\t\t\t\t\t\t<div class=\"elementor-element elementor-element-6263df8 elementor-widget__width-initial elementor-widget elementor-widget-sante_core_section_title\" data-id=\"6263df8\" data-element_type=\"widget\" data-e-type=\"widget\" data-widget_type=\"sante_core_section_title.default\">\n\t\t\t\t<div class=\"elementor-widget-container\">\n\t\t\t\t\t<div class=\"qodef-shortcode qodef-m qodef-section-title qodef-alignment--center qodef--has-appear\">\n\t\t\t\t<h2 class=\"qodef-m-title\" >\n\t\t\t\t\tL'\u00e9quipe Oleantis\t\t\t<\/h2>\n\t\t\t<\/div>\t\t\t\t<\/div>\n\t\t\t\t<\/div>\n\t\t\t\t<div class=\"elementor-element elementor-element-eb430ba elementor-widget elementor-widget-text-editor\" data-id=\"eb430ba\" data-element_type=\"widget\" data-e-type=\"widget\" data-widget_type=\"text-editor.default\">\n\t\t\t\t\t\t\t\t\t<h6 style=\"text-align: center;\">Nous unissons nos forces pour donner vie \u00e0 un nouveau projet. <span style=\"letter-spacing: 0px;\">Car les grands r\u00eaves commencent par de petits pas.<\/span><\/h6>\t\t\t\t\t\t\t\t<\/div>\n\t\t\t\t\t<\/div>\n\t\t<\/div>\n\t\t\t\t\t<\/div>\n\t\t<\/section>\n\t\t\t\t<section class=\"elementor-section elementor-top-section elementor-element elementor-element-e477865 elementor-section-full_width elementor-section-height-default elementor-section-height-default qodef-elementor-content-no\" data-id=\"e477865\" data-element_type=\"section\" data-e-type=\"section\">\n\t\t\t\t\t\t<div class=\"elementor-container elementor-column-gap-default\">\n\t\t\t\t\t<div class=\"elementor-column elementor-col-100 elementor-top-column elementor-element elementor-element-f06747f\" data-id=\"f06747f\" data-element_type=\"column\" data-e-type=\"column\">\n\t\t\t<div class=\"elementor-widget-wrap elementor-element-populated\">\n\t\t\t\t\t\t<div class=\"elementor-element elementor-element-9e8ca67 listado-equipo elementor-widget elementor-widget-sante_core_team_list\" data-id=\"9e8ca67\" data-element_type=\"widget\" data-e-type=\"widget\" data-widget_type=\"sante_core_team_list.default\">\n\t\t\t\t<div class=\"elementor-widget-container\">\n\t\t\t\t\t<div class=\"qodef-shortcode qodef-m qodef-team-list qodef-item-layout--info-below qodef-grid qodef-layout--columns qodef-gutter--medium qodef-col-num--2 qodef-item-layout--info-below qodef--no-bottom-space qodef-pagination--off qodef-responsive--custom qodef-col-num--1440--2 qodef-col-num--1366--2 qodef-col-num--1024--2 qodef-col-num--768--2 qodef-col-num--680--1 qodef-col-num--480--1\" data-options=\"{&quot;plugin&quot;:&quot;sante_core&quot;,&quot;module&quot;:&quot;post-types\\\/team\\\/shortcodes&quot;,&quot;shortcode&quot;:&quot;team-list&quot;,&quot;post_type&quot;:&quot;team&quot;,&quot;next_page&quot;:&quot;2&quot;,&quot;max_pages_num&quot;:1,&quot;behavior&quot;:&quot;columns&quot;,&quot;images_proportion&quot;:&quot;full&quot;,&quot;columns&quot;:&quot;2&quot;,&quot;columns_responsive&quot;:&quot;custom&quot;,&quot;columns_1440&quot;:&quot;2&quot;,&quot;columns_1366&quot;:&quot;2&quot;,&quot;columns_1024&quot;:&quot;2&quot;,&quot;columns_768&quot;:&quot;2&quot;,&quot;columns_680&quot;:&quot;1&quot;,&quot;columns_480&quot;:&quot;1&quot;,&quot;space&quot;:&quot;medium&quot;,&quot;posts_per_page&quot;:&quot;2&quot;,&quot;orderby&quot;:&quot;date&quot;,&quot;order&quot;:&quot;DESC&quot;,&quot;layout&quot;:&quot;info-below&quot;,&quot;title_tag&quot;:&quot;h5&quot;,&quot;pagination_type&quot;:&quot;no-pagination&quot;,&quot;object_class_name&quot;:&quot;SanteCore_Team_List_Shortcode&quot;,&quot;taxonomy_filter&quot;:&quot;team-category&quot;,&quot;additional_query_args&quot;:[],&quot;item_classes&quot;:&quot;qodef-e qodef-grid-item&quot;,&quot;space_value&quot;:20}\">\n\t\t<div class=\"qodef-grid-inner clear\">\n\t\t<div class=\"qodef-e qodef-grid-item post-5993 team type-team status-publish has-post-thumbnail hentry team-category-notre-equipe\">\n\t<div class=\"qodef-e-inner\">\n\t\t<div class=\"qodef-e-image\">\n\t\t\t\t<div class=\"qodef-e-media-image\">\n\t\t\t\t\t<img loading=\"lazy\" decoding=\"async\" width=\"1100\" height=\"1190\" src=\"https:\/\/oleantis.com\/wp-content\/uploads\/2020\/10\/ROSARIO-1.jpg\" class=\"attachment-full size-full wp-post-image\" alt=\"\" srcset=\"https:\/\/oleantis.com\/wp-content\/uploads\/2020\/10\/ROSARIO-1.jpg 1100w, https:\/\/oleantis.com\/wp-content\/uploads\/2020\/10\/ROSARIO-1-277x300.jpg 277w, https:\/\/oleantis.com\/wp-content\/uploads\/2020\/10\/ROSARIO-1-947x1024.jpg 947w, https:\/\/oleantis.com\/wp-content\/uploads\/2020\/10\/ROSARIO-1-768x831.jpg 768w, https:\/\/oleantis.com\/wp-content\/uploads\/2020\/10\/ROSARIO-1-600x649.jpg 600w\" sizes=\"(max-width: 1100px) 100vw, 1100px\" \/>\t\t\t<\/div>\n\t\t<\/div>\n\t\t<div class=\"qodef-e-content\" >\n\t\t\t\t<p class=\"qodef-e-role\">Directrice des op\u00e9rations - COO<\/p>\n\t\t\t<h5 itemprop=\"name\" class=\"qodef-e-title entry-title\" >\n\t\t\tRosario Vargas Mar\u00edn\t<\/h5>\n\t\t\t\t\t\t\t<div class=\"qodef-team-member-social-icons\">\n\t\t\t\t\t\t\t<a class=\"qodef-team-member-social-icon\" href=\"http:\/\/linkedin.com\/in\/rosario-vargas-mar\u00edn-98b9b281\" target=\"_blank\">\n\t\t\t\t\t\t<span class=\"qodef-icon-font-awesome fab fa-linkedin-in\" ><\/span>\t\t\t\t\t<\/a>\n\t\t\t\t\t\t\t\t\t\t<\/div>\n\t\t<\/div>\n\t<\/div>\n<\/div>\n<div class=\"qodef-e qodef-grid-item post-5995 team type-team status-publish has-post-thumbnail hentry team-category-notre-equipe\">\n\t<div class=\"qodef-e-inner\">\n\t\t<div class=\"qodef-e-image\">\n\t\t\t\t<div class=\"qodef-e-media-image\">\n\t\t\t\t\t<img loading=\"lazy\" decoding=\"async\" width=\"1100\" height=\"1190\" src=\"https:\/\/oleantis.com\/wp-content\/uploads\/2020\/10\/MARGA-3.jpg\" class=\"attachment-full size-full wp-post-image\" alt=\"\" srcset=\"https:\/\/oleantis.com\/wp-content\/uploads\/2020\/10\/MARGA-3.jpg 1100w, https:\/\/oleantis.com\/wp-content\/uploads\/2020\/10\/MARGA-3-277x300.jpg 277w, https:\/\/oleantis.com\/wp-content\/uploads\/2020\/10\/MARGA-3-947x1024.jpg 947w, https:\/\/oleantis.com\/wp-content\/uploads\/2020\/10\/MARGA-3-768x831.jpg 768w, https:\/\/oleantis.com\/wp-content\/uploads\/2020\/10\/MARGA-3-600x649.jpg 600w\" sizes=\"(max-width: 1100px) 100vw, 1100px\" \/>\t\t\t<\/div>\n\t\t<\/div>\n\t\t<div class=\"qodef-e-content\" >\n\t\t\t\t<p class=\"qodef-e-role\">Directrice Commerciale - CCO<\/p>\n\t\t\t<h5 itemprop=\"name\" class=\"qodef-e-title entry-title\" >\n\t\t\tMarga Garc\u00eda Pons\t<\/h5>\n\t\t\t\t\t\t\t<div class=\"qodef-team-member-social-icons\">\n\t\t\t\t\t\t\t<a class=\"qodef-team-member-social-icon\" href=\"http:\/\/linkedin.com\/in\/marga-garc\u00eda-pons-651a12268\" target=\"_blank\">\n\t\t\t\t\t\t<span class=\"qodef-icon-font-awesome fab fa-linkedin-in\" ><\/span>\t\t\t\t\t<\/a>\n\t\t\t\t\t\t\t\t\t\t<\/div>\n\t\t<\/div>\n\t<\/div>\n<\/div>\n\t<\/div>\n\t<\/div>\n\t\t\t\t<\/div>\n\t\t\t\t<\/div>\n\t\t\t\t\t<\/div>\n\t\t<\/div>\n\t\t\t\t\t<\/div>\n\t\t<\/section>\n\t\t<div class=\"elementor-element elementor-element-96deb9c e-flex e-con-boxed qodef-elementor-content-no e-con e-parent\" data-id=\"96deb9c\" data-element_type=\"container\" data-e-type=\"container\">\n\t\t\t\t\t<div class=\"e-con-inner\">\n\t\t\t\t<div class=\"elementor-element elementor-element-a8cef19 elementor-widget elementor-widget-html\" data-id=\"a8cef19\" data-element_type=\"widget\" data-e-type=\"widget\" data-widget_type=\"html.default\">\n\t\t\t\t\t<style>#qodef-page-inner{padding-top: 0px;\n<\/style>\t\t\t\t<\/div>\n\t\t\t\t\t<\/div>\n\t\t\t\t<\/div>\n\t\t\t\t<\/div>\n\t\t","protected":false},"excerpt":{"rendered":"<p>Naturel et Original Notre philosophie Oleantis est n\u00e9e de notre exp\u00e9rience dans le monde des huiles essentielles, des huiles v\u00e9g\u00e9tales et des hydrolats, qui nous a permis de d\u00e9couvrir et d\u2019appr\u00e9cier les nombreaux bienfaits et propri\u00e9t\u00e9s des plantes, et nous offre d\u00e9sormais l\u2019opportunit\u00e9 de les partager avec nos clients.&quot; En savoir plus Nuestro Objetivo El [&hellip;]<\/p>\n","protected":false},"author":1,"featured_media":5434,"parent":0,"menu_order":0,"comment_status":"closed","ping_status":"closed","template":"","meta":{"footnotes":""},"class_list":["post-6016","page","type-page","status-publish","has-post-thumbnail","hentry"],"aioseo_notices":[],"jetpack_sharing_enabled":true,"_links":{"self":[{"href":"https:\/\/oleantis.com\/fr\/wp-json\/wp\/v2\/pages\/6016","targetHints":{"allow":["GET"]}}],"collection":[{"href":"https:\/\/oleantis.com\/fr\/wp-json\/wp\/v2\/pages"}],"about":[{"href":"https:\/\/oleantis.com\/fr\/wp-json\/wp\/v2\/types\/page"}],"author":[{"embeddable":true,"href":"https:\/\/oleantis.com\/fr\/wp-json\/wp\/v2\/users\/1"}],"replies":[{"embeddable":true,"href":"https:\/\/oleantis.com\/fr\/wp-json\/wp\/v2\/comments?post=6016"}],"version-history":[{"count":8,"href":"https:\/\/oleantis.com\/fr\/wp-json\/wp\/v2\/pages\/6016\/revisions"}],"predecessor-version":[{"id":7018,"href":"https:\/\/oleantis.com\/fr\/wp-json\/wp\/v2\/pages\/6016\/revisions\/7018"}],"wp:featuredmedia":[{"embeddable":true,"href":"https:\/\/oleantis.com\/fr\/wp-json\/wp\/v2\/media\/5434"}],"wp:attachment":[{"href":"https:\/\/oleantis.com\/fr\/wp-json\/wp\/v2\/media?parent=6016"}],"curies":[{"name":"wp","href":"https:\/\/api.w.org\/{rel}","templated":true}]}}