{"id":7025,"date":"2025-09-10T16:59:57","date_gmt":"2025-09-10T14:59:57","guid":{"rendered":"https:\/\/oleantis.com\/collections\/"},"modified":"2025-10-02T12:14:28","modified_gmt":"2025-10-02T10:14:28","slug":"collections","status":"publish","type":"page","link":"https:\/\/oleantis.com\/fr\/collections\/","title":{"rendered":"Collections"},"content":{"rendered":"\t\t<div data-elementor-type=\"wp-page\" data-elementor-id=\"7025\" class=\"elementor elementor-7025 elementor-6228\">\n\t\t\t\t<div class=\"elementor-element elementor-element-7e93bdd e-flex e-con-boxed qodef-elementor-content-no e-con e-parent\" data-id=\"7e93bdd\" data-element_type=\"container\" data-e-type=\"container\">\n\t\t\t\t\t<div class=\"e-con-inner\">\n\t\t\t\t<div class=\"elementor-element elementor-element-348dd84 elementor-widget elementor-widget-image\" data-id=\"348dd84\" data-element_type=\"widget\" data-e-type=\"widget\" data-widget_type=\"image.default\">\n\t\t\t\t\t\t\t\t\t\t\t\t\t\t\t<img fetchpriority=\"high\" decoding=\"async\" width=\"1300\" height=\"650\" src=\"https:\/\/oleantis.com\/wp-content\/uploads\/2025\/09\/OLEANTIS_COLLECTIONS-1300x650.jpg\" class=\"attachment-sante_image_size_landscape size-sante_image_size_landscape wp-image-6227\" alt=\"\" \/>\t\t\t\t\t\t\t\t\t\t\t\t\t\t\t<\/div>\n\t\t\t\t\t<\/div>\n\t\t\t\t<\/div>\n\t\t<div class=\"elementor-element elementor-element-ed7d8c7 e-flex e-con-boxed qodef-elementor-content-no e-con e-parent\" data-id=\"ed7d8c7\" data-element_type=\"container\" data-e-type=\"container\">\n\t\t\t\t\t<div class=\"e-con-inner\">\n\t\t\t\t<div class=\"elementor-element elementor-element-40f9330 elementor-widget elementor-widget-heading\" data-id=\"40f9330\" data-element_type=\"widget\" data-e-type=\"widget\" data-widget_type=\"heading.default\">\n\t\t\t\t\t<h2 class=\"elementor-heading-title elementor-size-default\">Collections<\/h2>\t\t\t\t<\/div>\n\t\t\t\t\t<\/div>\n\t\t\t\t<\/div>\n\t\t<div class=\"elementor-element elementor-element-b216651 e-flex e-con-boxed qodef-elementor-content-no e-con e-parent\" data-id=\"b216651\" data-element_type=\"container\" data-e-type=\"container\">\n\t\t\t\t\t<div class=\"e-con-inner\">\n\t\t\n\n\t\t<div class=\"elementor-element elementor-element-e49930b elementor-widget elementor-widget-text-editor\" data-id=\"e49930b\" data-element_type=\"widget\" data-e-type=\"widget\" data-widget_type=\"text-editor.default\">\n\t\t\t\t\t\t\t\t\t<h4 dir=\"auto\" style=\"white-space-collapse: preserve; text-align: center;\">Des nouvelles en route !<\/h4><p dir=\"auto\" style=\"white-space-collapse: preserve; text-align: center;\">Vous trouverez bient\u00f4t sur notre site des collections th\u00e9matiques d&rsquo;huiles essentielles biologiques, des cadeaux sp\u00e9ciaux et bien plus encore.<\/p><p dir=\"auto\" style=\"white-space-collapse: preserve; text-align: center;\">Pr\u00e9parez-vous \u00e0 d\u00e9couvrir des exp\u00e9riences uniques et naturelles !<\/p>\t\t\t\t\t\t\t\t<\/div>\n\t\t\t\t\t<\/div>\n\t\t\t\t<\/div>\n\t\t\t\t<\/div>\n\t\t","protected":false},"excerpt":{"rendered":"<p>Collections Des nouvelles en route ! Vous trouverez bient\u00f4t sur notre site des collections th\u00e9matiques d&rsquo;huiles essentielles biologiques, des cadeaux sp\u00e9ciaux et bien plus encore. Pr\u00e9parez-vous \u00e0 d\u00e9couvrir des exp\u00e9riences uniques et naturelles !<\/p>\n","protected":false},"author":1,"featured_media":0,"parent":0,"menu_order":0,"comment_status":"closed","ping_status":"closed","template":"","meta":{"footnotes":""},"class_list":["post-7025","page","type-page","status-publish","hentry"],"aioseo_notices":[],"jetpack_sharing_enabled":true,"_links":{"self":[{"href":"https:\/\/oleantis.com\/fr\/wp-json\/wp\/v2\/pages\/7025","targetHints":{"allow":["GET"]}}],"collection":[{"href":"https:\/\/oleantis.com\/fr\/wp-json\/wp\/v2\/pages"}],"about":[{"href":"https:\/\/oleantis.com\/fr\/wp-json\/wp\/v2\/types\/page"}],"author":[{"embeddable":true,"href":"https:\/\/oleantis.com\/fr\/wp-json\/wp\/v2\/users\/1"}],"replies":[{"embeddable":true,"href":"https:\/\/oleantis.com\/fr\/wp-json\/wp\/v2\/comments?post=7025"}],"version-history":[{"count":2,"href":"https:\/\/oleantis.com\/fr\/wp-json\/wp\/v2\/pages\/7025\/revisions"}],"predecessor-version":[{"id":7027,"href":"https:\/\/oleantis.com\/fr\/wp-json\/wp\/v2\/pages\/7025\/revisions\/7027"}],"wp:attachment":[{"href":"https:\/\/oleantis.com\/fr\/wp-json\/wp\/v2\/media?parent=7025"}],"curies":[{"name":"wp","href":"https:\/\/api.w.org\/{rel}","templated":true}]}}