{"id":6885,"date":"2025-09-19T12:27:14","date_gmt":"2025-09-19T10:27:14","guid":{"rendered":"https:\/\/oleantis.com\/producto\/carte-cadeau\/"},"modified":"2025-09-19T12:27:14","modified_gmt":"2025-09-19T10:27:14","slug":"carte-cadeau","status":"publish","type":"product","link":"https:\/\/oleantis.com\/fr\/produit\/carte-cadeau\/","title":{"rendered":"Carte Cadeau"},"content":{"rendered":"<p data-start=\"639\" data-end=\"671\">Un cadeau naturel et original, polyvalent et toujours un excellent choix.<\/p>\n<p data-start=\"639\" data-end=\"671\">Disponible en plusieurs quantit\u00e9s.<\/p>\n<p data-start=\"674\" data-end=\"755\">Demandez-la \u00e0 <a href=\"mailto:info@oleantis.com\">info@oleantis.com<\/a><\/p>\n<p data-start=\"758\" data-end=\"819\">Livraison rapide et pratique par e-mail.<\/p>\n","protected":false},"excerpt":{"rendered":"<p data-start=\"117\" data-end=\"407\">Envie de surprendre quelqu&rsquo;un avec un cadeau naturel, unique et bien-\u00eatre ? Avec la <strong data-start=\"196\" data-end=\"223\">carte cadeau Oleantis<\/strong>, vous offrez bien plus qu&rsquo;un produit : vous offrez la libert\u00e9 de choisir parmi notre large gamme <strong data-start=\"319\" data-end=\"341\">d&rsquo;huiles essentielles<\/strong>, <strong data-start=\"343\" data-end=\"364\">d&rsquo;huiles v\u00e9g\u00e9tales<\/strong> et <strong data-start=\"367\" data-end=\"381\">d&rsquo;hydrolats<\/strong> biologiques. <\/p>\n<p data-start=\"409\" data-end=\"635\">Id\u00e9ale en toute occasion, cette carte permet \u00e0 son destinataire d&rsquo;explorer notre catalogue et de d\u00e9couvrir le pouvoir de l&rsquo;aromath\u00e9rapie, des cosm\u00e9tiques naturels et des soins personnels \u00e0 base d&rsquo;ingr\u00e9dients purs et authentiques.<\/p>\n","protected":false},"featured_media":6841,"comment_status":"open","ping_status":"closed","template":"","meta":{"jetpack_publicize_message":"","jetpack_publicize_feature_enabled":true,"jetpack_social_post_already_shared":false,"jetpack_social_options":{"image_generator_settings":{"template":"highway","default_image_id":0,"font":"","enabled":false},"version":2}},"product_brand":[],"product_cat":[243,94],"product_tag":[247],"class_list":{"0":"post-6885","1":"product","2":"type-product","3":"status-publish","4":"has-post-thumbnail","6":"product_cat-naturel","7":"product_cat-non-categorise","8":"product_tag-carte-cadeau","10":"first","11":"instock","12":"shipping-taxable","13":"product-type-simple"},"aioseo_notices":[],"jetpack_publicize_connections":[],"jetpack_sharing_enabled":true,"_links":{"self":[{"href":"https:\/\/oleantis.com\/fr\/wp-json\/wp\/v2\/product\/6885","targetHints":{"allow":["GET"]}}],"collection":[{"href":"https:\/\/oleantis.com\/fr\/wp-json\/wp\/v2\/product"}],"about":[{"href":"https:\/\/oleantis.com\/fr\/wp-json\/wp\/v2\/types\/product"}],"replies":[{"embeddable":true,"href":"https:\/\/oleantis.com\/fr\/wp-json\/wp\/v2\/comments?post=6885"}],"wp:featuredmedia":[{"embeddable":true,"href":"https:\/\/oleantis.com\/fr\/wp-json\/wp\/v2\/media\/6841"}],"wp:attachment":[{"href":"https:\/\/oleantis.com\/fr\/wp-json\/wp\/v2\/media?parent=6885"}],"wp:term":[{"taxonomy":"product_brand","embeddable":true,"href":"https:\/\/oleantis.com\/fr\/wp-json\/wp\/v2\/product_brand?post=6885"},{"taxonomy":"product_cat","embeddable":true,"href":"https:\/\/oleantis.com\/fr\/wp-json\/wp\/v2\/product_cat?post=6885"},{"taxonomy":"product_tag","embeddable":true,"href":"https:\/\/oleantis.com\/fr\/wp-json\/wp\/v2\/product_tag?post=6885"}],"curies":[{"name":"wp","href":"https:\/\/api.w.org\/{rel}","templated":true}]}}