{"id":7097,"date":"2025-09-13T19:30:59","date_gmt":"2025-09-13T17:30:59","guid":{"rendered":"https:\/\/oleantis.com\/producto\/huile-essentielle-de-tea-tree-biologique\/"},"modified":"2025-10-12T19:57:26","modified_gmt":"2025-10-12T17:57:26","slug":"huile-essentielle-de-tea-tree-biologique","status":"publish","type":"product","link":"https:\/\/oleantis.com\/fr\/produit\/huile-essentielle-de-tea-tree-biologique\/","title":{"rendered":"Huile essentielle de Tea tree biologique"},"content":{"rendered":"<h3><strong style=\"color: #777777; font-size: 15px;\">Propri\u00e9t\u00e9s<\/strong><\/h3>\n<p><strong>Physiquement<\/strong><\/p>\n<ul>\n<li>\u00b7 Antibact\u00e9rienne \u00e0 large spectre: efficace contre les infections cutan\u00e9es, l\u2019acn\u00e9, les furoncles et les plaies infect\u00e9es.<\/li>\n<li>\u00b7 Antifongique: id\u00e9al contre le pied d\u2019athl\u00e8te, les mycoses des ongles et les candidoses cutan\u00e9es.<\/li>\n<li>\u00b7 Antivirale: utile contre l\u2019herp\u00e8s, les verrues et la grippe.<\/li>\n<li>\u00b7 Antiseptique respiratoire: aide en cas de sinusite, de pharyngite et de bronchite.<\/li>\n<li>\u00b7 Immunostimulante: renforce les d\u00e9fenses de l\u2019organisme.<\/li>\n<li>\u00b7 Anti-inflammatoire et cicatrisante: favorise la r\u00e9cup\u00e9ration de la peau.<\/li>\n<li>\u00b7 R\u00e9pulsive et p\u00e9diculicide: efficace contre les poux et les parasites cutan\u00e9s.<\/li>\n<\/ul>\n<p><strong>\u00c9motionnellement et \u00e9nerg\u00e9tiquement<\/strong><\/p>\n<ul>\n<li>\u00b7 Purificateur \u00e9nerg\u00e9tique: utilis\u00e9 pour les nettoyages \u00e9nerg\u00e9tiques des environnements.<\/li>\n<li>\u00b7 Stimulant mental doux: aide \u00e0 clarifier et \u00e0 renouveler l\u2019esprit.<\/li>\n<\/ul>\n<h5><a title=\"Ficha T\u00e9cnica \u00c1rbol del T\u00e9\" href=\"https:\/\/oleantis.com\/wp-content\/uploads\/2025\/09\/OLEANTIS_FT_Melaleuca_alternifolia-1.pdf\" target=\"_blank\" rel=\"noopener\"><strong>T\u00e9l\u00e9charger la F.T<\/strong><\/a><\/h5>\n<p>Nous proposons des produits de haute qualit\u00e9, certifi\u00e9s par des analyses de laboratoire, garantissant leur tra\u00e7abilit\u00e9 et leur puret\u00e9, soigneusement s\u00e9lectionn\u00e9s \u00e0 l\u2019origine pour leurs propri\u00e9t\u00e9s.<\/p>\n<p>Si, en plus de la fiche technique, vous avez besoin d\u2019un autre document, n\u2019h\u00e9sitez pas \u00e0 nous contacter \u00e0 l\u2019adresse suivante: <a href=\"mailto:info@oleantis.com\">info@oleantis.com<\/a><\/p>\n","protected":false},"excerpt":{"rendered":"<h3><strong><em>Melaleuca alternifolia<\/em><\/strong><\/h3>\n<p>Connue pour ses puissantes propri\u00e9t\u00e9s purifiantes, c&rsquo;est une alli\u00e9e naturelle pour les soins et l&rsquo;hygi\u00e8ne de la peau. Obtenue par distillation \u00e0 la vapeur des feuilles de la plante, elle est id\u00e9ale pour traiter les imperfections, apaiser les irritations et nettoyer naturellement la maison; c&rsquo;est un puissant antiseptique naturel. Son ar\u00f4me frais et herbac\u00e9 en fait un incontournable de l&rsquo;aromath\u00e9rapie. Elle est indispensable dans toute armoire \u00e0 pharmacie naturelle gr\u00e2ce \u00e0 sa polyvalence, sa s\u00e9curit\u00e9 et son efficacit\u00e9. Elle doit son nom \u00e0 l&rsquo;explorateur James Cook, qui pr\u00e9parait une infusion avec ses feuilles, croyant qu&rsquo;il s&rsquo;agissait d&rsquo;un th\u00e9ier.    <\/p>\n<h5>Huile essentielle biologique 100% pure et naturelle.<\/h5>\n","protected":false},"featured_media":6386,"comment_status":"open","ping_status":"closed","template":"","meta":{"jetpack_publicize_message":"","jetpack_publicize_feature_enabled":true,"jetpack_social_post_already_shared":false,"jetpack_social_options":{"image_generator_settings":{"template":"highway","default_image_id":0,"font":"","enabled":false},"version":2}},"product_brand":[],"product_cat":[341,342,238,243],"product_tag":[344,343,345],"class_list":{"0":"post-7097","1":"product","2":"type-product","3":"status-publish","4":"has-post-thumbnail","6":"product_cat-body-care-fr","7":"product_cat-healthy-fr","8":"product_cat-huile-essentielle","9":"product_cat-naturel","10":"product_tag-aromatique","11":"product_tag-medicinal-fr","12":"product_tag-skincare-fr","14":"first","15":"instock","16":"featured","17":"shipping-taxable","18":"product-type-simple"},"aioseo_notices":[],"jetpack_publicize_connections":[],"jetpack_sharing_enabled":true,"_links":{"self":[{"href":"https:\/\/oleantis.com\/fr\/wp-json\/wp\/v2\/product\/7097","targetHints":{"allow":["GET"]}}],"collection":[{"href":"https:\/\/oleantis.com\/fr\/wp-json\/wp\/v2\/product"}],"about":[{"href":"https:\/\/oleantis.com\/fr\/wp-json\/wp\/v2\/types\/product"}],"replies":[{"embeddable":true,"href":"https:\/\/oleantis.com\/fr\/wp-json\/wp\/v2\/comments?post=7097"}],"wp:featuredmedia":[{"embeddable":true,"href":"https:\/\/oleantis.com\/fr\/wp-json\/wp\/v2\/media\/6386"}],"wp:attachment":[{"href":"https:\/\/oleantis.com\/fr\/wp-json\/wp\/v2\/media?parent=7097"}],"wp:term":[{"taxonomy":"product_brand","embeddable":true,"href":"https:\/\/oleantis.com\/fr\/wp-json\/wp\/v2\/product_brand?post=7097"},{"taxonomy":"product_cat","embeddable":true,"href":"https:\/\/oleantis.com\/fr\/wp-json\/wp\/v2\/product_cat?post=7097"},{"taxonomy":"product_tag","embeddable":true,"href":"https:\/\/oleantis.com\/fr\/wp-json\/wp\/v2\/product_tag?post=7097"}],"curies":[{"name":"wp","href":"https:\/\/api.w.org\/{rel}","templated":true}]}}