{"id":7098,"date":"2025-09-13T19:20:09","date_gmt":"2025-09-13T17:20:09","guid":{"rendered":"https:\/\/oleantis.com\/producto\/huile-essentielle-de-lavande-aspic-biologique\/"},"modified":"2025-10-12T19:59:29","modified_gmt":"2025-10-12T17:59:29","slug":"huile-essentielle-de-lavande-aspic-biologique","status":"publish","type":"product","link":"https:\/\/oleantis.com\/fr\/produit\/huile-essentielle-de-lavande-aspic-biologique\/","title":{"rendered":"Huile essentielle de Lavande aspic biologique"},"content":{"rendered":"<ol>\n<li><strong> Propri\u00e9t\u00e9s <br \/><\/strong><\/li>\n<\/ol>\n<p><strong>Physiquement<\/strong><\/p>\n<ul>\n<li>\u00b7 Expectorante et mucolytique: facilite l\u2019expulsion du mucus (id\u00e9al en cas de bronchite, sinusite et rhume).<\/li>\n<li>\u00b7 Antibact\u00e9rienne et antivirale: agit contre les infections respiratoires et cutan\u00e9es.<\/li>\n<li>\u00b7 Cicatrisante et antiseptique: efficace sur les plaies, br\u00fblures, coupures, acn\u00e9 et ecz\u00e9mas infect\u00e9s.<\/li>\n<li>\u00b7 Analg\u00e9sique et anti-inflammatoire: soulage les douleurs musculaires, articulaires, et les contractures.<\/li>\n<li>\u00b7 R\u00e9pulsive d&rsquo;insectes et apaisante pour les piq\u00fbres.<\/li>\n<li>\u00b7 Tonique g\u00e9n\u00e9ral doux: combat la fatigue et la faiblesse.<\/li>\n<\/ul>\n<p><strong>\u00c9motionnellement et \u00e9nerg\u00e9tiquement<\/strong><\/p>\n<ul>\n<li>\u00b7 \u00c9quilibrant: calme sans s\u00e9dation, id\u00e9al en cas d\u2019anxi\u00e9t\u00e9 avec fatigue physique.<\/li>\n<li>\u00b7 Clarifiant mental: favorise la concentration et clarifie l\u2019esprit.<\/li>\n<\/ul>\n<h5><strong><a title=\"Ficha T\u00e9cnica Alhucema-Espliego\" href=\"https:\/\/oleantis.com\/wp-content\/uploads\/2025\/09\/OLEANTIS_FT_Lavandula-latifolia.pdf\" target=\"_blank\" rel=\"noopener\">T\u00e9l\u00e9charger la F.T<\/a><\/strong><\/h5>\n<p>Nous proposons des produits de haute qualit\u00e9, certifi\u00e9s par des analyses de laboratoire, garantissant leur tra\u00e7abilit\u00e9 et leur puret\u00e9, soigneusement s\u00e9lectionn\u00e9s \u00e0 l\u2019origine pour leurs propri\u00e9t\u00e9s.<\/p>\n<p>Si, en plus de la fiche technique, vous avez besoin d\u2019un autre document, n\u2019h\u00e9sitez pas \u00e0 nous contacter \u00e0 l\u2019adresse suivante: <a href=\"mailto:info@oleantis.com\">info@oleantis.com<\/a><\/p>\n","protected":false},"excerpt":{"rendered":"<h3><em>Lavandula latifolia<\/em><\/h3>\n<p>Elle se distingue de la lavande fine par sa composition chimique, sa forte teneur en 1,8-cin\u00e9ole et en camphre, ce qui lui conf\u00e8re un profil plus stimulant, expectorant et cicatrisant. Elle est obtenue par distillation \u00e0 la vapeur d&rsquo;eau de la <br \/>partie fleurie la plus haute de la plante. Elle est particuli\u00e8rement utile pour les probl\u00e8mes respiratoires, les douleurs musculaires, les plaies infect\u00e9es et les piq\u00fbres d&rsquo;insectes. Elle \u00e9tait utilis\u00e9e dans la Rome antique pour parfumer les bains sacr\u00e9s, symbolisant la puret\u00e9 divine, et au Moyen \u00c2ge comme d\u00e9sinfectant naturel lors des \u00e9pid\u00e9mies. Son nom vient de l&rsquo;arabe et signifie \u00ab plante m\u00e9dicinale ou aromatique \u00bb.    <\/p>\n<h5>Huile essentielle biologique 100% pure et naturelle.<\/h5>\n","protected":false},"featured_media":6261,"comment_status":"open","ping_status":"closed","template":"","meta":{"jetpack_publicize_message":"","jetpack_publicize_feature_enabled":true,"jetpack_social_post_already_shared":false,"jetpack_social_options":{"image_generator_settings":{"template":"highway","default_image_id":0,"font":"","enabled":false},"version":2}},"product_brand":[],"product_cat":[341,342,238,243],"product_tag":[344,343],"class_list":{"0":"post-7098","1":"product","2":"type-product","3":"status-publish","4":"has-post-thumbnail","6":"product_cat-body-care-fr","7":"product_cat-healthy-fr","8":"product_cat-huile-essentielle","9":"product_cat-naturel","10":"product_tag-aromatique","11":"product_tag-medicinal-fr","13":"first","14":"instock","15":"featured","16":"shipping-taxable","17":"product-type-simple"},"aioseo_notices":[],"jetpack_publicize_connections":[],"jetpack_sharing_enabled":true,"_links":{"self":[{"href":"https:\/\/oleantis.com\/fr\/wp-json\/wp\/v2\/product\/7098","targetHints":{"allow":["GET"]}}],"collection":[{"href":"https:\/\/oleantis.com\/fr\/wp-json\/wp\/v2\/product"}],"about":[{"href":"https:\/\/oleantis.com\/fr\/wp-json\/wp\/v2\/types\/product"}],"replies":[{"embeddable":true,"href":"https:\/\/oleantis.com\/fr\/wp-json\/wp\/v2\/comments?post=7098"}],"wp:featuredmedia":[{"embeddable":true,"href":"https:\/\/oleantis.com\/fr\/wp-json\/wp\/v2\/media\/6261"}],"wp:attachment":[{"href":"https:\/\/oleantis.com\/fr\/wp-json\/wp\/v2\/media?parent=7098"}],"wp:term":[{"taxonomy":"product_brand","embeddable":true,"href":"https:\/\/oleantis.com\/fr\/wp-json\/wp\/v2\/product_brand?post=7098"},{"taxonomy":"product_cat","embeddable":true,"href":"https:\/\/oleantis.com\/fr\/wp-json\/wp\/v2\/product_cat?post=7098"},{"taxonomy":"product_tag","embeddable":true,"href":"https:\/\/oleantis.com\/fr\/wp-json\/wp\/v2\/product_tag?post=7098"}],"curies":[{"name":"wp","href":"https:\/\/api.w.org\/{rel}","templated":true}]}}