{"id":7099,"date":"2025-09-14T17:17:26","date_gmt":"2025-09-14T15:17:26","guid":{"rendered":"https:\/\/oleantis.com\/producto\/huile-essentielle-de-geranium-bourbon-biologique\/"},"modified":"2025-10-12T20:02:39","modified_gmt":"2025-10-12T18:02:39","slug":"huile-essentielle-de-geranium-bourbon-biologique","status":"publish","type":"product","link":"https:\/\/oleantis.com\/fr\/produit\/huile-essentielle-de-geranium-bourbon-biologique\/","title":{"rendered":"Huile essentielle de G\u00e9ranium Bourbon biologique"},"content":{"rendered":"<h5><strong>Propri\u00e9t\u00e9s<\/strong><\/h5>\n<p><strong>Physiquement<\/strong><\/p>\n<ul>\n<li>\u00b7 Tonique cutan\u00e9 et astringent: r\u00e9gule la s\u00e9cr\u00e9tion s\u00e9bac\u00e9e, id\u00e9al pour les peaux grasses, l\u2019acn\u00e9, l\u2019ecz\u00e9ma, la dermatite et les peaux matures.<\/li>\n<li>\u00b7 Cicatrisation et r\u00e9g\u00e9n\u00e9ration cellulaire: favorise la cicatrisation des plaies, des br\u00fblures l\u00e9g\u00e8res et des vergetures.<\/li>\n<li>\u00b7 Anti-inflammatoire et apaisante: soulage les irritations cutan\u00e9es, les piq\u00fbres d\u2019insectes et les rougeurs, ainsi que la dermatite, l\u2019ecz\u00e9ma, la rosac\u00e9e et le psoriasis.<\/li>\n<li>\u00b7 Antifongique et antibact\u00e9rienne: indiqu\u00e9 pour les mycoses cutan\u00e9es, l\u2019herp\u00e8s, les aphtes et la candidose.<\/li>\n<li>\u00b7 R\u00e9pulsive contre les insectes: efficace contre les moustiques et les poux.<\/li>\n<li>\u00b7 \u00c9quilibrante hormonal et nerveux: aide \u00e0 soulager les sympt\u00f4mes pr\u00e9menstruels, la m\u00e9nopause, le stress, l\u2019anxi\u00e9t\u00e9 et l\u2019insomnie.<\/li>\n<li>\u00b7 Lymphotonique: favorise la circulation et aide \u00e0 r\u00e9duire la r\u00e9tention d\u2019eau et la cellulite.<\/li>\n<\/ul>\n<p><strong>\u00c9motionnellement et \u00e9nerg\u00e9tiquement<\/strong><\/p>\n<ul>\n<li>\u00b7 \u00c9quilibrante \u00e9motionnel: antid\u00e9presseur l\u00e9ger.<\/li>\n<li>\u00b7 Apaisante en cas d\u2019irritabilit\u00e9, d\u2019anxi\u00e9t\u00e9 et de stress.<\/li>\n<li>\u00b7 Aide en cas d\u2019instabilit\u00e9 \u00e9motionnelle ou de sautes d\u2019humeur.<\/li>\n<li>\u00b7 Stimule le plaisir, la sensualit\u00e9 et la connexion \u00e9motionnelle.<\/li>\n<\/ul>\n<h5><a title=\"Ficha T\u00e9cnica Geranio Bourbon\" href=\"https:\/\/oleantis.com\/wp-content\/uploads\/2025\/09\/OLEANTIS_FT_Pelargonium-graveolens.pdf\" target=\"_blank\" rel=\"noopener\"><strong>T\u00e9l\u00e9charger la F.T<\/strong><\/a><\/h5>\n<p>Nous proposons des produits de haute qualit\u00e9, certifi\u00e9s par des analyses de laboratoire, garantissant leur tra\u00e7abilit\u00e9 et leur puret\u00e9, soigneusement s\u00e9lectionn\u00e9s \u00e0 l\u2019origine pour leurs propri\u00e9t\u00e9s.<\/p>\n","protected":false},"excerpt":{"rendered":"<h3><em>Pelargonium Graveolens<\/em><\/h3>\n<p>L&rsquo;huile essentielle de g\u00e9ranium Bourbon est une vari\u00e9t\u00e9 originaire de l&rsquo;\u00eele de La R\u00e9union (anciennement appel\u00e9e \u00eele Bourbon, situ\u00e9e en face de Madagascar). C\u2019est une huile tr\u00e8s utilis\u00e9e en aromath\u00e9rapie pour sa composition \u00e9quilibr\u00e9e et sa bonne tol\u00e9rance cutan\u00e9e. Elle est appr\u00e9ci\u00e9e pour son ar\u00f4me floral, doux et l\u00e9g\u00e8rement sucr\u00e9. Elle est obtenue par distillation \u00e0 la vapeur d&rsquo;eau de la fleur et de la feuille. Elle est utilis\u00e9e en m\u00e9decine \u00e9nerg\u00e9tique pour \u00ab nettoyer l\u2019aura \u00bb, offrir une protection \u00e9motionnelle et ouvrir le chakra du c\u0153ur.   <\/p>\n<h5>Huile essentielle biologique 100% pure et naturelle.<\/h5>\n","protected":false},"featured_media":6380,"comment_status":"open","ping_status":"closed","template":"","meta":{"jetpack_publicize_message":"","jetpack_publicize_feature_enabled":true,"jetpack_social_post_already_shared":false,"jetpack_social_options":{"image_generator_settings":{"template":"highway","default_image_id":0,"font":"","enabled":false},"version":2}},"product_brand":[],"product_cat":[347,341,346,342,238,243],"product_tag":[348,350,349,351],"class_list":{"0":"post-7099","1":"product","2":"type-product","3":"status-publish","4":"has-post-thumbnail","6":"product_cat-affronter","7":"product_cat-body-care-fr","8":"product_cat-cosmetics-fr","9":"product_cat-healthy-fr","10":"product_cat-huile-essentielle","11":"product_cat-naturel","12":"product_tag-aromatherapie","13":"product_tag-cutane","14":"product_tag-fourrure","15":"product_tag-sante","17":"first","18":"instock","19":"shipping-taxable","20":"product-type-simple"},"aioseo_notices":[],"jetpack_publicize_connections":[],"jetpack_sharing_enabled":true,"_links":{"self":[{"href":"https:\/\/oleantis.com\/fr\/wp-json\/wp\/v2\/product\/7099","targetHints":{"allow":["GET"]}}],"collection":[{"href":"https:\/\/oleantis.com\/fr\/wp-json\/wp\/v2\/product"}],"about":[{"href":"https:\/\/oleantis.com\/fr\/wp-json\/wp\/v2\/types\/product"}],"replies":[{"embeddable":true,"href":"https:\/\/oleantis.com\/fr\/wp-json\/wp\/v2\/comments?post=7099"}],"wp:featuredmedia":[{"embeddable":true,"href":"https:\/\/oleantis.com\/fr\/wp-json\/wp\/v2\/media\/6380"}],"wp:attachment":[{"href":"https:\/\/oleantis.com\/fr\/wp-json\/wp\/v2\/media?parent=7099"}],"wp:term":[{"taxonomy":"product_brand","embeddable":true,"href":"https:\/\/oleantis.com\/fr\/wp-json\/wp\/v2\/product_brand?post=7099"},{"taxonomy":"product_cat","embeddable":true,"href":"https:\/\/oleantis.com\/fr\/wp-json\/wp\/v2\/product_cat?post=7099"},{"taxonomy":"product_tag","embeddable":true,"href":"https:\/\/oleantis.com\/fr\/wp-json\/wp\/v2\/product_tag?post=7099"}],"curies":[{"name":"wp","href":"https:\/\/api.w.org\/{rel}","templated":true}]}}