{"id":7100,"date":"2025-09-14T13:30:21","date_gmt":"2025-09-14T11:30:21","guid":{"rendered":"https:\/\/oleantis.com\/producto\/huile-essentielle-de-genevrier-baies-biologique\/"},"modified":"2025-10-12T20:04:43","modified_gmt":"2025-10-12T18:04:43","slug":"huile-essentielle-de-genevrier-baies-biologique","status":"publish","type":"product","link":"https:\/\/oleantis.com\/fr\/produit\/huile-essentielle-de-genevrier-baies-biologique\/","title":{"rendered":"Huile essentielle de Gen\u00e9vrier baies biologique"},"content":{"rendered":"<h5><strong>Propri\u00e9t\u00e9s<\/strong><\/h5>\n<p><strong>Physiquement<\/strong><\/p>\n<ul>\n<li>\u00b7 Diur\u00e9tique: stimule la fonction r\u00e9nale, favorisant l&rsquo;\u00e9limination des toxines et de l&rsquo;exc\u00e8s de liquides. Tr\u00e8s utile contre la r\u00e9tention d&rsquo;eau, les \u0153d\u00e8mes et la cellulite.<\/li>\n<li>\u00b7 D\u00e9purative et d\u00e9toxifiante: aide \u00e0 purifier l&rsquo;organisme, favorisant l&rsquo;\u00e9limination de l&rsquo;acide urique et d&rsquo;autres toxines.<\/li>\n<li>\u00b7 Antiseptique: utile pour les infections urinaires, l&rsquo;acn\u00e9 et les les petites plaies.<\/li>\n<li>\u00b7 Antirhumatismal et analg\u00e9sique: soulage les douleurs musculaires et articulaires, la goutte et l&rsquo;arthrite.<\/li>\n<li>\u00b7 Digestive et carminative: stimule la digestion, r\u00e9duit les gaz et les ballonnements abdominaux.<\/li>\n<li>\u00b7 Antispasmodique: soulage les spasmes musculaires et menstruels.<\/li>\n<li>\u00b7 Astringente et purifiante pour la peau: id\u00e9al pour les peaux grasses, \u00e0 tendance acn\u00e9ique ou pr\u00e9sentant des impuret\u00e9s.<\/li>\n<\/ul>\n<p><strong>\u00c9motionnellement et \u00e9nerg\u00e9tiquement<\/strong><\/p>\n<ul>\n<li>\u00b7 Tonique \u00e9motionnel: en aromath\u00e9rapie, elle est utilis\u00e9e pour soulager le stress, l&rsquo;\u00e9puisement nerveux et l&rsquo;anxi\u00e9t\u00e9.<\/li>\n<li>\u00b7 Largement utilis\u00e9e en m\u00e9ditation ou en travail int\u00e9rieur.<\/li>\n<\/ul>\n<h5><a title=\"Ficha T\u00e9cnica Alhucema-Espliego\" href=\"https:\/\/oleantis.com\/wp-content\/uploads\/2025\/09\/OLEANTIS_FT_Juniperus-communis.pdf\" target=\"_blank\" rel=\"noopener\"><strong>T\u00e9l\u00e9charger la F.T<\/strong><\/a><\/h5>\n<p>Nous proposons des produits de haute qualit\u00e9, certifi\u00e9s par des analyses de laboratoire, garantissant leur tra\u00e7abilit\u00e9 et leur puret\u00e9, soigneusement s\u00e9lectionn\u00e9s \u00e0 l\u2019origine pour leurs propri\u00e9t\u00e9s.<\/p>\n<p>Si, en plus de la fiche technique, vous avez besoin d\u2019un autre document, n\u2019h\u00e9sitez pas \u00e0 nous contacter \u00e0 l\u2019adresse suivante: <a href=\"mailto:info@oleantis.com\">info@oleantis.com<\/a><\/p>\n","protected":false},"excerpt":{"rendered":"<h3><em>Juniperus communis<\/em><\/h3>\n<p>Traditionnellement utilis\u00e9e en aromath\u00e9rapie et en phytoth\u00e9rapie pour ses effets sur la digestion, le syst\u00e8me urinaire et la circulation. Elle est obtenue par distillation \u00e0 la vapeur du fruit. Elle poss\u00e8de une longue histoire d\u2019utilisation en m\u00e9decine traditionnelle et en aromath\u00e9rapie pour ses multiples propri\u00e9t\u00e9s th\u00e9rapeutiques. D\u00e8s le Moyen \u00c2ge, elle \u00e9tait utilis\u00e9e comme purificatrice de l\u2019environnement et protectrice contre les maladies; pendant la Peste noire, on br\u00fblait les branches et les baies pour d\u00e9sinfecter l&rsquo;environnement. Les alchimistes la consid\u00e9raient comme la purificatrice de l&rsquo;\u00e2me et du corps.    <\/p>\n<h5> Huile essentielle biologique 100% pure et naturelle.<\/h5>\n<p>&nbsp;<\/p>\n","protected":false},"featured_media":6749,"comment_status":"open","ping_status":"closed","template":"","meta":{"jetpack_publicize_message":"","jetpack_publicize_feature_enabled":true,"jetpack_social_post_already_shared":false,"jetpack_social_options":{"image_generator_settings":{"template":"highway","default_image_id":0,"font":"","enabled":false},"version":2}},"product_brand":[],"product_cat":[341,342,238,243],"product_tag":[348,352,351,353],"class_list":{"0":"post-7100","1":"product","2":"type-product","3":"status-publish","4":"has-post-thumbnail","6":"product_cat-body-care-fr","7":"product_cat-healthy-fr","8":"product_cat-huile-essentielle","9":"product_cat-naturel","10":"product_tag-aromatherapie","11":"product_tag-masajes-fr","12":"product_tag-sante","13":"product_tag-therapie","15":"first","16":"instock","17":"shipping-taxable","18":"product-type-simple"},"aioseo_notices":[],"jetpack_publicize_connections":[],"jetpack_sharing_enabled":true,"_links":{"self":[{"href":"https:\/\/oleantis.com\/fr\/wp-json\/wp\/v2\/product\/7100","targetHints":{"allow":["GET"]}}],"collection":[{"href":"https:\/\/oleantis.com\/fr\/wp-json\/wp\/v2\/product"}],"about":[{"href":"https:\/\/oleantis.com\/fr\/wp-json\/wp\/v2\/types\/product"}],"replies":[{"embeddable":true,"href":"https:\/\/oleantis.com\/fr\/wp-json\/wp\/v2\/comments?post=7100"}],"wp:featuredmedia":[{"embeddable":true,"href":"https:\/\/oleantis.com\/fr\/wp-json\/wp\/v2\/media\/6749"}],"wp:attachment":[{"href":"https:\/\/oleantis.com\/fr\/wp-json\/wp\/v2\/media?parent=7100"}],"wp:term":[{"taxonomy":"product_brand","embeddable":true,"href":"https:\/\/oleantis.com\/fr\/wp-json\/wp\/v2\/product_brand?post=7100"},{"taxonomy":"product_cat","embeddable":true,"href":"https:\/\/oleantis.com\/fr\/wp-json\/wp\/v2\/product_cat?post=7100"},{"taxonomy":"product_tag","embeddable":true,"href":"https:\/\/oleantis.com\/fr\/wp-json\/wp\/v2\/product_tag?post=7100"}],"curies":[{"name":"wp","href":"https:\/\/api.w.org\/{rel}","templated":true}]}}