{"id":7101,"date":"2025-09-14T13:40:20","date_gmt":"2025-09-14T11:40:20","guid":{"rendered":"https:\/\/oleantis.com\/producto\/huile-essentielle-deucalyptus-rectifie-biologique\/"},"modified":"2025-10-12T20:08:07","modified_gmt":"2025-10-12T18:08:07","slug":"huile-essentielle-deucalyptus-rectifie-biologique","status":"publish","type":"product","link":"https:\/\/oleantis.com\/fr\/produit\/huile-essentielle-deucalyptus-rectifie-biologique\/","title":{"rendered":"Huile essentielle d&rsquo;Eucalyptus rectifi\u00e9 biologique"},"content":{"rendered":"<h5><strong>Propri\u00e9t\u00e9s<\/strong><\/h5>\n<p><strong>Physiquement<\/strong><\/p>\n<ul>\n<li>\u00b7 Expectorante et mucolytique: aide \u00e0 expulser le mucus des bronches et des poumons.<\/li>\n<li>\u00b7 Antiseptique des voies respiratoires: utile en cas de rhume, de grippe, de bronchite, de sinusite et de rhinite.<\/li>\n<li>\u00b7 D\u00e9congestionnante nasal et bronchique.<\/li>\n<li>\u00b7 F\u00e9brifuge et rafra\u00eechissante: aide \u00e0 faire baisser la fi\u00e8vre naturellement.<\/li>\n<li>\u00b7 Antimicrobienne: antibact\u00e9rien et antiviral l\u00e9ger, et antiseptique environnemental (purifie l&rsquo;air).<\/li>\n<li>\u00b7 Antalgique et circulatoire: effet anti-inflammatoire et analg\u00e9sique l\u00e9ger (douleurs musculaires et articulaires) et stimulant l\u00e9ger de la circulation p\u00e9riph\u00e9rique, am\u00e9liorant la circulation des jambes.<\/li>\n<li>\u00b7 R\u00e9pulsive contre les insectes.<\/li>\n<\/ul>\n<p><strong>\u00c9motionnellement et \u00e9nerg\u00e9tiquement<\/strong><\/p>\n<ul>\n<li>\u00b7 Rafra\u00eechissante et tonifiante mental, elle favorise la concentration et est utile contre la l\u00e9thargie, l\u2019apathie ou le blocage \u00e9motionnel.<\/li>\n<\/ul>\n<h5><a title=\"Ficha T\u00e9cnica Eucalipto rectificado\" href=\"https:\/\/oleantis.com\/wp-content\/uploads\/2025\/09\/OLEANTIS_FT_Eucalyptus-globulus.pdf\" target=\"_blank\" rel=\"noopener\"><strong>T\u00e9l\u00e9charger la F.T<\/strong><\/a><\/h5>\n<p>Nous proposons des produits de haute qualit\u00e9, certifi\u00e9s par des analyses de laboratoire, garantissant leur tra\u00e7abilit\u00e9 et leur puret\u00e9, soigneusement s\u00e9lectionn\u00e9s \u00e0 l\u2019origine pour leurs propri\u00e9t\u00e9s.<\/p>\n<p>Si, en plus de la fiche technique, vous avez besoin d\u2019un autre document, n\u2019h\u00e9sitez pas \u00e0 nous contacter \u00e0 l\u2019adresse suivante: <a href=\"mailto:info@oleantis.com\">info@oleantis.com<\/a><\/p>\n","protected":false},"excerpt":{"rendered":"<h3><em>Eucalyptus globulus<\/em><\/h3>\n<p>L&rsquo;huile essentielle d&rsquo;eucalyptus rectifi\u00e9 est obtenue par distillation \u00e0 la vapeur des feuilles d&rsquo;Eucalyptus globulus et subit ensuite un processus de rectification, une distillation suppl\u00e9mentaire visant \u00e0 \u00e9liminer les compos\u00e9s ind\u00e9sirables afin d\u2019assurer une plus grande puret\u00e9 et s\u00e9curit\u00e9 d\u2019utilisation. Elle est traditionnellement utilis\u00e9e pour les affections des voies respiratoires inf\u00e9rieures. Au XIXe si\u00e8cle, elle \u00e9tait utilis\u00e9e comme antiseptique dans les h\u00f4pitaux et pour nettoyer les instruments <br \/>m\u00e9dicaux. L\u2019eucalyptus est l\u2019un des arbres les plus hauts et \u00e0 la croissance la plus rapide.   <\/p>\n<h5>Huile essentielle biologique 100% pure et naturelle.<\/h5>\n","protected":false},"featured_media":6377,"comment_status":"open","ping_status":"closed","template":"","meta":{"jetpack_publicize_message":"","jetpack_publicize_feature_enabled":true,"jetpack_social_post_already_shared":false,"jetpack_social_options":{"image_generator_settings":{"template":"highway","default_image_id":0,"font":"","enabled":false},"version":2}},"product_brand":[],"product_cat":[341,342,238,243],"product_tag":[354,355,351],"class_list":{"0":"post-7101","1":"product","2":"type-product","3":"status-publish","4":"has-post-thumbnail","6":"product_cat-body-care-fr","7":"product_cat-healthy-fr","8":"product_cat-huile-essentielle","9":"product_cat-naturel","10":"product_tag-poumons","11":"product_tag-rafraichissant","12":"product_tag-sante","14":"first","15":"instock","16":"shipping-taxable","17":"product-type-simple"},"aioseo_notices":[],"jetpack_publicize_connections":[],"jetpack_sharing_enabled":true,"_links":{"self":[{"href":"https:\/\/oleantis.com\/fr\/wp-json\/wp\/v2\/product\/7101","targetHints":{"allow":["GET"]}}],"collection":[{"href":"https:\/\/oleantis.com\/fr\/wp-json\/wp\/v2\/product"}],"about":[{"href":"https:\/\/oleantis.com\/fr\/wp-json\/wp\/v2\/types\/product"}],"replies":[{"embeddable":true,"href":"https:\/\/oleantis.com\/fr\/wp-json\/wp\/v2\/comments?post=7101"}],"wp:featuredmedia":[{"embeddable":true,"href":"https:\/\/oleantis.com\/fr\/wp-json\/wp\/v2\/media\/6377"}],"wp:attachment":[{"href":"https:\/\/oleantis.com\/fr\/wp-json\/wp\/v2\/media?parent=7101"}],"wp:term":[{"taxonomy":"product_brand","embeddable":true,"href":"https:\/\/oleantis.com\/fr\/wp-json\/wp\/v2\/product_brand?post=7101"},{"taxonomy":"product_cat","embeddable":true,"href":"https:\/\/oleantis.com\/fr\/wp-json\/wp\/v2\/product_cat?post=7101"},{"taxonomy":"product_tag","embeddable":true,"href":"https:\/\/oleantis.com\/fr\/wp-json\/wp\/v2\/product_tag?post=7101"}],"curies":[{"name":"wp","href":"https:\/\/api.w.org\/{rel}","templated":true}]}}