{"id":7103,"date":"2025-09-13T20:17:49","date_gmt":"2025-09-13T18:17:49","guid":{"rendered":"https:\/\/oleantis.com\/producto\/huile-essentielle-de-basilic-tropical-a-methylchavicol-bio\/"},"modified":"2025-09-13T20:17:49","modified_gmt":"2025-09-13T18:17:49","slug":"huile-essentielle-de-basilic-tropical-a-methylchavicol-bio","status":"publish","type":"product","link":"https:\/\/oleantis.com\/fr\/produit\/huile-essentielle-de-basilic-tropical-a-methylchavicol-bio\/","title":{"rendered":"Huile essentielle de Basilic tropical \u00e0 m\u00e9thylchavicol BIO"},"content":{"rendered":"<h5><strong>Propri\u00e9t\u00e9s<\/strong><\/h5>\n<p>L&rsquo;huile essentielle de basilic, ch\u00e9motyp\u00e9e en m\u00e9thylchavicol (estragole), est l&rsquo;une des vari\u00e9t\u00e9s d&rsquo;Ocimum basilicum les plus utilis\u00e9es. Elle poss\u00e8de un profil chimique particulier et, par cons\u00e9quent, ses propri\u00e9t\u00e9s et posologies n\u00e9cessitent une utilisation prudente. <\/p>\n<p><strong>Physiquement<\/strong><\/p>\n<ul>\n<li>\u00b7 Antispasmodique tr\u00e8s puissant: soulage les spasmes digestifs, les coliques, les menstruations douloureuses et les contractions musculaires.<\/li>\n<li>\u00b7 Carminative et digestive: combat les gaz, les digestions lentes et les ballonnements abdominaux.<\/li>\n<li>\u00b7 H\u00e9patoprotectrice et chol\u00e9r\u00e9tique: stimule la fonction h\u00e9patique et la s\u00e9cr\u00e9tion biliaire.<\/li>\n<li>\u00b7 Anti-inflammatoire l\u00e9ger: utile en cas de contractures l\u00e9g\u00e8res.<\/li>\n<li>\u00b7 Antiparasitaire intestinal.<\/li>\n<\/ul>\n<p><strong>\u00c9motionnellement et \u00e9nerg\u00e9tiquement<\/strong><\/p>\n<ul>\n<li>\u00b7 Tonique nerveux: combat la fatigue mentale, l\u2019\u00e9puisement et la nervosit\u00e9.<\/li>\n<li>\u00b7 Stimulant psychique: am\u00e9liore la clart\u00e9 mentale et la concentration.<\/li>\n<li>\u00b7 Anxiolytique l\u00e9ger: aide en cas de stress et de somatisation digestive.<\/li>\n<\/ul>\n<h6><strong><br \/>\n  <strong><br \/>\n    <a title=\"Ficha T\u00e9cnica Albahaca QT Metilchavicol\" href=\"https:\/\/oleantis.com\/wp-content\/uploads\/2025\/09\/OLEANTIS_FT_Ocimum-basilicum.pdf\" target=\"_blank\" rel=\"noopener\">T\u00e9l\u00e9charger la F.T<\/a><br \/>\n  <\/strong><br \/>\n<\/strong><\/h6>\n<p>Nous proposons des produits de haute qualit\u00e9, certifi\u00e9s par des analyses de laboratoire, garantissant leur tra\u00e7abilit\u00e9 et leur puret\u00e9, soigneusement s\u00e9lectionn\u00e9s \u00e0 l\u2019origine pour leurs propri\u00e9t\u00e9s.<\/p>\n<p>Si, en plus de la fiche technique, vous avez besoin d\u2019un autre document, n\u2019h\u00e9sitez pas \u00e0 nous contacter \u00e0 l\u2019adresse suivante: <a href=\"mailto:info@oleantis.com\">info@oleantis.com<\/a><\/p>\n","protected":false},"excerpt":{"rendered":"<h3><em>Ocimum basilicum<\/em><\/h3>\n<p>Connue pour ses propri\u00e9t\u00e9s calmantes, elle aide \u00e0 d\u00e9tendre les tensions nerveuses et musculaires tout en favorisant le bien-\u00eatre digestif. Elle est obtenue par distillation \u00e0 la vapeur d&rsquo;eau de la partie fleurie la plus haute de la plante. En aromath\u00e9rapie, elle r\u00e9duit le stress et am\u00e9liore la concentration. Id\u00e9ale pour la diffusion ou pour un massage dilu\u00e9 dans une huile v\u00e9g\u00e9tale. Son parfum frais et \u00e9pic\u00e9 se distingue particuli\u00e8rement. Appel\u00e9 aussi basilic exotique, elle \u00e9tait utilis\u00e9e comme amulette de protection dans certaines cultures anciennes.     <\/p>\n<h5>Huile essentielle biologique 100% pure et naturelle.<\/h5>\n","protected":false},"featured_media":6250,"comment_status":"open","ping_status":"closed","template":"","meta":{"jetpack_publicize_message":"","jetpack_publicize_feature_enabled":true,"jetpack_social_post_already_shared":false,"jetpack_social_options":{"image_generator_settings":{"template":"highway","default_image_id":0,"font":"","enabled":false},"version":2}},"product_brand":[],"product_cat":[356,341,342,238,243],"product_tag":[348,352,357,358,359],"class_list":{"0":"post-7103","1":"product","2":"type-product","3":"status-publish","4":"has-post-thumbnail","6":"product_cat-beauty-fr","7":"product_cat-body-care-fr","8":"product_cat-healthy-fr","9":"product_cat-huile-essentielle","10":"product_cat-naturel","11":"product_tag-aromatherapie","12":"product_tag-masajes-fr","13":"product_tag-naturel","14":"product_tag-original-fr","15":"product_tag-parfum","17":"first","18":"instock","19":"featured","20":"shipping-taxable","21":"product-type-simple"},"aioseo_notices":[],"jetpack_publicize_connections":[],"jetpack_sharing_enabled":true,"_links":{"self":[{"href":"https:\/\/oleantis.com\/fr\/wp-json\/wp\/v2\/product\/7103","targetHints":{"allow":["GET"]}}],"collection":[{"href":"https:\/\/oleantis.com\/fr\/wp-json\/wp\/v2\/product"}],"about":[{"href":"https:\/\/oleantis.com\/fr\/wp-json\/wp\/v2\/types\/product"}],"replies":[{"embeddable":true,"href":"https:\/\/oleantis.com\/fr\/wp-json\/wp\/v2\/comments?post=7103"}],"wp:featuredmedia":[{"embeddable":true,"href":"https:\/\/oleantis.com\/fr\/wp-json\/wp\/v2\/media\/6250"}],"wp:attachment":[{"href":"https:\/\/oleantis.com\/fr\/wp-json\/wp\/v2\/media?parent=7103"}],"wp:term":[{"taxonomy":"product_brand","embeddable":true,"href":"https:\/\/oleantis.com\/fr\/wp-json\/wp\/v2\/product_brand?post=7103"},{"taxonomy":"product_cat","embeddable":true,"href":"https:\/\/oleantis.com\/fr\/wp-json\/wp\/v2\/product_cat?post=7103"},{"taxonomy":"product_tag","embeddable":true,"href":"https:\/\/oleantis.com\/fr\/wp-json\/wp\/v2\/product_tag?post=7103"}],"curies":[{"name":"wp","href":"https:\/\/api.w.org\/{rel}","templated":true}]}}