{"id":7104,"date":"2025-09-13T20:37:17","date_gmt":"2025-09-13T18:37:17","guid":{"rendered":"https:\/\/oleantis.com\/producto\/huile-essentielle-de-bergamote-biologique\/"},"modified":"2025-09-13T20:37:17","modified_gmt":"2025-09-13T18:37:17","slug":"huile-essentielle-de-bergamote-biologique","status":"publish","type":"product","link":"https:\/\/oleantis.com\/fr\/produit\/huile-essentielle-de-bergamote-biologique\/","title":{"rendered":"Huile essentielle de Bergamote biologique"},"content":{"rendered":"<h5><strong>Propri\u00e9t\u00e9s<\/strong><\/h5>\n<p><strong>Physiquement<\/strong><\/p>\n<ul>\n<li>\u00b7 Digestive et carminative: favorise la digestion, combat les gaz, les spasmes et les naus\u00e9es.<\/li>\n<li>\u00b7 Antiseptique cutan\u00e9: utile pour les peaux grasses, l\u2019acn\u00e9, l\u2019ecz\u00e9ma et le psoriasis.<\/li>\n<li>\u00b7 Agent cicatrisant et r\u00e9g\u00e9n\u00e9rant cutan\u00e9 doux.<\/li>\n<li>\u2022 Antivirale et antibact\u00e9rienne: indiqu\u00e9e pour les infections respiratoires l\u00e9g\u00e8res et les infections urinaires.<\/li>\n<li>\u00b7 F\u00e9brifuge l\u00e9ger.<\/li>\n<\/ul>\n<p><strong>\u00c9motionnellement et \u00e9nerg\u00e9tiquement<\/strong><\/p>\n<ul>\n<li>\u00b7 Anxiolytique et antid\u00e9presseur naturel: favorise l\u2019optimisme, r\u00e9duit le stress, la tristesse et l\u2019anxi\u00e9t\u00e9.<\/li>\n<li>\u00b7 R\u00e9gulateur du syst\u00e8me nerveux autonome: efficace contre l\u2019insomnie et la fatigue nerveuse.<\/li>\n<li>\u00b7 Stimulant \u00e9motionnel l\u00e9ger: am\u00e9liore l\u2019humeur.<\/li>\n<li>\u00b7 Favorise l\u2019harmonie \u00e9motionnelle et la cr\u00e9ativit\u00e9; elle est consid\u00e9r\u00e9e comme une huile qui \u00ab illumine \u00bb l\u2019esprit.<\/li>\n<\/ul>\n<h5><a title=\"Ficha T\u00e9cnica Bergamota\" href=\"https:\/\/oleantis.com\/wp-content\/uploads\/2025\/09\/OLEANTIS_FT_Citrus_x_bergamia.pdf\" target=\"_blank\" rel=\"noopener\"><strong>T\u00e9l\u00e9charger la F.T<\/strong><\/a><\/h5>\n<p>Nous proposons des produits de haute qualit\u00e9, certifi\u00e9s par des analyses de laboratoire, garantissant leur tra\u00e7abilit\u00e9 et leur puret\u00e9, soigneusement s\u00e9lectionn\u00e9s \u00e0 l\u2019origine pour leurs propri\u00e9t\u00e9s.<\/p>\n<p>Si, en plus de la fiche technique, vous avez besoin d\u2019un autre document, n\u2019h\u00e9sitez pas \u00e0 nous contacter \u00e0 l\u2019adresse suivante: <a href=\"mailto:info@oleantis.com\">info@oleantis.com<\/a><\/p>\n","protected":false},"excerpt":{"rendered":"<h3><em>Citrus x bergamia<\/em><\/h3>\n<p>C&rsquo;est une huile essentielle d&rsquo;agrumes tr\u00e8s appr\u00e9ci\u00e9e en aromath\u00e9rapie et en phytoth\u00e9rapie. Elle est obtenue par pression \u00e0 froid de l&rsquo;\u00e9corce du fruit, et son utilisation doit se faire avec pr\u00e9caution, surtout en application topique, car elle contient des furocoumarines (notamment du bergapt\u00e8ne), susceptibles de <br \/>provoquer une photosensibilit\u00e9. C&rsquo;est l&rsquo;une des huiles essentielles les plus pris\u00e9es en aromath\u00e9rapie pour son action \u00e9quilibrante sur le syst\u00e8me nerveux, son exquis ar\u00f4me d\u2019agrumes et de fleurs, et sa polyvalence sur les plans \u00e9motionnel, digestif et cutan\u00e9. C&rsquo;est un ingr\u00e9dient cl\u00e9 de la parfumerie classique.    <\/p>\n<h5> Huile essentielle biologique 100% pure et naturelle.<\/h5>\n","protected":false},"featured_media":6359,"comment_status":"open","ping_status":"closed","template":"","meta":{"jetpack_publicize_message":"","jetpack_publicize_feature_enabled":true,"jetpack_social_post_already_shared":false,"jetpack_social_options":{"image_generator_settings":{"template":"highway","default_image_id":0,"font":"","enabled":false},"version":2}},"product_brand":[],"product_cat":[341,342,238,243],"product_tag":[343,357,358],"class_list":{"0":"post-7104","1":"product","2":"type-product","3":"status-publish","4":"has-post-thumbnail","6":"product_cat-body-care-fr","7":"product_cat-healthy-fr","8":"product_cat-huile-essentielle","9":"product_cat-naturel","10":"product_tag-medicinal-fr","11":"product_tag-naturel","12":"product_tag-original-fr","14":"first","15":"instock","16":"featured","17":"shipping-taxable","18":"product-type-simple"},"aioseo_notices":[],"jetpack_publicize_connections":[],"jetpack_sharing_enabled":true,"_links":{"self":[{"href":"https:\/\/oleantis.com\/fr\/wp-json\/wp\/v2\/product\/7104","targetHints":{"allow":["GET"]}}],"collection":[{"href":"https:\/\/oleantis.com\/fr\/wp-json\/wp\/v2\/product"}],"about":[{"href":"https:\/\/oleantis.com\/fr\/wp-json\/wp\/v2\/types\/product"}],"replies":[{"embeddable":true,"href":"https:\/\/oleantis.com\/fr\/wp-json\/wp\/v2\/comments?post=7104"}],"wp:featuredmedia":[{"embeddable":true,"href":"https:\/\/oleantis.com\/fr\/wp-json\/wp\/v2\/media\/6359"}],"wp:attachment":[{"href":"https:\/\/oleantis.com\/fr\/wp-json\/wp\/v2\/media?parent=7104"}],"wp:term":[{"taxonomy":"product_brand","embeddable":true,"href":"https:\/\/oleantis.com\/fr\/wp-json\/wp\/v2\/product_brand?post=7104"},{"taxonomy":"product_cat","embeddable":true,"href":"https:\/\/oleantis.com\/fr\/wp-json\/wp\/v2\/product_cat?post=7104"},{"taxonomy":"product_tag","embeddable":true,"href":"https:\/\/oleantis.com\/fr\/wp-json\/wp\/v2\/product_tag?post=7104"}],"curies":[{"name":"wp","href":"https:\/\/api.w.org\/{rel}","templated":true}]}}