{"id":7105,"date":"2025-09-13T21:56:33","date_gmt":"2025-09-13T19:56:33","guid":{"rendered":"https:\/\/oleantis.com\/producto\/huile-essentielle-de-cannelle-feuilles-biologique\/"},"modified":"2025-09-13T21:56:33","modified_gmt":"2025-09-13T19:56:33","slug":"huile-essentielle-de-cannelle-feuilles-biologique","status":"publish","type":"product","link":"https:\/\/oleantis.com\/fr\/produit\/huile-essentielle-de-cannelle-feuilles-biologique\/","title":{"rendered":"Huile essentielle de Cannelle feuilles biologique"},"content":{"rendered":"<p><strong>Physiquement<\/strong><\/p>\n<ul>\n<li>\u2022 Puissant antibact\u00e9rien et antiviral: efficace contre les infections r\u00e9sistantes.<\/li>\n<li>\u2022 Stimulant immunitaire: id\u00e9al contre la grippe, le rhume et les \u00e9tats infectieux.<\/li>\n<li>\u2022 Antifongique: utile contre la candidose, le pied d&rsquo;athl\u00e8te et les mycoses cutan\u00e9es.<\/li>\n<li>\u2022 Tonique g\u00e9n\u00e9ral: utile contre l&rsquo;asth\u00e9nie, la fatigue et la faiblesse post-virale.<\/li>\n<li>\u2022 Rub\u00e9fiant (chaleur locale): utile dans les huiles pour r\u00e9chauffer les muscles (toujours tr\u00e8s dilu\u00e9es).<\/li>\n<\/ul>\n<p><strong>\u00c9motionnellement et \u00e9nerg\u00e9tiquement<\/strong><\/p>\n<ul>\n<li>\u2022 Stimulant et r\u00e9confortant: favorise la bonne humeur, la motivation et l\u2019\u00e9nergie.<\/li>\n<li>\u2022 Aphrodisiaque doux: particuli\u00e8rement en synergie avec l\u2019ylang-ylang ou le jasmin.<\/li>\n<\/ul>\n<h5><a title=\"Ficha T\u00e9cnica Canela Hojas\" href=\"https:\/\/oleantis.com\/wp-content\/uploads\/2025\/09\/OLEANTIS_FT_Eucalyptus-globulus.pdf\" target=\"_blank\" rel=\"noopener\"><strong>T\u00e9l\u00e9charger la F.T<\/strong><\/a><\/h5>\n<p>Nous proposons des produits de haute qualit\u00e9, certifi\u00e9s par des analyses de laboratoire, garantissant leur tra\u00e7abilit\u00e9 et leur puret\u00e9, soigneusement s\u00e9lectionn\u00e9s \u00e0 l\u2019origine pour leurs propri\u00e9t\u00e9s.<\/p>\n<p>Si, en plus de la fiche technique, vous avez besoin d\u2019un autre document, n\u2019h\u00e9sitez pas \u00e0 nous contacter \u00e0 l\u2019adresse suivante: <a href=\"mailto:info@oleantis.com\">info@oleantis.com<\/a><\/p>\n","protected":false},"excerpt":{"rendered":"<h3><em>Cinnamomum zeylanicum<\/em><\/h3>\n<p>Connue pour ses propri\u00e9t\u00e9s chaudes et stimulantes, elle est particuli\u00e8rement pris\u00e9e en aromath\u00e9rapie et en cosm\u00e9tique naturelle. Son ar\u00f4me \u00e9pic\u00e9 et puissant apporte chaleur et r\u00e9confort, tandis que ses principes actifs sont reconnus pour leurs bienfaits tonifiantes et purifiantes. Obtenue par distillation \u00e0 la vapeur d&rsquo;eau des feuilles du cannelier, c&rsquo;est une huile essentielle riche en eug\u00e9nol. Il s&rsquo;agit d&rsquo;une vari\u00e9t\u00e9 diff\u00e9rente de l\u00b4huile essentielle de cannelle d\u2019\u00e9corce, plus douce mais n\u00e9anmoins tr\u00e8s puissante. La cannelle est l\u2019une des \u00e9pices les plus anciennes du monde: elle \u00e9tait utilis\u00e9e par les \u00c9gyptiens comme m\u00e9dicament, pour aromatiser les boissons et pour l&#8217;embaumement.    <\/p>\n<h5>Huile essentielle biologique 100% pure et naturelle.<\/h5>\n","protected":false},"featured_media":6374,"comment_status":"open","ping_status":"closed","template":"","meta":{"jetpack_publicize_message":"","jetpack_publicize_feature_enabled":true,"jetpack_social_post_already_shared":false,"jetpack_social_options":{"image_generator_settings":{"template":"highway","default_image_id":0,"font":"","enabled":false},"version":2}},"product_brand":[],"product_cat":[341,346,342,238,243],"product_tag":[350,349,352,351],"class_list":{"0":"post-7105","1":"product","2":"type-product","3":"status-publish","4":"has-post-thumbnail","6":"product_cat-body-care-fr","7":"product_cat-cosmetics-fr","8":"product_cat-healthy-fr","9":"product_cat-huile-essentielle","10":"product_cat-naturel","11":"product_tag-cutane","12":"product_tag-fourrure","13":"product_tag-masajes-fr","14":"product_tag-sante","16":"first","17":"instock","18":"featured","19":"shipping-taxable","20":"product-type-simple"},"aioseo_notices":[],"jetpack_publicize_connections":[],"jetpack_sharing_enabled":true,"_links":{"self":[{"href":"https:\/\/oleantis.com\/fr\/wp-json\/wp\/v2\/product\/7105","targetHints":{"allow":["GET"]}}],"collection":[{"href":"https:\/\/oleantis.com\/fr\/wp-json\/wp\/v2\/product"}],"about":[{"href":"https:\/\/oleantis.com\/fr\/wp-json\/wp\/v2\/types\/product"}],"replies":[{"embeddable":true,"href":"https:\/\/oleantis.com\/fr\/wp-json\/wp\/v2\/comments?post=7105"}],"wp:featuredmedia":[{"embeddable":true,"href":"https:\/\/oleantis.com\/fr\/wp-json\/wp\/v2\/media\/6374"}],"wp:attachment":[{"href":"https:\/\/oleantis.com\/fr\/wp-json\/wp\/v2\/media?parent=7105"}],"wp:term":[{"taxonomy":"product_brand","embeddable":true,"href":"https:\/\/oleantis.com\/fr\/wp-json\/wp\/v2\/product_brand?post=7105"},{"taxonomy":"product_cat","embeddable":true,"href":"https:\/\/oleantis.com\/fr\/wp-json\/wp\/v2\/product_cat?post=7105"},{"taxonomy":"product_tag","embeddable":true,"href":"https:\/\/oleantis.com\/fr\/wp-json\/wp\/v2\/product_tag?post=7105"}],"curies":[{"name":"wp","href":"https:\/\/api.w.org\/{rel}","templated":true}]}}