{"id":7106,"date":"2025-09-14T12:15:19","date_gmt":"2025-09-14T10:15:19","guid":{"rendered":"https:\/\/oleantis.com\/producto\/huile-essentielle-de-cedre-de-latlas-biologique\/"},"modified":"2025-09-14T12:15:19","modified_gmt":"2025-09-14T10:15:19","slug":"huile-essentielle-de-cedre-de-latlas-biologique","status":"publish","type":"product","link":"https:\/\/oleantis.com\/fr\/produit\/huile-essentielle-de-cedre-de-latlas-biologique\/","title":{"rendered":"Huile essentielle de C\u00e8dre de l&rsquo;Atlas biologique"},"content":{"rendered":"<h5><strong>Propri\u00e9t\u00e9s<\/strong><\/h5>\n<p><strong>Physiquement<\/strong><\/p>\n<ul>\n<li>\u2022 Drainage lymphatique et veineux: utile en cas de r\u00e9tention d&rsquo;eau, de cellulite et de jambes lourdes, aide \u00e0 \u00e9liminer les toxines.<\/li>\n<li>\u2022 D\u00e9congestionnante du cuir chevelu: combat les pellicules et stimule la pousse des cheveux.<\/li>\n<li>\u2022 Antiseptique respiratoire: utile en cas de bronchite l\u00e9g\u00e8re et de toux s\u00e8che.<\/li>\n<li>\u2022 R\u00e9pulsive contre les insectes et antiparasitaire (poux, puces, mites, moustiques).<\/li>\n<li>\u2022 Cicatrisante douce: utile pour les petites plaies et l\u2019acn\u00e9.<\/li>\n<\/ul>\n<p><strong>\u00c9motionnellement et \u00e9nerg\u00e9tiquement<\/strong><\/p>\n<ul>\n<li>\u2022 Stabilisante et r\u00e9confortante: excellente en cas d\u2019ins\u00e9curit\u00e9, de peur ou de manque d\u2019enracinement.<\/li>\n<li>\u2022 Ancrage \u00e9motionnel et clart\u00e9 mentale: utilis\u00e9 en m\u00e9ditation et en p\u00e9riode de transition.<\/li>\n<li>\u2022 Apporte force int\u00e9rieure: particuli\u00e8rement pour les personnes souffrant d&rsquo;anxi\u00e9t\u00e9 chronique ou d&rsquo;une faible estime de soi.<\/li>\n<\/ul>\n<h5><a title=\"Ficha T\u00e9cnica Cedro del \u00c1tlas\" href=\"https:\/\/oleantis.com\/wp-content\/uploads\/2025\/09\/OLEANTIS_FT_Cedrus-_atlantica.pdf\" target=\"_blank\" rel=\"noopener\"><strong>T\u00e9l\u00e9charger la F.T<\/strong><\/a><\/h5>\n<p>Nous proposons des produits de haute qualit\u00e9, certifi\u00e9s par des analyses de laboratoire, garantissant leur tra\u00e7abilit\u00e9 et leur puret\u00e9, soigneusement s\u00e9lectionn\u00e9s \u00e0 l\u2019origine pour leurs propri\u00e9t\u00e9s.<\/p>\n<p>Si, en plus de la fiche technique, vous avez besoin d\u2019un autre document, n\u2019h\u00e9sitez pas \u00e0 nous contacter \u00e0 l\u2019adresse suivante: <a href=\"mailto:info@oleantis.com\">info@oleantis.com<\/a><\/p>\n","protected":false},"excerpt":{"rendered":"<h3><em>Cedrus atlantica<\/em><\/h3>\n<p>Obtenue principalement par distillation \u00e0 la vapeur du bois, elle est tr\u00e8s appr\u00e9ci\u00e9e en aromath\u00e9rapie et en phytoth\u00e9rapie pour ses propri\u00e9t\u00e9s r\u00e9gulatrices, apaisantes et d\u00e9congestionnantes. C&rsquo;est une huile chaude et bois\u00e9e largement utilis\u00e9e en th\u00e9rapies \u00e9motionnelles ainsi que pour les soins de la peau et des <br \/>cheveux. Le c\u00e8dre de l&rsquo;Atlas est un bois pr\u00e9cieux et v\u00e9n\u00e9r\u00e9; il est mentionn\u00e9 dans la Bible, o\u00f9 il est associ\u00e9 \u00e0 la construction du temple du roi Salomon. Autrefois, il \u00e9tait utilis\u00e9 dans la fabrication des sarcophages et pour l\u2019embaumement, ainsi que dans les rituels et les parfums.   <\/p>\n<h5>Huile essentielle biologique 100% pure et naturelle.<\/h5>\n","protected":false},"featured_media":6347,"comment_status":"open","ping_status":"closed","template":"","meta":{"jetpack_publicize_message":"","jetpack_publicize_feature_enabled":true,"jetpack_social_post_already_shared":false,"jetpack_social_options":{"image_generator_settings":{"template":"highway","default_image_id":0,"font":"","enabled":false},"version":2}},"product_brand":[],"product_cat":[341,346,342,238,243],"product_tag":[348,360,349,353],"class_list":{"0":"post-7106","1":"product","2":"type-product","3":"status-publish","4":"has-post-thumbnail","6":"product_cat-body-care-fr","7":"product_cat-cosmetics-fr","8":"product_cat-healthy-fr","9":"product_cat-huile-essentielle","10":"product_cat-naturel","11":"product_tag-aromatherapie","12":"product_tag-cabello-fr","13":"product_tag-fourrure","14":"product_tag-therapie","16":"first","17":"instock","18":"shipping-taxable","19":"product-type-simple"},"aioseo_notices":[],"jetpack_publicize_connections":[],"jetpack_sharing_enabled":true,"_links":{"self":[{"href":"https:\/\/oleantis.com\/fr\/wp-json\/wp\/v2\/product\/7106","targetHints":{"allow":["GET"]}}],"collection":[{"href":"https:\/\/oleantis.com\/fr\/wp-json\/wp\/v2\/product"}],"about":[{"href":"https:\/\/oleantis.com\/fr\/wp-json\/wp\/v2\/types\/product"}],"replies":[{"embeddable":true,"href":"https:\/\/oleantis.com\/fr\/wp-json\/wp\/v2\/comments?post=7106"}],"wp:featuredmedia":[{"embeddable":true,"href":"https:\/\/oleantis.com\/fr\/wp-json\/wp\/v2\/media\/6347"}],"wp:attachment":[{"href":"https:\/\/oleantis.com\/fr\/wp-json\/wp\/v2\/media?parent=7106"}],"wp:term":[{"taxonomy":"product_brand","embeddable":true,"href":"https:\/\/oleantis.com\/fr\/wp-json\/wp\/v2\/product_brand?post=7106"},{"taxonomy":"product_cat","embeddable":true,"href":"https:\/\/oleantis.com\/fr\/wp-json\/wp\/v2\/product_cat?post=7106"},{"taxonomy":"product_tag","embeddable":true,"href":"https:\/\/oleantis.com\/fr\/wp-json\/wp\/v2\/product_tag?post=7106"}],"curies":[{"name":"wp","href":"https:\/\/api.w.org\/{rel}","templated":true}]}}