{"id":7107,"date":"2025-09-14T12:42:21","date_gmt":"2025-09-14T10:42:21","guid":{"rendered":"https:\/\/oleantis.com\/producto\/huile-essentielle-de-citronnelle-ct-citronellal-biologique\/"},"modified":"2025-09-14T12:42:21","modified_gmt":"2025-09-14T10:42:21","slug":"huile-essentielle-de-citronnelle-ct-citronellal-biologique","status":"publish","type":"product","link":"https:\/\/oleantis.com\/fr\/produit\/huile-essentielle-de-citronnelle-ct-citronellal-biologique\/","title":{"rendered":"Huile essentielle de Citronnelle CT. Citronellal biologique"},"content":{"rendered":"<h5><strong>Propri\u00e9t\u00e9s<\/strong><\/h5>\n<p><strong>Physiquement<\/strong><\/p>\n<ul>\n<li>\u00b7 R\u00e9pulsive contre les insectes (moustiques, poux, puces et tiques).<\/li>\n<li>\u00b7 Antiseptique atmosph\u00e9rique (purifie les environnements).<\/li>\n<li>\u00b7 Antimicrobienne et antifongique (inhibe la croissance des bact\u00e9ries et des champignons).<\/li>\n<li>\u00b7 D\u00e9odorant naturel (neutralise les odeurs).<\/li>\n<li>\u00b7 Tonique circulatoire doux (favorise la microcirculation).<\/li>\n<li>\u00b7 Apaisante et relaxante (favorise le repos en diffusion).<\/li>\n<li>\u00b7 Anti-inflammatoire et analg\u00e9sique doux (utile en massage dilu\u00e9 pour les douleurs articulaires ou musculaires).<\/li>\n<li>\u00b7 Antibact\u00e9rienne: utile dans les formulations de nettoyage naturel, les d\u00e9odorants et les savons.<\/li>\n<li>\u00b7 S\u00e9bor\u00e9gulatrice et astringente: indiqu\u00e9 pour les peaux grasses ou \u00e0 imperfections.<\/li>\n<\/ul>\n<p><strong>\u00c9motionnellement et \u00e9nerg\u00e9tiquement<\/strong><\/p>\n<ul>\n<li>\u00b7 Rafra\u00eechissement mental: aide \u00e0 dissiper la l\u00e9thargie, la confusion mentale ou la lourdeur \u00e9motionnelle.<\/li>\n<li>\u00b7 L\u00e9g\u00e8rement tonique \u00e9motionnelle: apporte vitalit\u00e9, clart\u00e9 et purification \u00e9nerg\u00e9tique.<\/li>\n<\/ul>\n<h5><a title=\"Ficha T\u00e9cnica Citronela QT Citronelal\" href=\"https:\/\/oleantis.com\/wp-content\/uploads\/2025\/09\/OLEANTIS_FT_Cymbopogon-winterianus.pdf\" target=\"_blank\" rel=\"noopener\"><strong>T\u00e9l\u00e9charger la F.T<\/strong><\/a><\/h5>\n<p>Nous proposons des produits de haute qualit\u00e9, certifi\u00e9s par des analyses de laboratoire, garantissant leur tra\u00e7abilit\u00e9 et leur puret\u00e9, soigneusement s\u00e9lectionn\u00e9s \u00e0 l\u2019origine pour leurs propri\u00e9t\u00e9s.<\/p>\n<p>Si, en plus de la fiche technique, vous avez besoin d\u2019un autre document, n\u2019h\u00e9sitez pas \u00e0 nous contacter \u00e0 l\u2019adresse suivante: <a href=\"mailto:info@oleantis.com\">info@oleantis.com<\/a><\/p>\n","protected":false},"excerpt":{"rendered":"<h3><em>Cymbopogon winterianus<\/em><\/h3>\n<p>\u00c9galement appel\u00e9e Citronnelle de Java, elle est largement utilis\u00e9e en aromath\u00e9rapie et en phytoth\u00e9rapie, principalement comme r\u00e9pulsif contre les insectes et dans les pr\u00e9parations pour usage topique. Elle est obtenue par distillation \u00e0 la vapeur d&rsquo;eau de la plante. Dans l&rsquo;\u00c9gypte antique, la citronnelle symbolisait la protection spirituelle et la purification, et \u00e9tait utilis\u00e9e dans les rituels et sur des amulettes pour prot\u00e9ger les maisons. Son ar\u00f4me frais, citronn\u00e9 et herbac\u00e9 est particuli\u00e8rement prononc\u00e9.   <\/p>\n<h5>Huile essentielle biologique 100% pure et naturelle.<\/h5>\n","protected":false},"featured_media":6371,"comment_status":"open","ping_status":"closed","template":"","meta":{"jetpack_publicize_message":"","jetpack_publicize_feature_enabled":true,"jetpack_social_post_already_shared":false,"jetpack_social_options":{"image_generator_settings":{"template":"highway","default_image_id":0,"font":"","enabled":false},"version":2}},"product_brand":[],"product_cat":[342,238,243],"product_tag":[362,361,348,344,351],"class_list":{"0":"post-7107","1":"product","2":"type-product","3":"status-publish","4":"has-post-thumbnail","6":"product_cat-healthy-fr","7":"product_cat-huile-essentielle","8":"product_cat-naturel","9":"product_tag-anti-inflammatoire","10":"product_tag-apaisant","11":"product_tag-aromatherapie","12":"product_tag-aromatique","13":"product_tag-sante","15":"first","16":"instock","17":"shipping-taxable","18":"product-type-simple"},"aioseo_notices":[],"jetpack_publicize_connections":[],"jetpack_sharing_enabled":true,"_links":{"self":[{"href":"https:\/\/oleantis.com\/fr\/wp-json\/wp\/v2\/product\/7107","targetHints":{"allow":["GET"]}}],"collection":[{"href":"https:\/\/oleantis.com\/fr\/wp-json\/wp\/v2\/product"}],"about":[{"href":"https:\/\/oleantis.com\/fr\/wp-json\/wp\/v2\/types\/product"}],"replies":[{"embeddable":true,"href":"https:\/\/oleantis.com\/fr\/wp-json\/wp\/v2\/comments?post=7107"}],"wp:featuredmedia":[{"embeddable":true,"href":"https:\/\/oleantis.com\/fr\/wp-json\/wp\/v2\/media\/6371"}],"wp:attachment":[{"href":"https:\/\/oleantis.com\/fr\/wp-json\/wp\/v2\/media?parent=7107"}],"wp:term":[{"taxonomy":"product_brand","embeddable":true,"href":"https:\/\/oleantis.com\/fr\/wp-json\/wp\/v2\/product_brand?post=7107"},{"taxonomy":"product_cat","embeddable":true,"href":"https:\/\/oleantis.com\/fr\/wp-json\/wp\/v2\/product_cat?post=7107"},{"taxonomy":"product_tag","embeddable":true,"href":"https:\/\/oleantis.com\/fr\/wp-json\/wp\/v2\/product_tag?post=7107"}],"curies":[{"name":"wp","href":"https:\/\/api.w.org\/{rel}","templated":true}]}}