{"id":7108,"date":"2025-09-14T12:33:48","date_gmt":"2025-09-14T10:33:48","guid":{"rendered":"https:\/\/oleantis.com\/producto\/huile-essentielle-de-cypres-biologique\/"},"modified":"2025-09-14T12:33:48","modified_gmt":"2025-09-14T10:33:48","slug":"huile-essentielle-de-cypres-biologique","status":"publish","type":"product","link":"https:\/\/oleantis.com\/fr\/produit\/huile-essentielle-de-cypres-biologique\/","title":{"rendered":"Huile essentielle de Cypr\u00e8s biologique"},"content":{"rendered":"<h3><strong>Propri\u00e9t\u00e9s<\/strong><\/h3>\n<p><strong>Physiquement<\/strong><\/p>\n<ul>\n<li>\u00b7 Tonique veineux et lymphatique: utile en cas de varices, d\u00b4h\u00e9morro\u00efdes, de jambes lourdes et d\u00b4\u0153d\u00e8mes.<\/li>\n<li>\u00b7 Antitussive et expectorante: id\u00e9al contre la toux s\u00e8che, spasmodique ou chronique.<\/li>\n<li>\u00b7 Antiseptique respiratoire: utile en cas de rhumes l\u00e9gers et de congestion nasale.<\/li>\n<li>\u00b7 R\u00e9gulatrice de la transpiration: utile contre l\u2019hyperhidrose et les sueurs nocturnes.<\/li>\n<li>\u00b7 Astringente et l\u00e9g\u00e8rement antiseptique cutan\u00e9: r\u00e9gule la transpiration et la production de s\u00e9bum.<\/li>\n<li>\u00b7 Antispasmodique douce: aide \u00e0 soulager les spasmes respiratoires (toux nerveuse et bronchite l\u00e9g\u00e8re)<\/li>\n<li>\u00b7 Propri\u00e9t\u00e9s hormonales douces: aide \u00e0 r\u00e9duire les r\u00e8gles abondantes ou douloureuses et \u00e0 stabiliser les l\u00e9gers changements hormonaux de la m\u00e9nopause.<\/li>\n<\/ul>\n<p><strong>\u00c9motionnellement et \u00e9nerg\u00e9tiquement<\/strong><\/p>\n<ul>\n<li>\u00b7 \u00c9quilibrante \u00e9motionnelle: indiqu\u00e9e pour surmonter les deuils, les pertes ou les grands changements.<\/li>\n<li>\u00b7 Ancrage et stabilit\u00e9: utile pour les personnes dispers\u00e9es ou \u00e9motionnellement instables.<\/li>\n<li>\u00b7 S\u00e9dative douce: favorise le calme int\u00e9rieur sans \u00eatre trop s\u00e9datif.<\/li>\n<li>\u00b7 Renforce la volont\u00e9 et la structure interne.<\/li>\n<\/ul>\n<h5><a title=\"Ficha T\u00e9cnica Cipr\u00e9s\" href=\"https:\/\/oleantis.com\/wp-content\/uploads\/2025\/09\/OLEANTIS_FT_Cupressus-sempervirens.pdf\" target=\"_blank\" rel=\"noopener\"><strong>T\u00e9l\u00e9charger la F.T<\/strong><\/a><\/h5>\n<p>Nous proposons des produits de haute qualit\u00e9, certifi\u00e9s par des analyses de laboratoire, garantissant leur tra\u00e7abilit\u00e9 et leur puret\u00e9, soigneusement s\u00e9lectionn\u00e9s \u00e0 l\u2019origine pour leurs propri\u00e9t\u00e9s.<\/p>\n<p>Si, en plus de la fiche technique, vous avez besoin d\u2019un autre document, n\u2019h\u00e9sitez pas \u00e0 nous contacter \u00e0 l\u2019adresse suivante: <a href=\"mailto:info@oleantis.com\">info@oleantis.com<\/a><\/p>\n","protected":false},"excerpt":{"rendered":"<h3><em>Cupressus sempervirens<\/em><\/h3>\n<p>Tr\u00e8s utilis\u00e9e en aromath\u00e9rapie et en phytoth\u00e9rapie pour ses propri\u00e9t\u00e9s circulatoires, respiratoires et \u00e9motionnelles. Elle est obtenue par distillation \u00e0 la vapeur d&rsquo;eau des tiges et des feuilles. Combin\u00e9e avec de l&rsquo;huile essentielle de menthe ou de citron, elle am\u00e9liore son action circulatoire; combin\u00e9e avec de la lavande ou de l&rsquo;orange douce, elle renforce son effet relaxant. De l&rsquo;\u00c9gypte antique \u00e0 nos jours, elle est un symbole de vie \u00e9ternelle. Elle est utilis\u00e9e depuis longtemps en m\u00e9decine traditionnelle chinoise et ayurv\u00e9dique.    <\/p>\n<h5>Huile essentielle biologique 100% pure et naturelle.<\/h5>\n","protected":false},"featured_media":6365,"comment_status":"open","ping_status":"closed","template":"","meta":{"jetpack_publicize_message":"","jetpack_publicize_feature_enabled":true,"jetpack_social_post_already_shared":false,"jetpack_social_options":{"image_generator_settings":{"template":"highway","default_image_id":0,"font":"","enabled":false},"version":2}},"product_brand":[],"product_cat":[346,342,238,243],"product_tag":[343,351,363],"class_list":{"0":"post-7108","1":"product","2":"type-product","3":"status-publish","4":"has-post-thumbnail","6":"product_cat-cosmetics-fr","7":"product_cat-healthy-fr","8":"product_cat-huile-essentielle","9":"product_cat-naturel","10":"product_tag-medicinal-fr","11":"product_tag-sante","12":"product_tag-traditionnel","14":"first","15":"instock","16":"shipping-taxable","17":"product-type-simple"},"aioseo_notices":[],"jetpack_publicize_connections":[],"jetpack_sharing_enabled":true,"_links":{"self":[{"href":"https:\/\/oleantis.com\/fr\/wp-json\/wp\/v2\/product\/7108","targetHints":{"allow":["GET"]}}],"collection":[{"href":"https:\/\/oleantis.com\/fr\/wp-json\/wp\/v2\/product"}],"about":[{"href":"https:\/\/oleantis.com\/fr\/wp-json\/wp\/v2\/types\/product"}],"replies":[{"embeddable":true,"href":"https:\/\/oleantis.com\/fr\/wp-json\/wp\/v2\/comments?post=7108"}],"wp:featuredmedia":[{"embeddable":true,"href":"https:\/\/oleantis.com\/fr\/wp-json\/wp\/v2\/media\/6365"}],"wp:attachment":[{"href":"https:\/\/oleantis.com\/fr\/wp-json\/wp\/v2\/media?parent=7108"}],"wp:term":[{"taxonomy":"product_brand","embeddable":true,"href":"https:\/\/oleantis.com\/fr\/wp-json\/wp\/v2\/product_brand?post=7108"},{"taxonomy":"product_cat","embeddable":true,"href":"https:\/\/oleantis.com\/fr\/wp-json\/wp\/v2\/product_cat?post=7108"},{"taxonomy":"product_tag","embeddable":true,"href":"https:\/\/oleantis.com\/fr\/wp-json\/wp\/v2\/product_tag?post=7108"}],"curies":[{"name":"wp","href":"https:\/\/api.w.org\/{rel}","templated":true}]}}