{"id":7109,"date":"2025-09-14T17:24:53","date_gmt":"2025-09-14T15:24:53","guid":{"rendered":"https:\/\/oleantis.com\/producto\/huile-essentielle-dencens-biologique\/"},"modified":"2025-09-14T17:24:53","modified_gmt":"2025-09-14T15:24:53","slug":"huile-essentielle-dencens-biologique","status":"publish","type":"product","link":"https:\/\/oleantis.com\/fr\/produit\/huile-essentielle-dencens-biologique\/","title":{"rendered":"Huile essentielle d&rsquo;Encens biologique"},"content":{"rendered":"<h5><strong>Propri\u00e9t\u00e9s<\/strong><\/h5>\n<p><strong>Physiquement<\/strong><\/p>\n<ul>\n<li>\u00b7 Anti-inflammatoire: utile en cas de douleurs musculaires, d\u2019arthrite et de processus inflammatoires chroniques.<\/li>\n<li>\u00b7 Cicatrisante et r\u00e9g\u00e9n\u00e9ratrice cutan\u00e9: favorise la r\u00e9g\u00e9n\u00e9ration cutan\u00e9e de la peau en cas de rides, vergetures, cicatrices et plaies.<\/li>\n<li>\u00b7 Antiseptique et expectorante: aide en cas de bronchite, de rhume, de toux, de sinusite et de congestion respiratoire.<\/li>\n<li>\u00b7 Immunostimulante: renforce les d\u00e9fenses contre les infections, utile en automne et en hiver.<\/li>\n<li>\u00b7 Encore \u00e0 l\u2019\u00e9tude: son potentiel est actuellement \u00e9tudi\u00e9 dans la pr\u00e9vention et le soutien de certains traitements de la maladie d\u2019Alzheimer ou de Parkinson.<\/li>\n<\/ul>\n<p><strong>\u00c9motionnellement et \u00e9nerg\u00e9tiquement<\/strong><\/p>\n<ul>\n<li>\u00b7 Anxiolytique et relaxante: apaise l\u2019esprit, r\u00e9duit l\u2019anxi\u00e9t\u00e9 et le stress.<\/li>\n<li>\u00b7 M\u00e9ditative: favorise l\u2019introspection et la concentration pendant la pri\u00e8re ou la m\u00e9ditation.<\/li>\n<li>\u00b7 Antid\u00e9presseur l\u00e9ger: aide en cas de baisse de moral.<\/li>\n<\/ul>\n<h5><a title=\"Ficha T\u00e9cnica Incienso\" href=\"https:\/\/oleantis.com\/wp-content\/uploads\/2025\/09\/OLEANTIS_FT_Boswellia_carterii.pdf\" target=\"_blank\" rel=\"noopener\"><strong>Descargar FIcha T\u00e9cnica<\/strong><\/a><\/h5>\n<p>Nous proposons des produits de haute qualit\u00e9, certifi\u00e9s par des analyses de laboratoire, garantissant leur tra\u00e7abilit\u00e9 et leur puret\u00e9, soigneusement s\u00e9lectionn\u00e9s \u00e0 l\u2019origine pour leurs propri\u00e9t\u00e9s.<\/p>\n<p>Si, en plus de la fiche technique, vous avez besoin d\u2019un autre document, n\u2019h\u00e9sitez pas \u00e0 nous contacter \u00e0 l\u2019adresse suivante: <a href=\"mailto:info@oleantis.com\">info@oleantis.com<\/a><\/p>\n","protected":false},"excerpt":{"rendered":"<h3><em>Boswellia carterii \/ Boswellia sacra<\/em><\/h3>\n<p>Aussi connue sous le nom d\u2019oliban, c\u2019est l\u2019une des huiles essentielles les plus anciennes, utilis\u00e9e dans les rituels, la m\u00e9ditation et les soins th\u00e9rapeutiques. Elle est obtenue par distillation \u00e0 la vapeur de la r\u00e9sine. Pendant des si\u00e8cles, l&rsquo;encens \u00e9tait plus cher que l&rsquo;or et n\u2019\u00e9tait accessible qu\u2019aux pr\u00eatres, aux rois ou aux riches marchands. Son commerce a favoris\u00e9 le d\u00e9veloppement de routes telles que la Route de l\u2019Encens, qui traversait l\u2019Arabie jusqu\u2019\u00e0 la M\u00e9diterran\u00e9e.   <\/p>\n<h5>Huile essentielle biologique 100% pure et naturelle.<\/h5>\n","protected":false},"featured_media":6344,"comment_status":"open","ping_status":"closed","template":"","meta":{"jetpack_publicize_message":"","jetpack_publicize_feature_enabled":true,"jetpack_social_post_already_shared":false,"jetpack_social_options":{"image_generator_settings":{"template":"highway","default_image_id":0,"font":"","enabled":false},"version":2}},"product_brand":[],"product_cat":[342,238,243],"product_tag":[362,364,348,365],"class_list":{"0":"post-7109","1":"product","2":"type-product","3":"status-publish","4":"has-post-thumbnail","6":"product_cat-healthy-fr","7":"product_cat-huile-essentielle","8":"product_cat-naturel","9":"product_tag-anti-inflammatoire","10":"product_tag-antiseptique","11":"product_tag-aromatherapie","12":"product_tag-meditatif","14":"first","15":"instock","16":"shipping-taxable","17":"product-type-simple"},"aioseo_notices":[],"jetpack_publicize_connections":[],"jetpack_sharing_enabled":true,"_links":{"self":[{"href":"https:\/\/oleantis.com\/fr\/wp-json\/wp\/v2\/product\/7109","targetHints":{"allow":["GET"]}}],"collection":[{"href":"https:\/\/oleantis.com\/fr\/wp-json\/wp\/v2\/product"}],"about":[{"href":"https:\/\/oleantis.com\/fr\/wp-json\/wp\/v2\/types\/product"}],"replies":[{"embeddable":true,"href":"https:\/\/oleantis.com\/fr\/wp-json\/wp\/v2\/comments?post=7109"}],"wp:featuredmedia":[{"embeddable":true,"href":"https:\/\/oleantis.com\/fr\/wp-json\/wp\/v2\/media\/6344"}],"wp:attachment":[{"href":"https:\/\/oleantis.com\/fr\/wp-json\/wp\/v2\/media?parent=7109"}],"wp:term":[{"taxonomy":"product_brand","embeddable":true,"href":"https:\/\/oleantis.com\/fr\/wp-json\/wp\/v2\/product_brand?post=7109"},{"taxonomy":"product_cat","embeddable":true,"href":"https:\/\/oleantis.com\/fr\/wp-json\/wp\/v2\/product_cat?post=7109"},{"taxonomy":"product_tag","embeddable":true,"href":"https:\/\/oleantis.com\/fr\/wp-json\/wp\/v2\/product_tag?post=7109"}],"curies":[{"name":"wp","href":"https:\/\/api.w.org\/{rel}","templated":true}]}}