{"id":7110,"date":"2025-09-14T17:44:44","date_gmt":"2025-09-14T15:44:44","guid":{"rendered":"https:\/\/oleantis.com\/producto\/huile-essentielle-de-citron-bio\/"},"modified":"2025-09-14T17:44:44","modified_gmt":"2025-09-14T15:44:44","slug":"huile-essentielle-de-citron-bio","status":"publish","type":"product","link":"https:\/\/oleantis.com\/fr\/produit\/huile-essentielle-de-citron-bio\/","title":{"rendered":"Huile essentielle de citron BIO"},"content":{"rendered":"<h5><strong>Propri\u00e9t\u00e9s<\/strong><\/h5>\n<p><strong>Physiquement<\/strong><\/p>\n<ul>\n<li>\u00b7 Digestive et carminative: facilite la digestion, r\u00e9duit les naus\u00e9es, les vomissements, les gaz et l\u00b4acidit\u00e9.<\/li>\n<li>\u00b7 H\u00e9patoprotectrice et d\u00e9purative: aide \u00e0 la d\u00e9toxification du foie et de la v\u00e9sicule biliaire.<\/li>\n<li>\u00b7 Antiseptique et antibact\u00e9rienne: utile contre les infections respiratoires et digestives.<\/li>\n<li>\u00b7 Antivirale: aide contre le rhume, la grippe et les infections virales.<\/li>\n<li>\u00b7 Tonique circulatoire: am\u00e9liore les varices, les h\u00e9morro\u00efdes et les jambes lourdes.<\/li>\n<li>\u00b7 Astringente et s\u00e9bor\u00e9gulatrice: utile pour l&rsquo;acn\u00e9, les peaux grasses et les impuret\u00e9s.<\/li>\n<li>\u00b7 Immunostimulante: renforce les d\u00e9fenses naturelles.<\/li>\n<li>\u00b7 D\u00e9sinfectante environnementale: purifie et rafra\u00eechit l&rsquo;air.<\/li>\n<\/ul>\n<p><strong>\u00c9motionnellement et \u00e9nerg\u00e9tiquement<\/strong><\/p>\n<ul>\n<li>\u00b7 Stimulante et revitalisante: elle am\u00e9liore la concentration et combat la fatigue mentale.<\/li>\n<li>\u00b7 Antid\u00e9presseur doux: elle favorise l&rsquo;optimisme et la clart\u00e9 d&rsquo;esprit.<\/li>\n<li>\u00b7 Rafra\u00eechissante sur le plan \u00e9motionnel: elle procure l\u00e9g\u00e8ret\u00e9, clart\u00e9 et renouveau \u00e9nerg\u00e9tique. Particuli\u00e8rement utile en p\u00e9riode de confusion, de saturation ou de lourdeur \u00e9motionnelle. <\/li>\n<\/ul>\n<h5><a title=\"Ficha T\u00e9cnica Lim\u00f3n\" href=\"https:\/\/oleantis.com\/wp-content\/uploads\/2025\/09\/OLEANTIS_FT_Citrus_x_limon.pdf\" target=\"_blank\" rel=\"noopener\"><strong>T\u00e9l\u00e9charger la F.T<\/strong><\/a><\/h5>\n<p>Nous proposons des produits de haute qualit\u00e9, certifi\u00e9s par des analyses de laboratoire, garantissant leur tra\u00e7abilit\u00e9 et leur puret\u00e9, soigneusement s\u00e9lectionn\u00e9s \u00e0 l\u2019origine pour leurs propri\u00e9t\u00e9s.<\/p>\n<p>Si, en plus de la fiche technique, vous avez besoin d\u2019un autre document, n\u2019h\u00e9sitez pas \u00e0 nous contacter \u00e0 l\u2019adresse suivante: <a href=\"mailto:info@oleantis.com\">info@oleantis.com<\/a><\/p>\n","protected":false},"excerpt":{"rendered":"<h3><em>Citrus x limon<\/em><\/h3>\n<p>Elle est obtenue par pression \u00e0 froid de l\u2019\u00e9corce fra\u00eeche du fruit. Tr\u00e8s appr\u00e9ci\u00e9e en aromath\u00e9rapie pour ses propri\u00e9t\u00e9s purifiantes, digestives et tonifiantes, il faut toutefois faire attention car elle est photosensibilisante. Rafra\u00eechissante et vivifiante, elle est largement utilis\u00e9e en aromath\u00e9rapie pour favoriser la vitalit\u00e9, purifier l\u2019air et apporter une touche de bonne humeur. Au Japon, elle a \u00e9t\u00e9 utilis\u00e9e dans les bureaux pour r\u00e9duire les erreurs et augmenter la productivit\u00e9. Elle poss\u00e8de un ar\u00f4me vif, frais et p\u00e9tillant, qui apporte une sensation de fra\u00eecheur \u00e0 tous types de pr\u00e9parations cosm\u00e9tiques et culinaires.   <\/p>\n<h5>Huile essentielle biologique 100% pure et naturelle.<\/h5>\n","protected":false},"featured_media":6362,"comment_status":"open","ping_status":"closed","template":"","meta":{"jetpack_publicize_message":"","jetpack_publicize_feature_enabled":true,"jetpack_social_post_already_shared":false,"jetpack_social_options":{"image_generator_settings":{"template":"highway","default_image_id":0,"font":"","enabled":false},"version":2}},"product_brand":[],"product_cat":[342,238,243,366],"product_tag":[368,367,355,369,370],"class_list":{"0":"post-7110","1":"product","2":"type-product","3":"status-publish","4":"has-post-thumbnail","6":"product_cat-healthy-fr","7":"product_cat-huile-essentielle","8":"product_cat-naturel","9":"product_cat-selfcare-fr","10":"product_tag-digestif","11":"product_tag-purificateur","12":"product_tag-rafraichissant","13":"product_tag-tonification","14":"product_tag-vigueur","16":"first","17":"instock","18":"shipping-taxable","19":"product-type-simple"},"aioseo_notices":[],"jetpack_publicize_connections":[],"jetpack_sharing_enabled":true,"_links":{"self":[{"href":"https:\/\/oleantis.com\/fr\/wp-json\/wp\/v2\/product\/7110","targetHints":{"allow":["GET"]}}],"collection":[{"href":"https:\/\/oleantis.com\/fr\/wp-json\/wp\/v2\/product"}],"about":[{"href":"https:\/\/oleantis.com\/fr\/wp-json\/wp\/v2\/types\/product"}],"replies":[{"embeddable":true,"href":"https:\/\/oleantis.com\/fr\/wp-json\/wp\/v2\/comments?post=7110"}],"wp:featuredmedia":[{"embeddable":true,"href":"https:\/\/oleantis.com\/fr\/wp-json\/wp\/v2\/media\/6362"}],"wp:attachment":[{"href":"https:\/\/oleantis.com\/fr\/wp-json\/wp\/v2\/media?parent=7110"}],"wp:term":[{"taxonomy":"product_brand","embeddable":true,"href":"https:\/\/oleantis.com\/fr\/wp-json\/wp\/v2\/product_brand?post=7110"},{"taxonomy":"product_cat","embeddable":true,"href":"https:\/\/oleantis.com\/fr\/wp-json\/wp\/v2\/product_cat?post=7110"},{"taxonomy":"product_tag","embeddable":true,"href":"https:\/\/oleantis.com\/fr\/wp-json\/wp\/v2\/product_tag?post=7110"}],"curies":[{"name":"wp","href":"https:\/\/api.w.org\/{rel}","templated":true}]}}