{"id":7111,"date":"2025-09-14T18:12:57","date_gmt":"2025-09-14T16:12:57","guid":{"rendered":"https:\/\/oleantis.com\/producto\/huile-essentielle-de-mandarine-rouge-bio\/"},"modified":"2025-09-14T18:12:57","modified_gmt":"2025-09-14T16:12:57","slug":"huile-essentielle-de-mandarine-rouge-bio","status":"publish","type":"product","link":"https:\/\/oleantis.com\/fr\/produit\/huile-essentielle-de-mandarine-rouge-bio\/","title":{"rendered":"Huile essentielle de mandarine rouge BIO"},"content":{"rendered":"<h5><strong>Propri\u00e9t\u00e9s<\/strong><\/h5>\n<p><strong>Physiquement<\/strong><\/p>\n<ul>\n<li>\u00b7 Digestive et carminative: favorise la digestion, soulage les gaz, les coliques et les indigestions.<\/li>\n<li>\u00b7 Antispasmodique: calme les spasmes digestifs et nerveux.<\/li>\n<li>\u00b7 L\u00e9g\u00e8rement s\u00e9dative: favorise un sommeil naturel, id\u00e9ale en cas d&rsquo;insomnie chez les enfants et les adultes anxieux.<\/li>\n<li>Antiseptique<\/li>\n<li>\u00b7 Drainante et d\u00e9toxifiante: stimule le syst\u00e8me lymphatique et est utile dans les traitements contre la cellulite ou la r\u00e9tention d&rsquo;eau.<\/li>\n<li>\u00b7 Tonique cutan\u00e9: contribue \u00e0 am\u00e9liorer les peaux grasses et \u00e0 tendance acn\u00e9ique. Adoucit et revitalise la peau, contribuant \u00e0 att\u00e9nuer les vergetures et les cicatrices (toujours dilu\u00e9e). <\/li>\n<\/ul>\n<p><strong>\u00c9motionnellement et \u00e9nerg\u00e9tiquement<\/strong><\/p>\n<ul>\n<li>\u00b7 Anxiolytique et relaxante: elle r\u00e9duit l&rsquo;anxi\u00e9t\u00e9, la nervosit\u00e9 et l&rsquo;irritabilit\u00e9.<\/li>\n<li>\u00b7 R\u00e9confortante: elle favorise l&rsquo;optimisme, calme l&rsquo;agitation et l&rsquo;hyperactivit\u00e9.<\/li>\n<li>\u00b7 Inductrice du sommeil: id\u00e9ale pour les enfants agit\u00e9s ou ayant des difficult\u00e9s \u00e0 s&rsquo;endormir.<\/li>\n<\/ul>\n<h5><a title=\"Ficha T\u00e9cnica Mandarina roja\" href=\"https:\/\/oleantis.com\/wp-content\/uploads\/2025\/09\/OLEANTIS_FT_Citrus_reticulata.pdf\" target=\"_blank\" rel=\"noopener\"><strong>T\u00e9l\u00e9charger la F.T<\/strong><\/a><\/h5>\n<p>Nous proposons des produits de haute qualit\u00e9, certifi\u00e9s par des analyses de laboratoire, garantissant leur tra\u00e7abilit\u00e9 et leur puret\u00e9, soigneusement s\u00e9lectionn\u00e9s \u00e0 l\u2019origine pour leurs propri\u00e9t\u00e9s.<\/p>\n<p>Si, en plus de la fiche technique, vous avez besoin d\u2019un autre document, n\u2019h\u00e9sitez pas \u00e0 nous contacter \u00e0 l\u2019adresse suivante: <a href=\"mailto:info@oleantis.com\">info@oleantis.com<\/a><\/p>\n","protected":false},"excerpt":{"rendered":"<h3><em>Citrus reticulata<\/em><\/h3>\n<p>C&rsquo;est une huile douce, sucr\u00e9e et tr\u00e8s bien tol\u00e9r\u00e9e, particuli\u00e8rement recommand\u00e9e pour les enfants, les personnes \u00e2g\u00e9es et les personnes sensibles. Son ar\u00f4me relaxant en fait un produit tr\u00e8s utilis\u00e9 en cas d\u2019insomnie, de nervosit\u00e9 et de troubles digestifs d&rsquo;origine \u00e9motionnelle. Obtenue par pression \u00e0 froid de l&rsquo;\u00e9corce <br \/>fra\u00eeche de la mandarine rouge, elle d\u00e9gage un ar\u00f4me extraordinairement doux. Incorporez l&rsquo;huile essentielle de mandarine \u00e0 votre routine quotidienne pour profiter de son parfum charmant et de ses multiples bienfaits, contribuant \u00e0 votre bien-\u00eatre physique et \u00e9motionnel. Le nom \u00ab mandarine \u00bb provient de la couleur des tuniques des mandarins chinois (fonctionnaires imp\u00e9riaux), \u00e0 qui ce fruit \u00e9tait offert en signe de respect. En Chine, elle symbolise la fortune et l&rsquo;abondance et est souvent offerte au Nouvel An pour attirer la prosp\u00e9rit\u00e9.     <\/p>\n<h5>Huile essentielle biologique 100% pure et naturelle.<\/h5>\n","protected":false},"featured_media":6353,"comment_status":"open","ping_status":"closed","template":"","meta":{"jetpack_publicize_message":"","jetpack_publicize_feature_enabled":true,"jetpack_social_post_already_shared":false,"jetpack_social_options":{"image_generator_settings":{"template":"highway","default_image_id":0,"font":"","enabled":false},"version":2}},"product_brand":[],"product_cat":[342,238,243],"product_tag":[372,368,371,351],"class_list":{"0":"post-7111","1":"product","2":"type-product","3":"status-publish","4":"has-post-thumbnail","6":"product_cat-healthy-fr","7":"product_cat-huile-essentielle","8":"product_cat-naturel","9":"product_tag-bien-etre","10":"product_tag-digestif","11":"product_tag-insomnie","12":"product_tag-sante","14":"first","15":"instock","16":"shipping-taxable","17":"product-type-simple"},"aioseo_notices":[],"jetpack_publicize_connections":[],"jetpack_sharing_enabled":true,"_links":{"self":[{"href":"https:\/\/oleantis.com\/fr\/wp-json\/wp\/v2\/product\/7111","targetHints":{"allow":["GET"]}}],"collection":[{"href":"https:\/\/oleantis.com\/fr\/wp-json\/wp\/v2\/product"}],"about":[{"href":"https:\/\/oleantis.com\/fr\/wp-json\/wp\/v2\/types\/product"}],"replies":[{"embeddable":true,"href":"https:\/\/oleantis.com\/fr\/wp-json\/wp\/v2\/comments?post=7111"}],"wp:featuredmedia":[{"embeddable":true,"href":"https:\/\/oleantis.com\/fr\/wp-json\/wp\/v2\/media\/6353"}],"wp:attachment":[{"href":"https:\/\/oleantis.com\/fr\/wp-json\/wp\/v2\/media?parent=7111"}],"wp:term":[{"taxonomy":"product_brand","embeddable":true,"href":"https:\/\/oleantis.com\/fr\/wp-json\/wp\/v2\/product_brand?post=7111"},{"taxonomy":"product_cat","embeddable":true,"href":"https:\/\/oleantis.com\/fr\/wp-json\/wp\/v2\/product_cat?post=7111"},{"taxonomy":"product_tag","embeddable":true,"href":"https:\/\/oleantis.com\/fr\/wp-json\/wp\/v2\/product_tag?post=7111"}],"curies":[{"name":"wp","href":"https:\/\/api.w.org\/{rel}","templated":true}]}}