{"id":7112,"date":"2025-09-14T17:39:07","date_gmt":"2025-09-14T15:39:07","guid":{"rendered":"https:\/\/oleantis.com\/producto\/huile-essentielle-de-lemongrass-bio\/"},"modified":"2025-09-14T17:39:07","modified_gmt":"2025-09-14T15:39:07","slug":"huile-essentielle-de-lemongrass-bio","status":"publish","type":"product","link":"https:\/\/oleantis.com\/fr\/produit\/huile-essentielle-de-lemongrass-bio\/","title":{"rendered":"Huile essentielle de Lemongrass BIO"},"content":{"rendered":"<h5><strong>Propri\u00e9t\u00e9s<\/strong><\/h5>\n<p><strong>Physiquement<\/strong><\/p>\n<ul>\n<li>\u00b7 Antibact\u00e9rienne et antifongique puissante: efficace contre les bact\u00e9ries, les champignons et les levures (mycoses, pied d&rsquo;athl\u00e8te, candidose).<\/li>\n<li>\u00b7 Astringente et purifiante pour la peau: r\u00e9gule l&rsquo;exc\u00e8s de s\u00e9bum, am\u00e9liore le tonus et la texture, et \u00e9limine les impuret\u00e9s et les bact\u00e9ries.<\/li>\n<li>\u00b7 Anti-inflammatoire et analg\u00e9sique: utile en cas de douleurs musculaires, articulaires ou de tendinites.<\/li>\n<li>\u00b7 Tonique digestif et carminatif: aide en cas d\u2019indigestion, de gaz et de coliques (usage oral uniquement sous supervision professionnelle).<\/li>\n<li>\u00b7 R\u00e9pulsive contre les moustiques, les puces et les tiques.<\/li>\n<li>\u00b7 D\u00e9sodorisant naturel: neutralise les odeurs.<\/li>\n<li>\u00b7 Tonique circulatoire: stimule la circulation, utile contre la cellulite et les jambes lourdes.<\/li>\n<\/ul>\n<p><strong>\u00c9motionnellement et \u00e9nerg\u00e9tiquement<\/strong><\/p>\n<ul>\n<li>\u00b7 Revitalisante et stimulante: combat la fatigue, l\u2019\u00e9puisement et le manque de concentration.<\/li>\n<li>\u00b7 \u00c9quilibrante: aide en cas de nervosit\u00e9 et d\u2019apathie.<\/li>\n<\/ul>\n<h5><a title=\"Ficha T\u00e9cnica Lemongrass\" href=\"https:\/\/oleantis.com\/wp-content\/uploads\/2025\/09\/OLEANTIS_FT_Cymbopogon-flexuosus.pdf\" target=\"_blank\" rel=\"noopener\"><strong>T\u00e9l\u00e9charger la F.T<\/strong><\/a><\/h5>\n<p>Nous proposons des produits de haute qualit\u00e9, certifi\u00e9s par des analyses de laboratoire, garantissant leur tra\u00e7abilit\u00e9 et leur puret\u00e9, soigneusement s\u00e9lectionn\u00e9s \u00e0 l\u2019origine pour leurs propri\u00e9t\u00e9s.<\/p>\n<p>Si, en plus de la fiche technique, vous avez besoin d\u2019un autre document, n\u2019h\u00e9sitez pas \u00e0 nous contacter \u00e0 l\u2019adresse suivante: <a href=\"mailto:info@oleantis.com\">info@oleantis.com<\/a><\/p>\n","protected":false},"excerpt":{"rendered":"<h3><em>Cymbopogon flexuosus<\/em><\/h3>\n<p>C&rsquo;est une huile tr\u00e8s aromatique, avec une note fra\u00eeche, citronn\u00e9e et herbac\u00e9e, dot\u00e9e de puissantes propri\u00e9t\u00e9s antimicrobiennes et tonifiantes. Elle est assez concentr\u00e9e, il faut donc l\u2019utiliser avec pr\u00e9caution sur la peau. Elle est obtenue par distillation \u00e0 la vapeur d&rsquo;eau des feuilles. \u00c9galement appel\u00e9e verveine des Indes ou citronnelle, elle est tr\u00e8s appr\u00e9ci\u00e9e en cosm\u00e9tique naturelle, en aromath\u00e9rapie et en cuisine pour sa polyvalence, son action tonifiante et son pouvoir purifiant.   <\/p>\n<h5>Huile essentielle biologique 100% pure et naturelle.<\/h5>\n","protected":false},"featured_media":6368,"comment_status":"open","ping_status":"closed","template":"","meta":{"jetpack_publicize_message":"","jetpack_publicize_feature_enabled":true,"jetpack_social_post_already_shared":false,"jetpack_social_options":{"image_generator_settings":{"template":"highway","default_image_id":0,"font":"","enabled":false},"version":2}},"product_brand":[],"product_cat":[356,341,346,342,238,243],"product_tag":[348,373,374],"class_list":{"0":"post-7112","1":"product","2":"type-product","3":"status-publish","4":"has-post-thumbnail","6":"product_cat-beauty-fr","7":"product_cat-body-care-fr","8":"product_cat-cosmetics-fr","9":"product_cat-healthy-fr","10":"product_cat-huile-essentielle","11":"product_cat-naturel","12":"product_tag-aromatherapie","13":"product_tag-cosmetique","14":"product_tag-cuisine","16":"first","17":"instock","18":"shipping-taxable","19":"product-type-simple"},"aioseo_notices":[],"jetpack_publicize_connections":[],"jetpack_sharing_enabled":true,"_links":{"self":[{"href":"https:\/\/oleantis.com\/fr\/wp-json\/wp\/v2\/product\/7112","targetHints":{"allow":["GET"]}}],"collection":[{"href":"https:\/\/oleantis.com\/fr\/wp-json\/wp\/v2\/product"}],"about":[{"href":"https:\/\/oleantis.com\/fr\/wp-json\/wp\/v2\/types\/product"}],"replies":[{"embeddable":true,"href":"https:\/\/oleantis.com\/fr\/wp-json\/wp\/v2\/comments?post=7112"}],"wp:featuredmedia":[{"embeddable":true,"href":"https:\/\/oleantis.com\/fr\/wp-json\/wp\/v2\/media\/6368"}],"wp:attachment":[{"href":"https:\/\/oleantis.com\/fr\/wp-json\/wp\/v2\/media?parent=7112"}],"wp:term":[{"taxonomy":"product_brand","embeddable":true,"href":"https:\/\/oleantis.com\/fr\/wp-json\/wp\/v2\/product_brand?post=7112"},{"taxonomy":"product_cat","embeddable":true,"href":"https:\/\/oleantis.com\/fr\/wp-json\/wp\/v2\/product_cat?post=7112"},{"taxonomy":"product_tag","embeddable":true,"href":"https:\/\/oleantis.com\/fr\/wp-json\/wp\/v2\/product_tag?post=7112"}],"curies":[{"name":"wp","href":"https:\/\/api.w.org\/{rel}","templated":true}]}}