{"id":7113,"date":"2025-09-14T17:30:24","date_gmt":"2025-09-14T15:30:24","guid":{"rendered":"https:\/\/oleantis.com\/producto\/huile-essentielle-de-lavande-fine-bio\/"},"modified":"2025-09-14T17:30:24","modified_gmt":"2025-09-14T15:30:24","slug":"huile-essentielle-de-lavande-fine-bio","status":"publish","type":"product","link":"https:\/\/oleantis.com\/fr\/produit\/huile-essentielle-de-lavande-fine-bio\/","title":{"rendered":"Huile essentielle de Lavande fine BIO"},"content":{"rendered":"<h5><strong>Propri\u00e9t\u00e9s<\/strong><\/h5>\n<p><strong>Physiquement<\/strong><\/p>\n<ul>\n<li>\u00b7 Apaisante et analg\u00e9sique: soulage les douleurs musculaires, les contractures, les c\u00e9phal\u00e9es et les coliques.<\/li>\n<li>\u00b7 Cicatrisante et r\u00e9g\u00e9n\u00e9ratrice cutan\u00e9e: utile pour les plaies, les br\u00fblures l\u00e9g\u00e8res, les piq\u00fbres, l\u2019acn\u00e9 et l\u2019ecz\u00e9ma.<\/li>\n<li>\u00b7 Antiseptique et anti-inflammatoire: aide en cas d\u2019infections cutan\u00e9es, d\u2019aphtes, de dermatites, d\u2019ecz\u00e9ma et de psoriasis.<\/li>\n<li>\u00b7 Antispasmodique: calme les spasmes digestifs, menstruels ou respiratoires.<\/li>\n<li>\u00b7 Hypotenseur l\u00e9ger: peut aider \u00e0 faire l\u00e9g\u00e8rement baisser la pression art\u00e9rielle en cas de tension nerveuse.<\/li>\n<li>\u00b7 R\u00e9pulsive contre les insectes et apaise leurs piq\u00fbres.<\/li>\n<\/ul>\n<p><strong>\u00c9motionnellement et \u00e9nerg\u00e9tiquement<\/strong><\/p>\n<ul>\n<li>\u00b7 Anxiolytique et s\u00e9dative: r\u00e9duit le stress, l&rsquo;anxi\u00e9t\u00e9, la nervosit\u00e9 et l&rsquo;insomnie.<\/li>\n<li>\u00b7 \u00c9quilibrante \u00e9motionnelle: aide en cas d\u2019irritabilit\u00e9, de tristesse ou d\u2019\u00e9puisement.<\/li>\n<li>\u00b7 Elle est utile aux personnes souffrant de sautes d&rsquo;humeur ou d&rsquo;hypersensibilit\u00e9 \u00e9motionnelle.<\/li>\n<li>\u00b7 Relaxante : favorise la concentration et le repos.<\/li>\n<\/ul>\n<h5><a title=\"Ficha T\u00e9cnica Lavanda Fina\" href=\"https:\/\/oleantis.com\/wp-content\/uploads\/2025\/09\/OLEANTIS_FT_Lavandula-angustifolia.pdf\" target=\"_blank\" rel=\"noopener\"><strong>T\u00e9l\u00e9charger la F.T<\/strong><\/a><\/h5>\n<p>Nous proposons des produits de haute qualit\u00e9, certifi\u00e9s par des analyses de laboratoire, garantissant leur tra\u00e7abilit\u00e9 et leur puret\u00e9, soigneusement s\u00e9lectionn\u00e9s \u00e0 l\u2019origine pour leurs propri\u00e9t\u00e9s.<\/p>\n<p>Si, en plus de la fiche technique, vous avez besoin d\u2019un autre document, n\u2019h\u00e9sitez pas \u00e0 nous contacter \u00e0 l\u2019adresse suivante: <a href=\"mailto:info@oleantis.com\">info@oleantis.com<\/a><\/p>\n","protected":false},"excerpt":{"rendered":"<h3><em>Lavandula angustifolia<\/em><\/h3>\n<p>C&rsquo;est l&rsquo;une des huiles essentielles d&rsquo;aromath\u00e9rapie les plus polyvalentes et les plus s\u00fbres, tant pour les adultes que pour les enfants. On l\u2019appelle \u00ab l&rsquo;armoire \u00e0 pharmacie en flacon \u00bb en raison de ses multiples utilisations. Elle est obtenue par distillation \u00e0 la vapeur d&rsquo;eau de la partie la plus fleurie de la plante. On dit que son nom vient du latin lavare, qui signifie \u00ab laver \u00bb, car les Romains l&rsquo;utilisaient dans leurs bains et pour parfumer leurs v\u00eatements, bien que certains attribuent \u00e9galement son nom \u00e0 sa couleur.   <\/p>\n<h5>Huile essentielle biologique 100% pure et naturelle.<\/h5>\n","protected":false},"featured_media":6383,"comment_status":"open","ping_status":"closed","template":"","meta":{"jetpack_publicize_message":"","jetpack_publicize_feature_enabled":true,"jetpack_social_post_already_shared":false,"jetpack_social_options":{"image_generator_settings":{"template":"highway","default_image_id":0,"font":"","enabled":false},"version":2}},"product_brand":[],"product_cat":[356,341,342,238,243],"product_tag":[375,361,348,344],"class_list":{"0":"post-7113","1":"product","2":"type-product","3":"status-publish","4":"has-post-thumbnail","6":"product_cat-beauty-fr","7":"product_cat-body-care-fr","8":"product_cat-healthy-fr","9":"product_cat-huile-essentielle","10":"product_cat-naturel","11":"product_tag-anxiolytique","12":"product_tag-apaisant","13":"product_tag-aromatherapie","14":"product_tag-aromatique","16":"first","17":"instock","18":"shipping-taxable","19":"product-type-simple"},"aioseo_notices":[],"jetpack_publicize_connections":[],"jetpack_sharing_enabled":true,"_links":{"self":[{"href":"https:\/\/oleantis.com\/fr\/wp-json\/wp\/v2\/product\/7113","targetHints":{"allow":["GET"]}}],"collection":[{"href":"https:\/\/oleantis.com\/fr\/wp-json\/wp\/v2\/product"}],"about":[{"href":"https:\/\/oleantis.com\/fr\/wp-json\/wp\/v2\/types\/product"}],"replies":[{"embeddable":true,"href":"https:\/\/oleantis.com\/fr\/wp-json\/wp\/v2\/comments?post=7113"}],"wp:featuredmedia":[{"embeddable":true,"href":"https:\/\/oleantis.com\/fr\/wp-json\/wp\/v2\/media\/6383"}],"wp:attachment":[{"href":"https:\/\/oleantis.com\/fr\/wp-json\/wp\/v2\/media?parent=7113"}],"wp:term":[{"taxonomy":"product_brand","embeddable":true,"href":"https:\/\/oleantis.com\/fr\/wp-json\/wp\/v2\/product_brand?post=7113"},{"taxonomy":"product_cat","embeddable":true,"href":"https:\/\/oleantis.com\/fr\/wp-json\/wp\/v2\/product_cat?post=7113"},{"taxonomy":"product_tag","embeddable":true,"href":"https:\/\/oleantis.com\/fr\/wp-json\/wp\/v2\/product_tag?post=7113"}],"curies":[{"name":"wp","href":"https:\/\/api.w.org\/{rel}","templated":true}]}}