{"id":7214,"date":"2025-09-14T21:00:19","date_gmt":"2025-09-14T19:00:19","guid":{"rendered":"https:\/\/oleantis.com\/producto\/huile-essentielle-dylang-ylang-complete-bio\/"},"modified":"2025-09-14T21:00:19","modified_gmt":"2025-09-14T19:00:19","slug":"huile-essentielle-dylang-ylang-complete-bio","status":"publish","type":"product","link":"https:\/\/oleantis.com\/fr\/produit\/huile-essentielle-dylang-ylang-complete-bio\/","title":{"rendered":"Huile essentielle d&rsquo;ylang-ylang compl\u00e8te BIO"},"content":{"rendered":"<h5><strong>Propri\u00e9t\u00e9s<\/strong><\/h5>\n<p><strong>Physiquement<\/strong><\/p>\n<ul>\n<li>\u00b7 Tonique cardiaque et hypotenseur : r\u00e9gule la tension art\u00e9rielle et calme les palpitations dues au stress.<\/li>\n<li>\u00b7 R\u00e9gulateur hormonal : soutient en cas de d\u00e9s\u00e9quilibres du cycle menstruel et de sympt\u00f4mes de la m\u00e9nopause.<\/li>\n<li>\u00b7 Aphrodisiaque naturel : stimule le d\u00e9sir et harmonise l&rsquo;\u00e9nergie sexuelle gr\u00e2ce \u00e0 la relaxation et \u00e0 l\u2019ouverture sensorielle.<\/li>\n<li>\u00b7 S\u00e9bor\u00e9gulateur utile pour les peaux grasses, l&rsquo;acn\u00e9 et les cheveux gras.<\/li>\n<li>\u00b7 Antispasmodique : soulage les crampes, les tensions musculaires et les douleurs menstruelles.<\/li>\n<li>\u00b7 Relaxant musculaire : apaise les tensions physiques li\u00e9es au stress ou \u00e0 l&rsquo;anxi\u00e9t\u00e9.<\/li>\n<li>\u00b7 Stimulant du cuir chevelu : fortifie les cheveux, leur apporte de la brillance et favorise leur croissance.<\/li>\n<\/ul>\n<p><strong>\u00c9motionnellement et \u00e9nerg\u00e9tiquement<\/strong><\/p>\n<ul>\n<li>\u00b7 Anxiolytique et relaxante profonde : aide en cas d\u2019anxi\u00e9t\u00e9, d\u2019insomnie, de stress et d\u2019irritabilit\u00e9.<\/li>\n<li>\u00b7 Antid\u00e9presseur et harmonisante \u00e9motionnelle: rel\u00e8ve le moral et \u00e9quilibre les \u00e9tats \u00e9motionnels extr\u00eames.<\/li>\n<li>\u00b7 S\u00e9dative douce: induit un \u00e9tat de calme et de s\u00e9r\u00e9nit\u00e9.<\/li>\n<\/ul>\n<h5><a title=\"Fiche technique Ylang Ylang compl\u00e8te\" href=\"https:\/\/oleantis.com\/wp-content\/uploads\/2025\/09\/OLEANTIS_FT_Cananga_Odorata.pdf\" target=\"_blank\" rel=\"noopener\"><strong>T\u00e9l\u00e9charger la F.T<\/strong><\/a><\/h5>\n<p>Nous proposons des produits de haute qualit\u00e9, certifi\u00e9s par des analyses de laboratoire, garantissant leur tra\u00e7abilit\u00e9 et leur puret\u00e9, soigneusement s\u00e9lectionn\u00e9s \u00e0 l\u2019origine pour leurs propri\u00e9t\u00e9s.<\/p>\n<p>Si, en plus de la fiche technique, vous avez besoin d\u2019un autre document, n\u2019h\u00e9sitez pas \u00e0 nous contacter \u00e0 l\u2019adresse suivante: <a href=\"mailto:info@oleantis.com\">info@oleantis.com<\/a><\/p>\n","protected":false},"excerpt":{"rendered":"<h3><em>Cananga odorata<\/em><\/h3>\n<p>C\u2019est un tr\u00e9sor en aromath\u00e9rapie gr\u00e2ce \u00e0 son ar\u00f4me floral, exotique et profond\u00e9ment enveloppant. C\u2019est l\u2019une des huiles les plus aphrodisiaques, relaxantes et r\u00e9gulatrices du syst\u00e8me nerveux et cardiovasculaire. Le terme \u00ab complet \u00bb indique qu&rsquo;elle a \u00e9t\u00e9 distill\u00e9e de mani\u00e8re int\u00e9grale (et non par fractions), gr\u00e2ce \u00e0 une distillation prolong\u00e9e qui lui conf\u00e8re une plus grande complexit\u00e9 <br \/>aromatique et un large \u00e9ventail de bienfaits th\u00e9rapeutiques. Elle est obtenue par la distillation compl\u00e8te de fleurs fra\u00eeches, capturant ainsi toutes les nuances aromatiques de cette essence exotique. Le nom \u00ab ylang-ylang \u00bb vient du tagalog \u00ab ilang-ilang \u00bb, qui signifie \u00ab la fleur de toutes les fleurs \u00bb.    <\/p>\n<h5>Huile essentielle biologique 100% pure et naturelle.<\/h5>\n","protected":false},"featured_media":6341,"comment_status":"open","ping_status":"closed","template":"","meta":{"jetpack_publicize_message":"","jetpack_publicize_feature_enabled":true,"jetpack_social_post_already_shared":false,"jetpack_social_options":{"image_generator_settings":{"template":"highway","default_image_id":0,"font":"","enabled":false},"version":2}},"product_brand":[],"product_cat":[346,342,238,243],"product_tag":[348,389,349,388,387,386],"class_list":{"0":"post-7214","1":"product","2":"type-product","3":"status-publish","4":"has-post-thumbnail","6":"product_cat-cosmetics-fr","7":"product_cat-healthy-fr","8":"product_cat-huile-essentielle","9":"product_cat-naturel","10":"product_tag-aromatherapie","11":"product_tag-cheveux","12":"product_tag-fourrure","13":"product_tag-myorelaxant","14":"product_tag-regulateur-hormonal","15":"product_tag-tonique","17":"first","18":"instock","19":"shipping-taxable","20":"product-type-simple"},"aioseo_notices":[],"jetpack_publicize_connections":[],"jetpack_sharing_enabled":true,"_links":{"self":[{"href":"https:\/\/oleantis.com\/fr\/wp-json\/wp\/v2\/product\/7214","targetHints":{"allow":["GET"]}}],"collection":[{"href":"https:\/\/oleantis.com\/fr\/wp-json\/wp\/v2\/product"}],"about":[{"href":"https:\/\/oleantis.com\/fr\/wp-json\/wp\/v2\/types\/product"}],"replies":[{"embeddable":true,"href":"https:\/\/oleantis.com\/fr\/wp-json\/wp\/v2\/comments?post=7214"}],"wp:featuredmedia":[{"embeddable":true,"href":"https:\/\/oleantis.com\/fr\/wp-json\/wp\/v2\/media\/6341"}],"wp:attachment":[{"href":"https:\/\/oleantis.com\/fr\/wp-json\/wp\/v2\/media?parent=7214"}],"wp:term":[{"taxonomy":"product_brand","embeddable":true,"href":"https:\/\/oleantis.com\/fr\/wp-json\/wp\/v2\/product_brand?post=7214"},{"taxonomy":"product_cat","embeddable":true,"href":"https:\/\/oleantis.com\/fr\/wp-json\/wp\/v2\/product_cat?post=7214"},{"taxonomy":"product_tag","embeddable":true,"href":"https:\/\/oleantis.com\/fr\/wp-json\/wp\/v2\/product_tag?post=7214"}],"curies":[{"name":"wp","href":"https:\/\/api.w.org\/{rel}","templated":true}]}}