{"id":7215,"date":"2025-09-14T18:19:29","date_gmt":"2025-09-14T16:19:29","guid":{"rendered":"https:\/\/oleantis.com\/producto\/huile-essentielle-de-menthe-poivree-bio\/"},"modified":"2025-09-14T18:19:29","modified_gmt":"2025-09-14T16:19:29","slug":"huile-essentielle-de-menthe-poivree-bio","status":"publish","type":"product","link":"https:\/\/oleantis.com\/fr\/produit\/huile-essentielle-de-menthe-poivree-bio\/","title":{"rendered":"Huile essentielle de menthe poivr\u00e9e BIO."},"content":{"rendered":"<h5><strong>Propri\u00e9t\u00e9s<\/strong><\/h5>\n<p><strong>Physiquement<\/strong><\/p>\n<ul>\n<li>\u00b7 Antalgique et rafra\u00eechissante: soulage les maux de t\u00eate, les douleurs musculaires, les douleurs articulaires et les n\u00e9vralgies.<\/li>\n<li>\u00b7 Antispasmodique et carminative: utile en cas de digestions lourdes, de naus\u00e9es, de gaz et de syndrome du c\u00f4lon irritable.<\/li>\n<li>\u00b7 Tonique digestif et h\u00e9patique: stimule la s\u00e9cr\u00e9tion biliaire et am\u00e9liore la digestion.<\/li>\n<li>\u00b7 D\u00e9congestionnante nasale et expectorante: efficace contre les rhumes, les sinusites et les rhinites.<\/li>\n<li>\u00b7 Anti\u00e9m\u00e9tique: combat les naus\u00e9es et les vertiges.<\/li>\n<li>\u00b7 Antiprurigineuse: soulage les d\u00e9mangeaisons, les allergies et l&rsquo;urticaire.<\/li>\n<li>\u00b7 Anti-inflammatoire musculaire: id\u00e9ale pour les massages post-effort ou pour les douleurs localis\u00e9es.<\/li>\n<li>\u00b7 Rafra\u00eechissante et vasoconstrictrice: procure un effet froid imm\u00e9diat sur la peau, utile pour les jambes lourdes, les varices, les coups ou les piq\u00fbres.<\/li>\n<\/ul>\n<p><strong>\u00c9motionnellement et \u00e9nerg\u00e9tiquement<\/strong><\/p>\n<ul>\n<li>\u00b7 Stimulante mentale et physique: elle combat la fatigue, le manque de concentration et la somnolence.<\/li>\n<li>\u00b7 Tonique g\u00e9n\u00e9ral: elle am\u00e9liore l&rsquo;humeur et revitalise le corps.<\/li>\n<\/ul>\n<h5><a title=\"Fiche Technique Menthe poivr\u00e9e\" href=\"https:\/\/oleantis.com\/wp-content\/uploads\/2025\/09\/OLEANTIS_FT_Mentha-piperita.pdf\" target=\"_blank\" rel=\"noopener\"><strong>T\u00e9l\u00e9charger la F.T<\/strong><\/a><\/h5>\n<p>Nous proposons des produits de haute qualit\u00e9, certifi\u00e9s par des analyses de laboratoire, garantissant leur tra\u00e7abilit\u00e9 et leur puret\u00e9, soigneusement s\u00e9lectionn\u00e9s \u00e0 l\u2019origine pour leurs propri\u00e9t\u00e9s.<\/p>\n<p>Si, en plus de la fiche technique, vous avez besoin d\u2019un autre document, n\u2019h\u00e9sitez pas \u00e0 nous contacter \u00e0 l\u2019adresse suivante: <a href=\"mailto:info@oleantis.com\">info@oleantis.com<\/a><\/p>\n","protected":false},"excerpt":{"rendered":"<h3><em>Menthe poivr\u00e9e<\/em><\/h3>\n<p>Avec son ar\u00f4me intens\u00e9ment frais, p\u00e9n\u00e9trant et vivifiant, l&rsquo;huile essentielle de Mentha piperita est un puissant stimulant naturel. Reconnue pour ses propri\u00e9t\u00e9s rafra\u00eechissantes, elle aide \u00e0 clarifier l&rsquo;esprit, \u00e0 soulager les maux de t\u00eate, \u00e0 am\u00e9liorer la concentration et \u00e0 combattre la fatigue mentale et physique. Obtenue par <br \/>distillation \u00e0 la vapeur d&rsquo;eau de la partie a\u00e9rienne de la plante, elle \u00e9tait d\u00e9j\u00e0 utilis\u00e9e par les anciens \u00c9gyptiens dans leurs rituels et comme plante m\u00e9dicinale il y a plus de 3 000 ans.   <\/p>\n<p>Id\u00e9ale pour revitaliser les environnements, apaiser les tensions ou apporter une touche \u00e9nergisante aux produits naturels, elle poss\u00e8de des propri\u00e9t\u00e9s digestives.<\/p>\n<h5>Huile essentielle biologique 100% pure et naturelle.<\/h5>\n","protected":false},"featured_media":6389,"comment_status":"open","ping_status":"closed","template":"","meta":{"jetpack_publicize_message":"","jetpack_publicize_feature_enabled":true,"jetpack_social_post_already_shared":false,"jetpack_social_options":{"image_generator_settings":{"template":"highway","default_image_id":0,"font":"","enabled":false},"version":2}},"product_brand":[],"product_cat":[342,238,243,366],"product_tag":[348,390,355,351],"class_list":{"0":"post-7215","1":"product","2":"type-product","3":"status-publish","4":"has-post-thumbnail","6":"product_cat-healthy-fr","7":"product_cat-huile-essentielle","8":"product_cat-naturel","9":"product_cat-selfcare-fr","10":"product_tag-aromatherapie","11":"product_tag-fatigue","12":"product_tag-rafraichissant","13":"product_tag-sante","15":"first","16":"instock","17":"shipping-taxable","18":"product-type-simple"},"aioseo_notices":[],"jetpack_publicize_connections":[],"jetpack_sharing_enabled":true,"_links":{"self":[{"href":"https:\/\/oleantis.com\/fr\/wp-json\/wp\/v2\/product\/7215","targetHints":{"allow":["GET"]}}],"collection":[{"href":"https:\/\/oleantis.com\/fr\/wp-json\/wp\/v2\/product"}],"about":[{"href":"https:\/\/oleantis.com\/fr\/wp-json\/wp\/v2\/types\/product"}],"replies":[{"embeddable":true,"href":"https:\/\/oleantis.com\/fr\/wp-json\/wp\/v2\/comments?post=7215"}],"wp:featuredmedia":[{"embeddable":true,"href":"https:\/\/oleantis.com\/fr\/wp-json\/wp\/v2\/media\/6389"}],"wp:attachment":[{"href":"https:\/\/oleantis.com\/fr\/wp-json\/wp\/v2\/media?parent=7215"}],"wp:term":[{"taxonomy":"product_brand","embeddable":true,"href":"https:\/\/oleantis.com\/fr\/wp-json\/wp\/v2\/product_brand?post=7215"},{"taxonomy":"product_cat","embeddable":true,"href":"https:\/\/oleantis.com\/fr\/wp-json\/wp\/v2\/product_cat?post=7215"},{"taxonomy":"product_tag","embeddable":true,"href":"https:\/\/oleantis.com\/fr\/wp-json\/wp\/v2\/product_tag?post=7215"}],"curies":[{"name":"wp","href":"https:\/\/api.w.org\/{rel}","templated":true}]}}