{"id":7216,"date":"2025-09-14T18:38:29","date_gmt":"2025-09-14T16:38:29","guid":{"rendered":"https:\/\/oleantis.com\/producto\/huile-essentielle-dorange-douce-bio\/"},"modified":"2025-09-14T18:38:29","modified_gmt":"2025-09-14T16:38:29","slug":"huile-essentielle-dorange-douce-bio","status":"publish","type":"product","link":"https:\/\/oleantis.com\/fr\/produit\/huile-essentielle-dorange-douce-bio\/","title":{"rendered":"Huile essentielle d&rsquo;orange douce BIO"},"content":{"rendered":"<h5><strong>Propri\u00e9t\u00e9s<\/strong><\/h5>\n<p><strong>Physiquement<\/strong><\/p>\n<ul>\n<li>\u00b7 Digestive et carminative : stimule la production de sucs gastriques et soulage les gaz, les indigestions et les coliques. Elle est \u00e9galement utile pour stimuler l\u2019app\u00e9tit. <\/li>\n<li>\u00b7 L\u00e9g\u00e8rement s\u00e9dative : aide en cas d\u2019insomnie, de nervosit\u00e9 ou d\u2019anxi\u00e9t\u00e9 l\u00e9g\u00e8re.<\/li>\n<li>\u00b7 Rafra\u00eechissante et tonifiante douce : utile en cas de fatigue physique ou mentale.<\/li>\n<li>\u00b7 Antiseptique de l\u2019air : purifie l\u2019air et contribue \u00e0 pr\u00e9venir la propagation des germes.<\/li>\n<li>\u00b7 Tonique lymphatique et d\u00e9purative douce: favorise l\u2019\u00e9limination des liquides et des toxines.<\/li>\n<li>\u00b7 Astringente l\u00e9g\u00e8re : id\u00e9ale pour les peaux mixtes aux pores visibles.<\/li>\n<\/ul>\n<p><strong>\u00c9motionnellement et \u00e9nerg\u00e9tiquement<\/strong><\/p>\n<ul>\n<li>\u00b7 Anxiolytique et antid\u00e9presseur naturel : elle remonte le moral et dissipe les tensions.<\/li>\n<li>\u00b7 Calmante pour les enfants : excellente pour les enfants agit\u00e9s ou ayant des difficult\u00e9s \u00e0 s\u2019endormir.<\/li>\n<li>\u00b7 Favorisante l\u2019optimisme et la cr\u00e9ativit\u00e9 : id\u00e9ale en cas de blocage mental ou \u00e9motionnel.<\/li>\n<\/ul>\n<h5><a title=\"Fiche Technique Orange douce\" href=\"OLEANTIS_FT_Citrus_x_sinensis\" target=\"_blank\" rel=\"noopener\"><strong>T\u00e9l\u00e9charger la F.T<\/strong><\/a><\/h5>\n<p>Nous proposons des produits de haute qualit\u00e9, certifi\u00e9s par des analyses de laboratoire, garantissant leur tra\u00e7abilit\u00e9 et leur puret\u00e9, soigneusement s\u00e9lectionn\u00e9s \u00e0 l\u2019origine pour leurs propri\u00e9t\u00e9s.<\/p>\n<p>Si, en plus de la fiche technique, vous avez besoin d\u2019un autre document, n\u2019h\u00e9sitez pas \u00e0 nous contacter \u00e0 l\u2019adresse suivante: <a href=\"mailto:info@oleantis.com\">info@oleantis.com<\/a><\/p>\n","protected":false},"excerpt":{"rendered":"<h3><em>Citrus sinensis<\/em><\/h3>\n<p>Son ar\u00f4me frais, doux et fruit\u00e9 \u00e0 la fois revitalisant et \u00e9nergisant. Cette huile essentielle est obtenue par pression \u00e0 froid de l&rsquo;\u00e9corce fra\u00eeche du fruit. Dans la Chine ancienne, l&rsquo;orange douce \u00e9tait un symbole de bonne fortune et de prosp\u00e9rit\u00e9 ; aujourd&rsquo;hui encore, son parfum est associ\u00e9 \u00e0 l&rsquo;optimisme et au renouveau, ce qui en fait un favori lors des c\u00e9l\u00e9brations et les rituels de bien-\u00eatre. Id\u00e9ale pour l&rsquo;aromath\u00e9rapie, les produits cosm\u00e9tiques naturels ou simplement pour parfumer la maison d&rsquo;une touche de soleil.   <\/p>\n<h5>Huile essentielle biologique 100% pure et naturelle.<\/h5>\n","protected":false},"featured_media":6356,"comment_status":"open","ping_status":"closed","template":"","meta":{"jetpack_publicize_message":"","jetpack_publicize_feature_enabled":true,"jetpack_social_post_already_shared":false,"jetpack_social_options":{"image_generator_settings":{"template":"highway","default_image_id":0,"font":"","enabled":false},"version":2}},"product_brand":[],"product_cat":[356,341,346,342,238,243],"product_tag":[364,375,373,355],"class_list":{"0":"post-7216","1":"product","2":"type-product","3":"status-publish","4":"has-post-thumbnail","6":"product_cat-beauty-fr","7":"product_cat-body-care-fr","8":"product_cat-cosmetics-fr","9":"product_cat-healthy-fr","10":"product_cat-huile-essentielle","11":"product_cat-naturel","12":"product_tag-antiseptique","13":"product_tag-anxiolytique","14":"product_tag-cosmetique","15":"product_tag-rafraichissant","17":"first","18":"instock","19":"shipping-taxable","20":"product-type-simple"},"aioseo_notices":[],"jetpack_publicize_connections":[],"jetpack_sharing_enabled":true,"_links":{"self":[{"href":"https:\/\/oleantis.com\/fr\/wp-json\/wp\/v2\/product\/7216","targetHints":{"allow":["GET"]}}],"collection":[{"href":"https:\/\/oleantis.com\/fr\/wp-json\/wp\/v2\/product"}],"about":[{"href":"https:\/\/oleantis.com\/fr\/wp-json\/wp\/v2\/types\/product"}],"replies":[{"embeddable":true,"href":"https:\/\/oleantis.com\/fr\/wp-json\/wp\/v2\/comments?post=7216"}],"wp:featuredmedia":[{"embeddable":true,"href":"https:\/\/oleantis.com\/fr\/wp-json\/wp\/v2\/media\/6356"}],"wp:attachment":[{"href":"https:\/\/oleantis.com\/fr\/wp-json\/wp\/v2\/media?parent=7216"}],"wp:term":[{"taxonomy":"product_brand","embeddable":true,"href":"https:\/\/oleantis.com\/fr\/wp-json\/wp\/v2\/product_brand?post=7216"},{"taxonomy":"product_cat","embeddable":true,"href":"https:\/\/oleantis.com\/fr\/wp-json\/wp\/v2\/product_cat?post=7216"},{"taxonomy":"product_tag","embeddable":true,"href":"https:\/\/oleantis.com\/fr\/wp-json\/wp\/v2\/product_tag?post=7216"}],"curies":[{"name":"wp","href":"https:\/\/api.w.org\/{rel}","templated":true}]}}