{"id":7217,"date":"2025-09-14T20:04:24","date_gmt":"2025-09-14T18:04:24","guid":{"rendered":"https:\/\/oleantis.com\/producto\/huile-essentielle-de-pamplemousse-blanc-bio\/"},"modified":"2025-09-14T20:04:24","modified_gmt":"2025-09-14T18:04:24","slug":"huile-essentielle-de-pamplemousse-blanc-bio","status":"publish","type":"product","link":"https:\/\/oleantis.com\/fr\/produit\/huile-essentielle-de-pamplemousse-blanc-bio\/","title":{"rendered":"Huile essentielle de pamplemousse blanc BIO"},"content":{"rendered":"<h5><strong>Propri\u00e9t\u00e9s<\/strong><\/h5>\n<p><strong>Physiquement<\/strong><\/p>\n<ul>\n<li>\u00b7 Drainante lymphatique et lipolytique : elle stimule l\u2019\u00e9limination des graisses et des toxines, id\u00e9ale pour la cellulite, la r\u00e9tention d\u2019eau et de surpoids.<\/li>\n<li>\u00b7 Tonique digestive et h\u00e9patique : elle am\u00e9liore les digestions lourdes, les naus\u00e9es l\u00e9g\u00e8res et la congestion h\u00e9patique.<\/li>\n<li>\u00b7 D\u00e9purative et diur\u00e9tique douce: elle favorise l\u2019\u00e9limination des liquides et des d\u00e9chets m\u00e9taboliques.<\/li>\n<li>\u00b7 Antiseptique de l\u2019air : purifie l\u2019air et contribue \u00e0 pr\u00e9venir la propagation des germes.<\/li>\n<li>\u00b7 R\u00e9gulatrice de l\u2019app\u00e9tit : elle aide \u00e0 contr\u00f4ler l\u2019anxi\u00e9t\u00e9 li\u00e9e \u00e0 la nourriture.<\/li>\n<li>\u00b7 Astringente et tonique cutan\u00e9e : elle r\u00e9gule l\u2019exc\u00e8s de s\u00e9bum sur les peaux et cuirs chevelus gras, et am\u00e9liore l\u2019apparence des peaux ternes ou congestionn\u00e9es.<\/li>\n<\/ul>\n<p><strong>\u00c9motionnellement et \u00e9nerg\u00e9tiquement<\/strong><\/p>\n<ul>\n<li>\u00b7 Stimulante et l\u00e9g\u00e8rement antid\u00e9pressive : am\u00e9liore l\u2019humeur, apporte de la l\u00e9g\u00e8ret\u00e9 mentale et de la clart\u00e9 d\u2019esprit.<\/li>\n<li>\u00b7 Antistress et \u00e9quilibrante \u00e9motionnelle : elle aide \u00e0 lib\u00e9rer les tensions et les blocages \u00e9motionnels, et \u00e0 se sentir plus motiv\u00e9.<\/li>\n<li>\u00b7 Rafra\u00eechissante pour l\u2019esprit : id\u00e9ale le matin ou apr\u00e8s une p\u00e9riode de fatigue mentale.<\/li>\n<\/ul>\n<h5><a href=\"https:\/\/oleantis.com\/wp-content\/uploads\/2025\/09\/OLEANTIS_FT_Citrus_paradisi-1.pdf\"><strong>T\u00e9l\u00e9charger la F.T<\/strong><\/a><\/h5>\n<p>Nous proposons des produits de haute qualit\u00e9, certifi\u00e9s par des analyses de laboratoire, garantissant leur tra\u00e7abilit\u00e9 et leur puret\u00e9, soigneusement s\u00e9lectionn\u00e9s \u00e0 l\u2019origine pour leurs propri\u00e9t\u00e9s.<\/p>\n<p>Si, en plus de la fiche technique, vous avez besoin d\u2019un autre document, n\u2019h\u00e9sitez pas \u00e0 nous contacter \u00e0 l\u2019adresse suivante: <a href=\"mailto:info@oleantis.com\">info@oleantis.com<\/a><\/p>\n","protected":false},"excerpt":{"rendered":"<h3><em>Citrus paradisi<\/em><\/h3>\n<p>C&rsquo;est une huile fra\u00eeche, citronn\u00e9e et \u00e9nergisante. Elle est obtenue par pression \u00e0 froid de l\u2019\u00e9corce du fruit. Elle est id\u00e9ale pour stimuler le syst\u00e8me lymphatique, lutter contre la cellulite, r\u00e9guler l&rsquo;app\u00e9tit et am\u00e9liorer l&rsquo;humeur. Son nom scientifique, Citrus paradisi (\u00ab agrume du paradis \u00bb), refl\u00e8te l&rsquo;impression divine qu&rsquo;elle a faite aux premiers Europ\u00e9ens qui l&rsquo;ont go\u00fbt\u00e9e.   <\/p>\n<h5>Huile essentielle biologique 100% pure et naturelle.<\/h5>\n","protected":false},"featured_media":6350,"comment_status":"open","ping_status":"closed","template":"","meta":{"jetpack_publicize_message":"","jetpack_publicize_feature_enabled":true,"jetpack_social_post_already_shared":false,"jetpack_social_options":{"image_generator_settings":{"template":"highway","default_image_id":0,"font":"","enabled":false},"version":2}},"product_brand":[],"product_cat":[342,238,243],"product_tag":[372,393,367,351,391,392,386],"class_list":{"0":"post-7217","1":"product","2":"type-product","3":"status-publish","4":"has-post-thumbnail","6":"product_cat-healthy-fr","7":"product_cat-huile-essentielle","8":"product_cat-naturel","9":"product_tag-bien-etre","10":"product_tag-drainante","11":"product_tag-purificateur","12":"product_tag-sante","13":"product_tag-stimulant","14":"product_tag-systeme-lymphatique","15":"product_tag-tonique","17":"first","18":"instock","19":"shipping-taxable","20":"product-type-simple"},"aioseo_notices":[],"jetpack_publicize_connections":[],"jetpack_sharing_enabled":true,"_links":{"self":[{"href":"https:\/\/oleantis.com\/fr\/wp-json\/wp\/v2\/product\/7217","targetHints":{"allow":["GET"]}}],"collection":[{"href":"https:\/\/oleantis.com\/fr\/wp-json\/wp\/v2\/product"}],"about":[{"href":"https:\/\/oleantis.com\/fr\/wp-json\/wp\/v2\/types\/product"}],"replies":[{"embeddable":true,"href":"https:\/\/oleantis.com\/fr\/wp-json\/wp\/v2\/comments?post=7217"}],"wp:featuredmedia":[{"embeddable":true,"href":"https:\/\/oleantis.com\/fr\/wp-json\/wp\/v2\/media\/6350"}],"wp:attachment":[{"href":"https:\/\/oleantis.com\/fr\/wp-json\/wp\/v2\/media?parent=7217"}],"wp:term":[{"taxonomy":"product_brand","embeddable":true,"href":"https:\/\/oleantis.com\/fr\/wp-json\/wp\/v2\/product_brand?post=7217"},{"taxonomy":"product_cat","embeddable":true,"href":"https:\/\/oleantis.com\/fr\/wp-json\/wp\/v2\/product_cat?post=7217"},{"taxonomy":"product_tag","embeddable":true,"href":"https:\/\/oleantis.com\/fr\/wp-json\/wp\/v2\/product_tag?post=7217"}],"curies":[{"name":"wp","href":"https:\/\/api.w.org\/{rel}","templated":true}]}}