{"id":7218,"date":"2025-09-14T18:46:18","date_gmt":"2025-09-14T16:46:18","guid":{"rendered":"https:\/\/oleantis.com\/producto\/huile-essentielle-de-patchouli-bio\/"},"modified":"2025-09-14T18:46:18","modified_gmt":"2025-09-14T16:46:18","slug":"huile-essentielle-de-patchouli-bio","status":"publish","type":"product","link":"https:\/\/oleantis.com\/fr\/produit\/huile-essentielle-de-patchouli-bio\/","title":{"rendered":"Huile essentielle de patchouli BIO"},"content":{"rendered":"<h5><strong>Propri\u00e9t\u00e9s<\/strong><\/h5>\n<p><strong>Physiquement<\/strong><\/p>\n<ul>\n<li>\u00b7 R\u00e9g\u00e9n\u00e9ratrice cutan\u00e9e : stimule la r\u00e9g\u00e9n\u00e9ration cellulaire, excellent pour les peaux matures, les rides, les vergetures et les cicatrices.<\/li>\n<li>\u00b7 Anti-inflammatoire et cicatrisante : utile pour les peaux ab\u00eem\u00e9es, l&rsquo;ecz\u00e9ma, la dermatite et les crevasses.<\/li>\n<li>\u00b7 Antifongique et antiseptique : efficace contre les mycoses (infections fongiques), le pied d&rsquo;athl\u00e8te, l&rsquo;acn\u00e9 et les plaies.<\/li>\n<li>\u00b7 Tonique veineux et lymphatique : am\u00e9liore la circulation, utile en cas de varices, d&rsquo;\u0153d\u00e8me et de cellulite.<\/li>\n<li>\u00b7 D\u00e9odorant naturel : combat les odeurs d\u00e9sagr\u00e9ables gr\u00e2ce \u00e0 son action antimicrobienne.<\/li>\n<li>\u00b7 Immunostimulante : renforce les d\u00e9fenses de l\u2019organisme.<\/li>\n<\/ul>\n<p><strong>\u00c9motionnellement et \u00e9nerg\u00e9tiquement<\/strong><\/p>\n<ul>\n<li>\u00b7 \u00c9quilibrante du syst\u00e8me nerveux : calme l\u2019esprit sans s\u00e9dation, id\u00e9al en cas d\u2019anxi\u00e9t\u00e9 accompagn\u00e9e d\u2019agitation.<\/li>\n<li>\u00b7 Aphrodisiaque : stimule la sensualit\u00e9, utile en cas de blocage \u00e9motionnel ou de d\u00e9connexion avec le corps.<\/li>\n<li>\u00b7 Elle apporte ancrage et stabilit\u00e9 : elle aide \u00e0 retrouver son centre, particuli\u00e8rement utile pour les personnes dispers\u00e9es ou \u00e9motionnellement instables ; elle aide \u00e0 se reconnecter au pr\u00e9sent, \u00e0 \u00ab revenir \u00e0 la r\u00e9alit\u00e9 \u00bb.<\/li>\n<\/ul>\n<h5><a title=\"Fiche Technique Patchouli\" href=\"https:\/\/oleantis.com\/wp-content\/uploads\/2025\/09\/AE-PATCHOULI-ECO-DS.pdf\" target=\"_blank\" rel=\"noopener\"><strong>T\u00e9l\u00e9charger la F.T<\/strong><\/a><\/h5>\n<p>Nous proposons des produits de haute qualit\u00e9, certifi\u00e9s par des analyses de laboratoire, garantissant leur tra\u00e7abilit\u00e9 et leur puret\u00e9, soigneusement s\u00e9lectionn\u00e9s \u00e0 l\u2019origine pour leurs propri\u00e9t\u00e9s.<\/p>\n<p>Si, en plus de la fiche technique, vous avez besoin d\u2019un autre document, n\u2019h\u00e9sitez pas \u00e0 nous contacter \u00e0 l\u2019adresse suivante: <a href=\"mailto:info@oleantis.com\">info@oleantis.com<\/a><\/p>\n","protected":false},"excerpt":{"rendered":"<h3><em>Pogostemon cablin<\/em><\/h3>\n<p>C&rsquo;est une huile \u00e0 l&rsquo;ar\u00f4me profond, terreux et sensuel, tr\u00e8s appr\u00e9ci\u00e9e aussi bien en parfumerie qu\u2019en aromath\u00e9rapie. Elle poss\u00e8de des propri\u00e9t\u00e9s \u00e9quilibrantes, r\u00e9g\u00e9n\u00e9ratrices et aphrodisiaques, et elle est particuli\u00e8rement utile pour les peaux matures, la circulation sanguine et le syst\u00e8me nerveux. Elle est obtenue par distillation \u00e0 la vapeur des feuilles. Sur la Route de la Soie, les marchands enveloppaient les tissus de cachemire dans des feuilles de patchouli s\u00e9ch\u00e9es pour les prot\u00e9ger des mites. C&rsquo;est ainsi que son ar\u00f4me exotique s&rsquo;est popularis\u00e9 en Europe. Dans les ann\u00e9es 1960 et 1970, le patchouli est devenu l&#8217;embl\u00e8me aromatique du mouvement hippie.     <\/p>\n<h5>Huile essentielle biologique 100% pure et naturelle.<\/h5>\n","protected":false},"featured_media":6395,"comment_status":"open","ping_status":"closed","template":"","meta":{"jetpack_publicize_message":"","jetpack_publicize_feature_enabled":true,"jetpack_social_post_already_shared":false,"jetpack_social_options":{"image_generator_settings":{"template":"highway","default_image_id":0,"font":"","enabled":false},"version":2}},"product_brand":[],"product_cat":[356,342,238,243],"product_tag":[348,350,349,394,351],"class_list":{"0":"post-7218","1":"product","2":"type-product","3":"status-publish","4":"has-post-thumbnail","6":"product_cat-beauty-fr","7":"product_cat-healthy-fr","8":"product_cat-huile-essentielle","9":"product_cat-naturel","10":"product_tag-aromatherapie","11":"product_tag-cutane","12":"product_tag-fourrure","13":"product_tag-parfumerie","14":"product_tag-sante","16":"first","17":"instock","18":"shipping-taxable","19":"product-type-simple"},"aioseo_notices":[],"jetpack_publicize_connections":[],"jetpack_sharing_enabled":true,"_links":{"self":[{"href":"https:\/\/oleantis.com\/fr\/wp-json\/wp\/v2\/product\/7218","targetHints":{"allow":["GET"]}}],"collection":[{"href":"https:\/\/oleantis.com\/fr\/wp-json\/wp\/v2\/product"}],"about":[{"href":"https:\/\/oleantis.com\/fr\/wp-json\/wp\/v2\/types\/product"}],"replies":[{"embeddable":true,"href":"https:\/\/oleantis.com\/fr\/wp-json\/wp\/v2\/comments?post=7218"}],"wp:featuredmedia":[{"embeddable":true,"href":"https:\/\/oleantis.com\/fr\/wp-json\/wp\/v2\/media\/6395"}],"wp:attachment":[{"href":"https:\/\/oleantis.com\/fr\/wp-json\/wp\/v2\/media?parent=7218"}],"wp:term":[{"taxonomy":"product_brand","embeddable":true,"href":"https:\/\/oleantis.com\/fr\/wp-json\/wp\/v2\/product_brand?post=7218"},{"taxonomy":"product_cat","embeddable":true,"href":"https:\/\/oleantis.com\/fr\/wp-json\/wp\/v2\/product_cat?post=7218"},{"taxonomy":"product_tag","embeddable":true,"href":"https:\/\/oleantis.com\/fr\/wp-json\/wp\/v2\/product_tag?post=7218"}],"curies":[{"name":"wp","href":"https:\/\/api.w.org\/{rel}","templated":true}]}}