{"id":7219,"date":"2025-09-14T18:53:01","date_gmt":"2025-09-14T16:53:01","guid":{"rendered":"https:\/\/oleantis.com\/producto\/huile-essentielle-de-pin-sylvestre-bio\/"},"modified":"2025-09-14T18:53:01","modified_gmt":"2025-09-14T16:53:01","slug":"huile-essentielle-de-pin-sylvestre-bio","status":"publish","type":"product","link":"https:\/\/oleantis.com\/fr\/produit\/huile-essentielle-de-pin-sylvestre-bio\/","title":{"rendered":"Huile essentielle de pin sylvestre BIO"},"content":{"rendered":"<h5><strong>Propri\u00e9t\u00e9s<\/strong><\/h5>\n<p><strong>Physiquement<\/strong><\/p>\n<ul>\n<li>\u00b7 Expectorante et d\u00e9congestionnante respiratoire : utile en cas de bronchite, sinusite, toux grasse, rhume et grippe.<\/li>\n<li>\u00b7 Antiseptique pulmonaire et a\u00e9rien: purifie l\u2019air et les voies respiratoires et pr\u00e9vient les infections respiratoires l\u00e9g\u00e8res.<\/li>\n<li>\u00b7 Stimulante surr\u00e9nalienne : combat l\u2019\u00e9puisement et la fatigue chronique.<\/li>\n<li>\u00b7 Tonique g\u00e9n\u00e9ral et circulatoire : am\u00e9liore la microcirculation et l\u2019oxyg\u00e9nation, id\u00e9al pour les jambes fatigu\u00e9es.<\/li>\n<li>\u00b7 Antalgique et anti-inflammatoire : soulage les douleurs musculaires, articulaires et rhumatismales.<\/li>\n<li>\u00b7 Diur\u00e9tique et d\u00e9toxifiante : favorise l\u2019\u00e9limination des liquides et des toxines et contribue au traitement de la cellulite.<\/li>\n<li>\u00b7 Tonique pour la peau et le cuir chevelu : peut aider \u00e0 r\u00e9guler les peaux grasses et \u00e0 traiter les pellicules ou un cuir chevelu fragilis\u00e9. Elle est utilis\u00e9e dans les shampoings ou les lotions stimulantes pour les cheveux. <\/li>\n<\/ul>\n<p><strong>\u00c9motionnellement et \u00e9nerg\u00e9tiquement<\/strong><\/p>\n<ul>\n<li>\u00b7 Revitalisante et \u00e9nergisante : utile en cas de fatigue physique et mentale, de convalescence ou de faiblesse.<\/li>\n<li>\u00b7 Stimulante pour l\u2019humeur : remonte le moral des personnes abattues ou d\u00e9motiv\u00e9es.<\/li>\n<li>\u00b7 Rafra\u00eechissante mentale: elle am\u00e9liore la concentration et la clart\u00e9 d\u2019esprit.<\/li>\n<\/ul>\n<h5><a title=\"Fiche Technique Pyn sylvestre\" href=\"https:\/\/oleantis.com\/wp-content\/uploads\/2025\/09\/OLEANTIS_FT_Pinus-sylvestris.pdf\" target=\"_blank\" rel=\"noopener\"><strong>T\u00e9l\u00e9charger la F.T<\/strong><\/a><\/h5>\n<p>Nous proposons des produits de haute qualit\u00e9, certifi\u00e9s par des analyses de laboratoire, garantissant leur tra\u00e7abilit\u00e9 et leur puret\u00e9, soigneusement s\u00e9lectionn\u00e9s \u00e0 l\u2019origine pour leurs propri\u00e9t\u00e9s.<\/p>\n<p>Si, en plus de la fiche technique, vous avez besoin d\u2019un autre document, n\u2019h\u00e9sitez pas \u00e0 nous contacter \u00e0 l\u2019adresse suivante: <a href=\"mailto:info@oleantis.com\">info@oleantis.com<\/a><\/p>\n","protected":false},"excerpt":{"rendered":"<h3><em>Pinus sylvestris<\/em><\/h3>\n<p>Cette huile est largement utilis\u00e9e en aromath\u00e9rapie pour ses effets respiratoires, \u00e9nergisantes et stimulantes de la circulation. Son ar\u00f4me frais, r\u00e9sineux et balsamique \u00e9voque les for\u00eats et poss\u00e8de un puissant effet revitalisant, tant sur le plan physique que mental. Elle est obtenue par distillation \u00e0 la vapeur des feuilles. Utilis\u00e9e depuis l&rsquo;Antiquit\u00e9 comme m\u00e9decine naturelle, les Grecs, les Romains et les peuples germaniques br\u00fblaient des aiguilles de pin pour d\u00e9sinfecter l&rsquo;air et traiter les maladies respiratoires. Elle \u00e9tait \u00e9galement employ\u00e9e pour soulager les douleurs musculaires et les rhumatismes, et pour renforcer le moral.    <\/p>\n<h5>Huile essentielle biologique 100% pure et naturelle.<\/h5>\n","protected":false},"featured_media":6392,"comment_status":"open","ping_status":"closed","template":"","meta":{"jetpack_publicize_message":"","jetpack_publicize_feature_enabled":true,"jetpack_social_post_already_shared":false,"jetpack_social_options":{"image_generator_settings":{"template":"highway","default_image_id":0,"font":"","enabled":false},"version":2}},"product_brand":[],"product_cat":[342,238,243],"product_tag":[395,396,354,355],"class_list":{"0":"post-7219","1":"product","2":"type-product","3":"status-publish","4":"has-post-thumbnail","6":"product_cat-healthy-fr","7":"product_cat-huile-essentielle","8":"product_cat-naturel","9":"product_tag-aromatique-2","10":"product_tag-expectorant","11":"product_tag-poumons","12":"product_tag-rafraichissant","14":"first","15":"instock","16":"shipping-taxable","17":"product-type-simple"},"aioseo_notices":[],"jetpack_publicize_connections":[],"jetpack_sharing_enabled":true,"_links":{"self":[{"href":"https:\/\/oleantis.com\/fr\/wp-json\/wp\/v2\/product\/7219","targetHints":{"allow":["GET"]}}],"collection":[{"href":"https:\/\/oleantis.com\/fr\/wp-json\/wp\/v2\/product"}],"about":[{"href":"https:\/\/oleantis.com\/fr\/wp-json\/wp\/v2\/types\/product"}],"replies":[{"embeddable":true,"href":"https:\/\/oleantis.com\/fr\/wp-json\/wp\/v2\/comments?post=7219"}],"wp:featuredmedia":[{"embeddable":true,"href":"https:\/\/oleantis.com\/fr\/wp-json\/wp\/v2\/media\/6392"}],"wp:attachment":[{"href":"https:\/\/oleantis.com\/fr\/wp-json\/wp\/v2\/media?parent=7219"}],"wp:term":[{"taxonomy":"product_brand","embeddable":true,"href":"https:\/\/oleantis.com\/fr\/wp-json\/wp\/v2\/product_brand?post=7219"},{"taxonomy":"product_cat","embeddable":true,"href":"https:\/\/oleantis.com\/fr\/wp-json\/wp\/v2\/product_cat?post=7219"},{"taxonomy":"product_tag","embeddable":true,"href":"https:\/\/oleantis.com\/fr\/wp-json\/wp\/v2\/product_tag?post=7219"}],"curies":[{"name":"wp","href":"https:\/\/api.w.org\/{rel}","templated":true}]}}