{"id":7220,"date":"2025-09-14T20:11:51","date_gmt":"2025-09-14T18:11:51","guid":{"rendered":"https:\/\/oleantis.com\/producto\/huile-essentielle-de-romarin-a-camphre-bio\/"},"modified":"2025-09-14T20:11:51","modified_gmt":"2025-09-14T18:11:51","slug":"huile-essentielle-de-romarin-a-camphre-bio","status":"publish","type":"product","link":"https:\/\/oleantis.com\/fr\/produit\/huile-essentielle-de-romarin-a-camphre-bio\/","title":{"rendered":"Huile essentielle de romarin \u00e0 camphre BIO"},"content":{"rendered":"<h5><strong>Propri\u00e9t\u00e9s<\/strong><\/h5>\n<p><strong>Physiquement<\/strong><\/p>\n<ul>\n<li>\u00b7 Anti-inflammatoire et analg\u00e9sique : utile en cas de contractures, de lombalgies, de sciatique, de tendinites, d\u2019entorses, d\u2019arthrite et de rhumatismes.<\/li>\n<li>\u00b7 D\u00e9contractante musculaire : id\u00e9ale avant et apr\u00e8s l\u2019exercice physique.<\/li>\n<li>\u00b7 Tonique circulatoire : stimule la microcirculation, utile en cas de jambes lourdes et de varices.<\/li>\n<li>\u00b7 Expectorante et mucolytique : soulage la bronchite, la toux grasse et la congestion respiratoire.<\/li>\n<li>\u00b7 Tonique h\u00e9patique et digestif : stimule le foie et la digestion.<\/li>\n<li>\u00b7 Stimulante du cuir chevelu : favorise la croissance capillaire.<\/li>\n<\/ul>\n<p><strong>\u00c9motionnellement et \u00e9nerg\u00e9tiquement<\/strong><\/p>\n<ul>\n<li>\u00b7 Stimulant c\u00e9r\u00e9bral et nerveux : elle am\u00e9liore la concentration et la m\u00e9moire et combat la fatigue mentale.<\/li>\n<li>T\u00f3nico general: combate el cansancio, la astenia y el letargo f\u00edsico.<\/li>\n<\/ul>\n<h5><a title=\"Fiche Technique Romarin \u00e0 camphre\" href=\"https:\/\/oleantis.com\/wp-content\/uploads\/2025\/09\/OLEANTIS_FT_Rosmarinus-officinalis.pdf\" target=\"_blank\" rel=\"noopener\"><strong>T\u00e9l\u00e9charger la F.T<\/strong><\/a><\/h5>\n<p>Nous proposons des produits de haute qualit\u00e9, certifi\u00e9s par des analyses de laboratoire, garantissant leur tra\u00e7abilit\u00e9 et leur puret\u00e9, soigneusement s\u00e9lectionn\u00e9s \u00e0 l\u2019origine pour leurs propri\u00e9t\u00e9s.<\/p>\n<p>Si, en plus de la fiche technique, vous avez besoin d\u2019un autre document, n\u2019h\u00e9sitez pas \u00e0 nous contacter \u00e0 l\u2019adresse suivante: <a href=\"mailto:info@oleantis.com\">info@oleantis.com<\/a><\/p>\n","protected":false},"excerpt":{"rendered":"<h3><em>Rosmarinus officinalis<\/em><\/h3>\n<p>st un puissant tonique physique et mental, particuli\u00e8rement utile en cas de douleurs musculaires, de fatigue, de contractures et de congestion respiratoire. Elle est tr\u00e8s utilis\u00e9e en aromath\u00e9rapie sportive et respiratoire. Elle est obtenue par distillation \u00e0 la vapeur des feuilles et des rameaux. Le romarin \u00e9tait consid\u00e9r\u00e9 comme une plante sacr\u00e9e dans la Gr\u00e8ce, l&rsquo;\u00c9gypte et la Rome antiques, et \u00e9tait utilis\u00e9 lors de rituels religieux, fun\u00e9raires et de purification. Au Moyen \u00c2ge, on le br\u00fblait dans les h\u00f4pitaux pour purifier l&rsquo;air et \u00e9loigner les maladies, et sur les champs de bataille, il \u00e9tait appliqu\u00e9 comme antiseptique naturel sur les blessures.    <\/p>\n<h5>Huile essentielle biologique 100% pure et naturelle.<\/h5>\n","protected":false},"featured_media":6398,"comment_status":"open","ping_status":"closed","template":"","meta":{"jetpack_publicize_message":"","jetpack_publicize_feature_enabled":true,"jetpack_social_post_already_shared":false,"jetpack_social_options":{"image_generator_settings":{"template":"highway","default_image_id":0,"font":"","enabled":false},"version":2}},"product_brand":[],"product_cat":[341,342,238,243],"product_tag":[362,398,397,396,390],"class_list":{"0":"post-7220","1":"product","2":"type-product","3":"status-publish","4":"has-post-thumbnail","6":"product_cat-body-care-fr","7":"product_cat-healthy-fr","8":"product_cat-huile-essentielle","9":"product_cat-naturel","10":"product_tag-anti-inflammatoire","11":"product_tag-contractures","12":"product_tag-douleurs-musculaires","13":"product_tag-expectorant","14":"product_tag-fatigue","16":"first","17":"instock","18":"shipping-taxable","19":"product-type-simple"},"aioseo_notices":[],"jetpack_publicize_connections":[],"jetpack_sharing_enabled":true,"_links":{"self":[{"href":"https:\/\/oleantis.com\/fr\/wp-json\/wp\/v2\/product\/7220","targetHints":{"allow":["GET"]}}],"collection":[{"href":"https:\/\/oleantis.com\/fr\/wp-json\/wp\/v2\/product"}],"about":[{"href":"https:\/\/oleantis.com\/fr\/wp-json\/wp\/v2\/types\/product"}],"replies":[{"embeddable":true,"href":"https:\/\/oleantis.com\/fr\/wp-json\/wp\/v2\/comments?post=7220"}],"wp:featuredmedia":[{"embeddable":true,"href":"https:\/\/oleantis.com\/fr\/wp-json\/wp\/v2\/media\/6398"}],"wp:attachment":[{"href":"https:\/\/oleantis.com\/fr\/wp-json\/wp\/v2\/media?parent=7220"}],"wp:term":[{"taxonomy":"product_brand","embeddable":true,"href":"https:\/\/oleantis.com\/fr\/wp-json\/wp\/v2\/product_brand?post=7220"},{"taxonomy":"product_cat","embeddable":true,"href":"https:\/\/oleantis.com\/fr\/wp-json\/wp\/v2\/product_cat?post=7220"},{"taxonomy":"product_tag","embeddable":true,"href":"https:\/\/oleantis.com\/fr\/wp-json\/wp\/v2\/product_tag?post=7220"}],"curies":[{"name":"wp","href":"https:\/\/api.w.org\/{rel}","templated":true}]}}