{"id":7221,"date":"2025-09-14T20:19:23","date_gmt":"2025-09-14T18:19:23","guid":{"rendered":"https:\/\/oleantis.com\/producto\/huile-essentielle-de-sauge-officinale-bio\/"},"modified":"2025-09-14T20:19:23","modified_gmt":"2025-09-14T18:19:23","slug":"huile-essentielle-de-sauge-officinale-bio","status":"publish","type":"product","link":"https:\/\/oleantis.com\/fr\/produit\/huile-essentielle-de-sauge-officinale-bio\/","title":{"rendered":"Huile essentielle de sauge officinale BIO"},"content":{"rendered":"<h5><strong>Propri\u00e9t\u00e9s<\/strong><\/h5>\n<p><strong>Physiquement<\/strong><\/p>\n<ul>\n<li>\u00b7 \u00c9quilibrante hormonale: stimule les menstruations, est utile en cas d\u2019am\u00e9norrh\u00e9e, de r\u00e8gles irr\u00e9guli\u00e8res ou douloureuses, et soulage \u00e9galement les sympt\u00f4mes de la m\u00e9nopause tels que les bouff\u00e9es de chaleur ou les d\u00e9s\u00e9quilibres \u00e9motionnels.<\/li>\n<li>\u00b7 Antispasmodique : soulage les crampes menstruelles et digestives.<\/li>\n<li>\u00b7 Antiseptique, antiviral et antifongique : efficace contre les infections respiratoires et cutan\u00e9es.<\/li>\n<li>\u00b7 Antitranspirant naturel : agit sur les glandes sudoripares. Largement utilis\u00e9e dans les d\u00e9odorants naturels. <\/li>\n<li>\u00b7 Astringente : utile en cas de transpiration excessive, d\u2019acn\u00e9 ou de peau grasse.<\/li>\n<li>\u00b7 Stimulante g\u00e9n\u00e9rale : utile en cas de fatigue physique ou mentale intense.<\/li>\n<\/ul>\n<p><strong>\u00c9motionnellement et \u00e9nerg\u00e9tiquement<\/strong><\/p>\n<ul>\n<li>\u00b7 Stimulante c\u00e9r\u00e9brale et tonique nerveux : am\u00e9liore la concentration, la clart\u00e9 mentale et combat la l\u00e9thargie.<\/li>\n<li>\u00b7 R\u00e9confort \u00e9motionnel : apporte un soutien lors de moments de faiblesse \u00e9motionnelle, en particulier li\u00e9s au cycle hormonal.<\/li>\n<\/ul>\n<h5><a title=\"Fiche Technique Sauge\" href=\"https:\/\/oleantis.com\/wp-content\/uploads\/2025\/09\/OLEANTIS_FT_Salvia-officinalis.pdf\" target=\"_blank\" rel=\"noopener\"><strong>T\u00e9l\u00e9charger la F.T<\/strong><\/a><\/h5>\n<p>Nous proposons des produits de haute qualit\u00e9, certifi\u00e9s par des analyses de laboratoire, garantissant leur tra\u00e7abilit\u00e9 et leur puret\u00e9, soigneusement s\u00e9lectionn\u00e9s \u00e0 l\u2019origine pour leurs propri\u00e9t\u00e9s.<\/p>\n<p>Si, en plus de la fiche technique, vous avez besoin d\u2019un autre document, n\u2019h\u00e9sitez pas \u00e0 nous contacter \u00e0 l\u2019adresse suivante: <a href=\"mailto:info@oleantis.com\">info@oleantis.com<\/a><\/p>\n","protected":false},"excerpt":{"rendered":"<h3><em>Salvia officinalis<\/em><\/h3>\n<p>\u00c9galement connue sous le nom de sauge commune, c\u2019est une huile est puissante, hormonale et neurotoxique \u00e0 certaines doses, qui doit donc \u00eatre utilis\u00e9e avec beaucoup de pr\u00e9caution et sous supervision professionnelle. Malgr\u00e9 cela, elle pr\u00e9sente des usages tr\u00e8s sp\u00e9cifiques et b\u00e9n\u00e9fiques, notamment pour les syst\u00e8mes hormonal f\u00e9minin, digestif et circulatoire. Elle est obtenue par distillation \u00e0 la vapeur de la partie florale la plus haute de la plante. Son nom provient du latin \u00ab salvare \u00bb, qui signifie \u00ab gu\u00e9rir \u00bb ou \u00ab sauver \u00bb. Dans la Gr\u00e8ce et la Rome antiques, elle \u00e9tait utilis\u00e9e pour arr\u00eater les h\u00e9morragies, traiter les morsures de serpent et renforcer la m\u00e9moire. Au Moyen \u00c2ge, elle faisait partie des \u00ab quatre herbes sacr\u00e9es \u00bbavec le romarin, la lavande et le thym.     <\/p>\n<h5>Huile essentielle biologique 100% pure et naturelle.<\/h5>\n","protected":false},"featured_media":6401,"comment_status":"open","ping_status":"closed","template":"","meta":{"jetpack_publicize_message":"","jetpack_publicize_feature_enabled":true,"jetpack_social_post_already_shared":false,"jetpack_social_options":{"image_generator_settings":{"template":"highway","default_image_id":0,"font":"","enabled":false},"version":2}},"product_brand":[],"product_cat":[342,238,243],"product_tag":[364,400,368,399,391],"class_list":{"0":"post-7221","1":"product","2":"type-product","3":"status-publish","4":"has-post-thumbnail","6":"product_cat-healthy-fr","7":"product_cat-huile-essentielle","8":"product_cat-naturel","9":"product_tag-antiseptique","10":"product_tag-circulatoire","11":"product_tag-digestif","12":"product_tag-equilibre-hormonal","13":"product_tag-stimulant","15":"first","16":"instock","17":"shipping-taxable","18":"product-type-simple"},"aioseo_notices":[],"jetpack_publicize_connections":[],"jetpack_sharing_enabled":true,"_links":{"self":[{"href":"https:\/\/oleantis.com\/fr\/wp-json\/wp\/v2\/product\/7221","targetHints":{"allow":["GET"]}}],"collection":[{"href":"https:\/\/oleantis.com\/fr\/wp-json\/wp\/v2\/product"}],"about":[{"href":"https:\/\/oleantis.com\/fr\/wp-json\/wp\/v2\/types\/product"}],"replies":[{"embeddable":true,"href":"https:\/\/oleantis.com\/fr\/wp-json\/wp\/v2\/comments?post=7221"}],"wp:featuredmedia":[{"embeddable":true,"href":"https:\/\/oleantis.com\/fr\/wp-json\/wp\/v2\/media\/6401"}],"wp:attachment":[{"href":"https:\/\/oleantis.com\/fr\/wp-json\/wp\/v2\/media?parent=7221"}],"wp:term":[{"taxonomy":"product_brand","embeddable":true,"href":"https:\/\/oleantis.com\/fr\/wp-json\/wp\/v2\/product_brand?post=7221"},{"taxonomy":"product_cat","embeddable":true,"href":"https:\/\/oleantis.com\/fr\/wp-json\/wp\/v2\/product_cat?post=7221"},{"taxonomy":"product_tag","embeddable":true,"href":"https:\/\/oleantis.com\/fr\/wp-json\/wp\/v2\/product_tag?post=7221"}],"curies":[{"name":"wp","href":"https:\/\/api.w.org\/{rel}","templated":true}]}}