{"id":7222,"date":"2025-09-14T20:26:02","date_gmt":"2025-09-14T18:26:02","guid":{"rendered":"https:\/\/oleantis.com\/producto\/huile-essentielle-de-thym-ct-linalol-bio\/"},"modified":"2025-09-14T20:26:02","modified_gmt":"2025-09-14T18:26:02","slug":"huile-essentielle-de-thym-ct-linalol-bio","status":"publish","type":"product","link":"https:\/\/oleantis.com\/fr\/produit\/huile-essentielle-de-thym-ct-linalol-bio\/","title":{"rendered":"Huile essentielle de thym CT linalol BIO"},"content":{"rendered":"<h5><strong>Propri\u00e9t\u00e9s<\/strong><\/h5>\n<p><strong>Physiquement<\/strong><\/p>\n<ul>\n<li>\u00b7 Antibact\u00e9rienne \u00e0 large spectre : efficace contre les infections respiratoires, urinaires, digestives et cutan\u00e9es.<\/li>\n<li>\u00b7 Antivirale et immunostimulante : renforce les d\u00e9fenses naturelles de l\u2019organisme.<\/li>\n<li>\u00b7 Antifongique : utile contre la candidose, les mycoses et le pied d\u2019athl\u00e8te.<\/li>\n<li>\u00b7 Expectorante et mucolytique l\u00e9g\u00e8re : soulage la bronchite, la toux et la sinusite.<\/li>\n<li>\u00b7 Anti-inflammatoire et analg\u00e9sique l\u00e9g\u00e8re : utile pour les affections cutan\u00e9es et les infections buccales ; apaise les douleurs musculaires et articulaires l\u00e9g\u00e8res.<\/li>\n<li>\u00b7 Tonique digestif : favorise le bon fonctionnement de l\u2019estomac et des intestins (usage professionnel).<\/li>\n<\/ul>\n<p><strong>\u00c9motionnellement et \u00e9nerg\u00e9tiquement<\/strong><\/p>\n<ul>\n<li>\u00b7 Neurotonique douce : am\u00e9liore la concentration et combat la fatigue mentale.<\/li>\n<li>\u00b7 Calmante : r\u00e9gule le syst\u00e8me nerveux sans s\u00e9dation, utile en cas de stress ou d\u2019anxi\u00e9t\u00e9.<\/li>\n<\/ul>\n<h5><a href=\"https:\/\/oleantis.com\/wp-content\/uploads\/2025\/11\/AE-TOMILLO-LINALOL-ECO-DS.pdf\"><strong>T\u00e9l\u00e9charger la F.T<\/strong><\/a><\/h5>\n<p>Nous proposons des produits de haute qualit\u00e9, certifi\u00e9s par des analyses de laboratoire, garantissant leur tra\u00e7abilit\u00e9 et leur puret\u00e9, soigneusement s\u00e9lectionn\u00e9s \u00e0 l\u2019origine pour leurs propri\u00e9t\u00e9s.<\/p>\n<p>Si, en plus de la fiche technique, vous avez besoin d\u2019un autre document, n\u2019h\u00e9sitez pas \u00e0 nous contacter \u00e0 l\u2019adresse suivante: <a href=\"mailto:info@oleantis.com\">info@oleantis.com<\/a><\/p>\n","protected":false},"excerpt":{"rendered":"<h3><em>Thymus vulgaris<\/em><\/h3>\n<p>L&rsquo;huile essentielle de thym (Thymus zygis) \u00e0 ch\u00e9motype linalol est l\u2019une des vari\u00e9t\u00e9s les plus douces, s\u00fbres et bien tol\u00e9r\u00e9es parmi les huiles essentielles de thym. Contrairement \u00e0 d&rsquo;autres ch\u00e9motypes plus agressifs (comme le thymol ou le carvacrol), le linalol est moins irritant et convient mieux aux enfants, aux personnes \u00e2g\u00e9es et aux personnes sensibles. Utilis\u00e9e correctement dilu\u00e9e, elle pr\u00e9sente une tr\u00e8s bonne tol\u00e9rance. Elle est obtenue par distillation \u00e0 la vapeur de la partie fleurie sup\u00e9rieure de la plante. Le thym \u00e9tait tr\u00e8s appr\u00e9ci\u00e9 des \u00c9gyptiens, des Grecs et des Romains, qui l&rsquo;utilisaient dans leurs rituels et en m\u00e9decine. Son nom vient du grec \u00ab thymos \u00bb, qui signifie courage, force et \u00e9nergie vitale. Les soldats romains se baignaient dans des infusions de thym pour accro\u00eetre leur courage avant les batailles.     <\/p>\n<h5>Huile essentielle biologique 100% pure et naturelle.<\/h5>\n","protected":false},"featured_media":6404,"comment_status":"open","ping_status":"closed","template":"","meta":{"jetpack_publicize_message":"","jetpack_publicize_feature_enabled":true,"jetpack_social_post_already_shared":false,"jetpack_social_options":{"image_generator_settings":{"template":"highway","default_image_id":0,"font":"","enabled":false},"version":2}},"product_brand":[],"product_cat":[342,238,243],"product_tag":[401,402,364,361],"class_list":{"0":"post-7222","1":"product","2":"type-product","3":"status-publish","4":"has-post-thumbnail","6":"product_cat-healthy-fr","7":"product_cat-huile-essentielle","8":"product_cat-naturel","9":"product_tag-antibacterienne","10":"product_tag-antifongique","11":"product_tag-antiseptique","12":"product_tag-apaisant","14":"first","15":"instock","16":"shipping-taxable","17":"product-type-simple"},"aioseo_notices":[],"jetpack_publicize_connections":[],"jetpack_sharing_enabled":true,"_links":{"self":[{"href":"https:\/\/oleantis.com\/fr\/wp-json\/wp\/v2\/product\/7222","targetHints":{"allow":["GET"]}}],"collection":[{"href":"https:\/\/oleantis.com\/fr\/wp-json\/wp\/v2\/product"}],"about":[{"href":"https:\/\/oleantis.com\/fr\/wp-json\/wp\/v2\/types\/product"}],"replies":[{"embeddable":true,"href":"https:\/\/oleantis.com\/fr\/wp-json\/wp\/v2\/comments?post=7222"}],"wp:featuredmedia":[{"embeddable":true,"href":"https:\/\/oleantis.com\/fr\/wp-json\/wp\/v2\/media\/6404"}],"wp:attachment":[{"href":"https:\/\/oleantis.com\/fr\/wp-json\/wp\/v2\/media?parent=7222"}],"wp:term":[{"taxonomy":"product_brand","embeddable":true,"href":"https:\/\/oleantis.com\/fr\/wp-json\/wp\/v2\/product_brand?post=7222"},{"taxonomy":"product_cat","embeddable":true,"href":"https:\/\/oleantis.com\/fr\/wp-json\/wp\/v2\/product_cat?post=7222"},{"taxonomy":"product_tag","embeddable":true,"href":"https:\/\/oleantis.com\/fr\/wp-json\/wp\/v2\/product_tag?post=7222"}],"curies":[{"name":"wp","href":"https:\/\/api.w.org\/{rel}","templated":true}]}}