{"id":7223,"date":"2025-09-15T09:24:28","date_gmt":"2025-09-15T07:24:28","guid":{"rendered":"https:\/\/oleantis.com\/producto\/huile-vegetale-damande-douce-bio\/"},"modified":"2025-09-15T09:24:28","modified_gmt":"2025-09-15T07:24:28","slug":"huile-vegetale-damande-douce-bio","status":"publish","type":"product","link":"https:\/\/oleantis.com\/fr\/produit\/huile-vegetale-damande-douce-bio\/","title":{"rendered":"Huile v\u00e9g\u00e9tale d&rsquo;amande douce BIO"},"content":{"rendered":"<h5><strong>Propri\u00e9t\u00e9s<\/strong><\/h5>\n<p><strong>Physiquement<\/strong><\/p>\n<ul>\n<li>\u00b7 \u00c9molliente : adoucit et nourrit les peaux s\u00e8ches ou irrit\u00e9es.<\/li>\n<li>\u00b7 Hydratante : aide \u00e0 retenir l\u2019humidit\u00e9 dans la peau et les cheveux.<\/li>\n<li>\u00b7 R\u00e9g\u00e9n\u00e9ratrice cutan\u00e9e : favorise l\u2019\u00e9lasticit\u00e9 et peut contribuer \u00e0 pr\u00e9venir les vergetures.<\/li>\n<li>\u00b7 Anti-inflammatoire douce : utile pour les peaux pr\u00e9sentant des rougeurs ou une sensibilit\u00e9.<\/li>\n<li>\u00b7 Lubrifiante naturelle : pour les massages th\u00e9rapeutiques et le soulagement des articulations raides.<\/li>\n<li>\u00b7 Riche en nutriments : contient des acides gras insatur\u00e9s, de la vitamine E et des min\u00e9raux tels que le zinc et le magn\u00e9sium.<\/li>\n<\/ul>\n<p><strong>\u00c9motionnellement et \u00e9nerg\u00e9tiquement<\/strong><\/p>\n<ul>\n<li>\u00b7 Relaxante et r\u00e9confortante : sa texture chaude et soyeuse favorise la relaxation musculaire et le soulagement des tensions.<\/li>\n<li>\u00b7 Elle facilite le contact : tr\u00e8s douce, elle renforce la sensation de soin et de s\u00e9curit\u00e9 lors des th\u00e9rapies manuelles.<\/li>\n<li>\u00b7 Anxiolyse indirecte: lorsqu\u2019elle est utilis\u00e9e en massage, elle contribue \u00e0 diminuer la r\u00e9ponse au stress gr\u00e2ce au toucher et \u00e0 l\u2019effet calmant du massage.<\/li>\n<li>\u00b7 Soutien \u00e9motionnel: dans certaines traditions, elle est associ\u00e9e \u00e0 la douceur et au soin de soi, ce qui peut \u00eatre b\u00e9n\u00e9fique en cas de deuil ou d&rsquo;anxi\u00e9t\u00e9.<\/li>\n<\/ul>\n<h5><a title=\"Fiche Technique d'amande douce\" href=\"https:\/\/oleantis.com\/wp-content\/uploads\/2025\/09\/AV-OLEANTIS_FT_Prunus-dulcis-3.pdf\" target=\"_blank\" rel=\"noopener\"><strong>T\u00e9l\u00e9charger la F.T<\/strong><\/a><\/h5>\n<p>Nous proposons des produits de haute qualit\u00e9, certifi\u00e9s par des analyses de laboratoire, garantissant leur tra\u00e7abilit\u00e9 et leur puret\u00e9, soigneusement s\u00e9lectionn\u00e9s \u00e0 l\u2019origine pour leurs propri\u00e9t\u00e9s.<\/p>\n<p>Si, en plus de la fiche technique, vous avez besoin d\u2019un autre document, n\u2019h\u00e9sitez pas \u00e0 nous contacter \u00e0 l\u2019adresse suivante: <a href=\"mailto:info@oleantis.com\">info@oleantis.com<\/a><\/p>\n","protected":false},"excerpt":{"rendered":"<h3><em>Prunus dulcis<\/em><\/h3>\n<p>L&rsquo;huile v\u00e9g\u00e9tale d&rsquo;amande douce poss\u00e8de une longue et curieuse histoire m\u00ealant botanique, m\u00e9decine, cosm\u00e9tique et m\u00eame gastronomie. Elle est obtenue par pression \u00e0 froid des graines. L&rsquo;amandier est originaire d&rsquo;Asie centrale et du Moyen-Orient. Sa culture remonte \u00e0 plus de 4 000 ans. Les \u00c9gyptiens l&rsquo;utilisaient pour les massages et les onguents fun\u00e9raires ; les Grecs la recommandaient pour adoucir la peau et comme rem\u00e8de digestif ; les Romains l&#8217;employaient pour les parfums et les rituels de beaut\u00e9 ; et au Moyen \u00c2ge, elle servait \u00e0 soulager les inflammations et \u00e0 soigner la peau du visage.    <\/p>\n<h5>Huile v\u00e9g\u00e9tale biologique 100% pure et naturelle.<\/h5>\n","protected":false},"featured_media":6407,"comment_status":"open","ping_status":"closed","template":"","meta":{"jetpack_publicize_message":"","jetpack_publicize_feature_enabled":true,"jetpack_social_post_already_shared":false,"jetpack_social_options":{"image_generator_settings":{"template":"highway","default_image_id":0,"font":"","enabled":false},"version":2}},"product_brand":[],"product_cat":[403,243],"product_tag":[404,406,405,407],"class_list":{"0":"post-7223","1":"product","2":"type-product","3":"status-publish","4":"has-post-thumbnail","6":"product_cat-huile-vegetale","7":"product_cat-naturel","8":"product_tag-botanique","9":"product_tag-cosmetiques","10":"product_tag-medicine","11":"product_tag-nourriture","13":"first","14":"instock","15":"shipping-taxable","16":"product-type-simple"},"aioseo_notices":[],"jetpack_publicize_connections":[],"jetpack_sharing_enabled":true,"_links":{"self":[{"href":"https:\/\/oleantis.com\/fr\/wp-json\/wp\/v2\/product\/7223","targetHints":{"allow":["GET"]}}],"collection":[{"href":"https:\/\/oleantis.com\/fr\/wp-json\/wp\/v2\/product"}],"about":[{"href":"https:\/\/oleantis.com\/fr\/wp-json\/wp\/v2\/types\/product"}],"replies":[{"embeddable":true,"href":"https:\/\/oleantis.com\/fr\/wp-json\/wp\/v2\/comments?post=7223"}],"wp:featuredmedia":[{"embeddable":true,"href":"https:\/\/oleantis.com\/fr\/wp-json\/wp\/v2\/media\/6407"}],"wp:attachment":[{"href":"https:\/\/oleantis.com\/fr\/wp-json\/wp\/v2\/media?parent=7223"}],"wp:term":[{"taxonomy":"product_brand","embeddable":true,"href":"https:\/\/oleantis.com\/fr\/wp-json\/wp\/v2\/product_brand?post=7223"},{"taxonomy":"product_cat","embeddable":true,"href":"https:\/\/oleantis.com\/fr\/wp-json\/wp\/v2\/product_cat?post=7223"},{"taxonomy":"product_tag","embeddable":true,"href":"https:\/\/oleantis.com\/fr\/wp-json\/wp\/v2\/product_tag?post=7223"}],"curies":[{"name":"wp","href":"https:\/\/api.w.org\/{rel}","templated":true}]}}