{"id":7224,"date":"2025-09-15T09:45:30","date_gmt":"2025-09-15T07:45:30","guid":{"rendered":"https:\/\/oleantis.com\/producto\/huile-vegetale-dargan-bio\/"},"modified":"2025-09-15T09:45:30","modified_gmt":"2025-09-15T07:45:30","slug":"huile-vegetale-dargan-bio","status":"publish","type":"product","link":"https:\/\/oleantis.com\/fr\/produit\/huile-vegetale-dargan-bio\/","title":{"rendered":"Huile v\u00e9g\u00e9tale d&rsquo;argan BIO"},"content":{"rendered":"<h5><strong>Propri\u00e9t\u00e9s<\/strong><\/h5>\n<p><strong>Physiquement<\/strong><\/p>\n<ul>\n<li>\u00b7 Antioxydante : tr\u00e8s riche en vitamine E et en polyph\u00e9nols, elle prot\u00e8ge contre les dommages oxydatifs.<\/li>\n<li>\u00b7 R\u00e9g\u00e9n\u00e9ratrice : elle favorise la r\u00e9paration de la peau et am\u00e9liore l\u2019\u00e9lasticit\u00e9, id\u00e9ale pour les l\u00e8vres gerc\u00e9es ou s\u00e8ches.<\/li>\n<li>\u00b7 Nourrissante intense : riche en acides gras essentiels (ol\u00e9ique, linol\u00e9ique).<\/li>\n<li>\u00b7 L\u00e9g\u00e8rement cicatrisante : utile pour les irritations, les marques et les petites plaies superficielles.<\/li>\n<li>\u00b7 Fortifiante pour les cheveux et les ongles : elle nourrit les cheveux et les ongles cassants.<\/li>\n<li>\u00b7 L\u00e9g\u00e8rement anti-inflammatoire : elle peut soulager les inconforts musculaires et articulaires.<\/li>\n<\/ul>\n<p><strong>\u00c9motionnellement et \u00e9nerg\u00e9tiquement<\/strong><\/p>\n<ul>\n<li>\u00b7 Suscite une sensation de luxe et de bien-\u00eatre personnel : sa texture et sa raret\u00e9 transmettent une impression de valeur et de soin.<\/li>\n<li>\u00b7 D\u00e9tente par le massage : l\u00e9g\u00e8re et \u00e0 absorption moyenne, elle facilite les mouvements doux qui contribuent \u00e0 r\u00e9duire les tensions musculaires.<\/li>\n<li>\u00b7 Stimule l\u2019estime de soi: le soin de la peau et des cheveux avec un produit de haute qualit\u00e9 peut renforcer la perception de sa propre valeur.<\/li>\n<li>\u00b7 Cr\u00e9e un lien culturel : dans le cadre de rituels de beaut\u00e9 (par exemple, inspir\u00e9s du hammam marocain), elle favorise un \u00e9tat de calme et de gratitude.<\/li>\n<\/ul>\n<h5><a title=\"Fiche Technique Argan\" href=\"https:\/\/oleantis.com\/wp-content\/uploads\/2025\/09\/AV-ARGAN-ECO-DS-1.pdf\" target=\"_blank\" rel=\"noopener\"><strong>T\u00e9l\u00e9charger la F.T<\/strong><\/a><\/h5>\n<p>Nous proposons des produits de haute qualit\u00e9, certifi\u00e9s par des analyses de laboratoire, garantissant leur tra\u00e7abilit\u00e9 et leur puret\u00e9, soigneusement s\u00e9lectionn\u00e9s \u00e0 l\u2019origine pour leurs propri\u00e9t\u00e9s.<\/p>\n<p>Si, en plus de la fiche technique, vous avez besoin d\u2019un autre document, n\u2019h\u00e9sitez pas \u00e0 nous contacter \u00e0 l\u2019adresse suivante: <a href=\"mailto:info@oleantis.com\">info@oleantis.com<\/a><\/p>\n","protected":false},"excerpt":{"rendered":"<h3><em>Argania spinosa<\/em><\/h3>\n<p>Connue comme \u00ab l&rsquo;or liquide du Maroc \u00bb, cette pr\u00e9cieuse huile v\u00e9g\u00e9tale est obtenue par pression \u00e0 froid des graines de l\u2019arbre d\u2019argan, qui pousse au Maroc. Riche en vitamine E, en acides gras essentiels et en antioxydants, elle est un alli\u00e9 puissant pour nourrir, r\u00e9g\u00e9n\u00e9rer et prot\u00e9ger la peau et les cheveux. <\/p>\n<p>Curiosit\u00e9 : Pour produire un seul litre d&rsquo;huile d&rsquo;argan, il faut environ 30 kilos de fruits. Son extraction traditionnelle est encore r\u00e9alis\u00e9e \u00e0 la main par des coop\u00e9ratives de femmes berb\u00e8res, ce qui en fait l&rsquo;une des huiles les plus pr\u00e9cieuses et les plus durables au monde.<\/p>\n<p>Sa texture soyeuse et son efficacit\u00e9 naturelle en font un incontournable des cosm\u00e9tiques naturels et des soins anti-\u00e2ge.<\/p>\n<p>Riche en vitamine E, en antioxydants et en acides gras essentiels (om\u00e9ga 9 et 6).<\/p>\n<h5>Huile v\u00e9g\u00e9tale biologique 100% pure et naturelle.<\/h5>\n","protected":false},"featured_media":6410,"comment_status":"open","ping_status":"closed","template":"","meta":{"jetpack_publicize_message":"","jetpack_publicize_feature_enabled":true,"jetpack_social_post_already_shared":false,"jetpack_social_options":{"image_generator_settings":{"template":"highway","default_image_id":0,"font":"","enabled":false},"version":2}},"product_brand":[],"product_cat":[356,341,342,403,243],"product_tag":[360,408,410,409,407,411,412],"class_list":{"0":"post-7224","1":"product","2":"type-product","3":"status-publish","4":"has-post-thumbnail","6":"product_cat-beauty-fr","7":"product_cat-body-care-fr","8":"product_cat-healthy-fr","9":"product_cat-huile-vegetale","10":"product_cat-naturel","11":"product_tag-cabello-fr","12":"product_tag-clous","13":"product_tag-food-grade","14":"product_tag-hidratante","15":"product_tag-nourriture","16":"product_tag-nutritif","17":"product_tag-regenerateur","19":"first","20":"instock","21":"shipping-taxable","22":"product-type-simple"},"aioseo_notices":[],"jetpack_publicize_connections":[],"jetpack_sharing_enabled":true,"_links":{"self":[{"href":"https:\/\/oleantis.com\/fr\/wp-json\/wp\/v2\/product\/7224","targetHints":{"allow":["GET"]}}],"collection":[{"href":"https:\/\/oleantis.com\/fr\/wp-json\/wp\/v2\/product"}],"about":[{"href":"https:\/\/oleantis.com\/fr\/wp-json\/wp\/v2\/types\/product"}],"replies":[{"embeddable":true,"href":"https:\/\/oleantis.com\/fr\/wp-json\/wp\/v2\/comments?post=7224"}],"wp:featuredmedia":[{"embeddable":true,"href":"https:\/\/oleantis.com\/fr\/wp-json\/wp\/v2\/media\/6410"}],"wp:attachment":[{"href":"https:\/\/oleantis.com\/fr\/wp-json\/wp\/v2\/media?parent=7224"}],"wp:term":[{"taxonomy":"product_brand","embeddable":true,"href":"https:\/\/oleantis.com\/fr\/wp-json\/wp\/v2\/product_brand?post=7224"},{"taxonomy":"product_cat","embeddable":true,"href":"https:\/\/oleantis.com\/fr\/wp-json\/wp\/v2\/product_cat?post=7224"},{"taxonomy":"product_tag","embeddable":true,"href":"https:\/\/oleantis.com\/fr\/wp-json\/wp\/v2\/product_tag?post=7224"}],"curies":[{"name":"wp","href":"https:\/\/api.w.org\/{rel}","templated":true}]}}