{"id":7225,"date":"2025-09-15T09:50:38","date_gmt":"2025-09-15T07:50:38","guid":{"rendered":"https:\/\/oleantis.com\/producto\/huile-vegetale-de-coco-vierge-bio\/"},"modified":"2025-09-15T09:50:38","modified_gmt":"2025-09-15T07:50:38","slug":"huile-vegetale-de-coco-vierge-bio","status":"publish","type":"product","link":"https:\/\/oleantis.com\/fr\/produit\/huile-vegetale-de-coco-vierge-bio\/","title":{"rendered":"Huile v\u00e9g\u00e9tale de coco vierge BIO"},"content":{"rendered":"<h5><strong>Propri\u00e9t\u00e9s<\/strong><\/h5>\n<p><strong>Physiquement<\/strong><\/p>\n<ul>\n<li>\u00b7 Hydratante intensive : riche en triglyc\u00e9rides \u00e0 cha\u00eene moyenne (TCM), elle nourrit la peau et r\u00e9duit la perte d\u2019eau.<\/li>\n<li>\u00b7 \u00c9molliente : elle adoucit la peau s\u00e8che, gerc\u00e9e ou desquam\u00e9e.<\/li>\n<li>\u00b7 Protectrice cutan\u00e9e : elle forme un film l\u00e9ger qui prot\u00e8ge la peau de la d\u00e9shydratation.<\/li>\n<li>\u00b7 Antimicrobienne naturelle : l\u2019acide laurique contribue \u00e0 inhiber les bact\u00e9ries, les champignons et certains virus.<\/li>\n<li>\u00b7 R\u00e9g\u00e9n\u00e9ratrice capillaire : elle p\u00e9n\u00e8tre la fibre capillaire, r\u00e9duisant la perte de prot\u00e9ines et les dommages caus\u00e9s par la chaleur ou le soleil.<\/li>\n<li>\u00b7 \u00c9nerg\u00e9tique (usage interne) : les TCM sont rapidement m\u00e9tabolis\u00e9s, fournissant une \u00e9nergie imm\u00e9diate.<\/li>\n<li>\u00b7 Stable en cuisine : elle r\u00e9siste aux hautes temp\u00e9ratures sans se d\u00e9grader facilement.<\/li>\n<\/ul>\n<p><strong>\u00c9motionnellement et \u00e9nerg\u00e9tiquement<\/strong><\/p>\n<ul>\n<li>\u00b7 Une sensation tropicale et r\u00e9confortante : son doux ar\u00f4me \u00e9voque les climats chauds, les vacances et le bien-\u00eatre.<\/li>\n<li>\u00b7 Relaxante au toucher : largement utilis\u00e9e en massage pour sa texture soyeuse, elle aide \u00e0 soulager les tensions musculaires.<\/li>\n<li>\u00b7 Associ\u00e9e au soin de soi : appliqu\u00e9e en masque ou en huile corporelle, elle procure une sensation de douceur et d\u2019attention personnelle.<\/li>\n<li>\u00b7 \u00c9l\u00e9ment rituel : dans certaines cultures, son application sur les cheveux ou la peau fait partie des c\u00e9r\u00e9monies de connexion communautaire, renfor\u00e7ant le sentiment d&rsquo;appartenance.<\/li>\n<\/ul>\n<h5><a title=\"Fiche Technique Coco vierge\" href=\"https:\/\/oleantis.com\/wp-content\/uploads\/2025\/09\/AV-COCO-VIRGEN-ECO-DS.pdf\" target=\"_blank\" rel=\"noopener\"><strong>T\u00e9l\u00e9charger la F.T<\/strong><\/a><\/h5>\n<p>Nous proposons des produits de haute qualit\u00e9, certifi\u00e9s par des analyses de laboratoire, garantissant leur tra\u00e7abilit\u00e9 et leur puret\u00e9, soigneusement s\u00e9lectionn\u00e9s \u00e0 l\u2019origine pour leurs propri\u00e9t\u00e9s.<\/p>\n<p>Si, en plus de la fiche technique, vous avez besoin d\u2019un autre document, n\u2019h\u00e9sitez pas \u00e0 nous contacter \u00e0 l\u2019adresse suivante: <a href=\"mailto:info@oleantis.com\">info@oleantis.com<\/a><\/p>\n","protected":false},"excerpt":{"rendered":"<h3><em>Cocos nucifera<\/em><\/h3>\n<p>L&rsquo;huile de coco vierge poss\u00e8de une histoire riche, intimement li\u00e9e \u00e0 la botanique, \u00e0 l&rsquo;alimentation, \u00e0 la m\u00e9decine traditionnelle et m\u00eame au commerce maritime. Elle est obtenue par pression \u00e0 froid de la pulpe fra\u00eeche de la noix de coco. Dans de nombreuses cultures du Pacifique, le cocotier est consid\u00e9r\u00e9 comme l&rsquo;arbre de vie, car toutes ses parties sont utiles : le fruit, l&rsquo;eau, les feuilles, le tronc et les fibres. Des vestiges arch\u00e9ologiques et des r\u00e9f\u00e9rences linguistiques indiquent que l\u2019huile de coco est utilis\u00e9e depuis plus de 3.000 ans.   <\/p>\n<h5>Huile v\u00e9g\u00e9tale biologique 100% pure et naturelle.<\/h5>\n","protected":false},"featured_media":6413,"comment_status":"open","ping_status":"closed","template":"","meta":{"jetpack_publicize_message":"","jetpack_publicize_feature_enabled":true,"jetpack_social_post_already_shared":false,"jetpack_social_options":{"image_generator_settings":{"template":"highway","default_image_id":0,"font":"","enabled":false},"version":2}},"product_brand":[],"product_cat":[341,342,403,243],"product_tag":[360,349,409,414,413],"class_list":{"0":"post-7225","1":"product","2":"type-product","3":"status-publish","4":"has-post-thumbnail","6":"product_cat-body-care-fr","7":"product_cat-healthy-fr","8":"product_cat-huile-vegetale","9":"product_cat-naturel","10":"product_tag-cabello-fr","11":"product_tag-fourrure","12":"product_tag-hidratante","13":"product_tag-regenerateur-capillaire","14":"product_tag-relaxant","16":"first","17":"instock","18":"shipping-taxable","19":"product-type-simple"},"aioseo_notices":[],"jetpack_publicize_connections":[],"jetpack_sharing_enabled":true,"_links":{"self":[{"href":"https:\/\/oleantis.com\/fr\/wp-json\/wp\/v2\/product\/7225","targetHints":{"allow":["GET"]}}],"collection":[{"href":"https:\/\/oleantis.com\/fr\/wp-json\/wp\/v2\/product"}],"about":[{"href":"https:\/\/oleantis.com\/fr\/wp-json\/wp\/v2\/types\/product"}],"replies":[{"embeddable":true,"href":"https:\/\/oleantis.com\/fr\/wp-json\/wp\/v2\/comments?post=7225"}],"wp:featuredmedia":[{"embeddable":true,"href":"https:\/\/oleantis.com\/fr\/wp-json\/wp\/v2\/media\/6413"}],"wp:attachment":[{"href":"https:\/\/oleantis.com\/fr\/wp-json\/wp\/v2\/media?parent=7225"}],"wp:term":[{"taxonomy":"product_brand","embeddable":true,"href":"https:\/\/oleantis.com\/fr\/wp-json\/wp\/v2\/product_brand?post=7225"},{"taxonomy":"product_cat","embeddable":true,"href":"https:\/\/oleantis.com\/fr\/wp-json\/wp\/v2\/product_cat?post=7225"},{"taxonomy":"product_tag","embeddable":true,"href":"https:\/\/oleantis.com\/fr\/wp-json\/wp\/v2\/product_tag?post=7225"}],"curies":[{"name":"wp","href":"https:\/\/api.w.org\/{rel}","templated":true}]}}