{"id":7227,"date":"2025-09-15T09:56:30","date_gmt":"2025-09-15T07:56:30","guid":{"rendered":"https:\/\/oleantis.com\/producto\/huile-vegetale-de-jojoba-bio\/"},"modified":"2025-09-15T09:56:30","modified_gmt":"2025-09-15T07:56:30","slug":"huile-vegetale-de-jojoba-bio","status":"publish","type":"product","link":"https:\/\/oleantis.com\/fr\/produit\/huile-vegetale-de-jojoba-bio\/","title":{"rendered":"Huile v\u00e9g\u00e9tale de jojoba BIO"},"content":{"rendered":"<h5><strong>Propri\u00e9t\u00e9s<\/strong><\/h5>\n<p><strong>Physiquement<\/strong><\/p>\n<ul>\n<li>\u00b7 S\u00e9bor\u00e9gulatrice : elle \u00e9quilibre la production de s\u00e9bum, utile pour les peaux s\u00e8ches comme grasses.<\/li>\n<li>\u00b7 Hydratante non occlusive : elle nourrit sans laisser de sensation grasse et permet \u00e0 la peau de respirer.<\/li>\n<li>\u00b7 Antioxydante : riche en vitamine E naturelle, elle prot\u00e8ge contre les radicaux libres.<\/li>\n<li>\u00b7 R\u00e9g\u00e9n\u00e9ratrice cutan\u00e9e: elle favorise la r\u00e9paration de la peau endommag\u00e9e.<\/li>\n<li>\u00b7 Stable : elle ne s\u2019oxyde pas facilement, pr\u00e9servant ainsi les formules cosm\u00e9tiques.<\/li>\n<li>\u00b7 Protection capillaire: recouvre la fibre capillaire et pr\u00e9vient la perte d\u2019humidit\u00e9.<\/li>\n<li>\u00b7 Haute compatibilit\u00e9 cutan\u00e9e : id\u00e9ale pour les peaux sensibles ou sujettes aux irritations.<\/li>\n<\/ul>\n<p><strong>\u00c9motionnellement et \u00e9nerg\u00e9tiquement<\/strong><\/p>\n<ul>\n<li>\u00b7 Sensation d&rsquo;\u00e9quilibre et de l\u00e9g\u00e8ret\u00e9 : gr\u00e2ce \u00e0 son absorption rapide et sa texture s\u00e8che, elle procurent une sensation de fra\u00eecheur et de propret\u00e9.<\/li>\n<li>\u00b7 Id\u00e9ale pour les massages relaxants sous les climats chauds : elle ne laisse pas de sensation de lourdeur, augmentant ainsi le confort.<\/li>\n<li>\u00b7 Associ\u00e9e au soin \u00e9quilibr\u00e9: son utilisation en cosm\u00e9tique naturelle favorise des habitudes de soin consciente et minimaliste.<\/li>\n<li>\u00b7 Effet psychologique sur les peaux grasses\/acn\u00e9iques: en r\u00e9gulant le s\u00e9bum, elle contribue \u00e0 am\u00e9liorer l&rsquo;estime de soi chez les personnes souffrant de probl\u00e8mes cutan\u00e9s.<\/li>\n<\/ul>\n<h5><a title=\"Fiche Technique Jojoba\" href=\"https:\/\/oleantis.com\/wp-content\/uploads\/2025\/09\/AV-JOJOBA-ECO-DS.pdf\" target=\"_blank\" rel=\"noopener\"><strong>T\u00e9l\u00e9charger la F.T<\/strong><\/a><\/h5>\n<p>Nous proposons des produits de haute qualit\u00e9, certifi\u00e9s par des analyses de laboratoire, garantissant leur tra\u00e7abilit\u00e9 et leur puret\u00e9, soigneusement s\u00e9lectionn\u00e9s \u00e0 l\u2019origine pour leurs propri\u00e9t\u00e9s.<\/p>\n<p>Si, en plus de la fiche technique, vous avez besoin d\u2019un autre document, n\u2019h\u00e9sitez pas \u00e0 nous contacter \u00e0 l\u2019adresse suivante: <a href=\"mailto:info@oleantis.com\">info@oleantis.com<\/a><\/p>\n","protected":false},"excerpt":{"rendered":"<h3><em>Simmondsia chinensis<\/em><\/h3>\n<p>L\u2019huile de jojoba est l\u2019une des plus int\u00e9ressantes, car techniquement, ce n\u2019est pas une huile mais une cire liquide, ce qui la rend plus stable que la plupart des huiles v\u00e9g\u00e9tales, car elle ne s\u2019oxyde pas facilement. De plus, sa structure chimique similaire \u00e0 celle du s\u00e9bum humain lui permet de s\u2019int\u00e9grer parfaitement \u00e0 la peau et aux cheveux. Elle est obtenue par pression \u00e0 froid des graines de l&rsquo;arbuste de jojoba, qui est souvent tr\u00e8s long\u00e9vif, pouvant atteindre 250 ans. En plus de son importance dans l\u2019industrie cosm\u00e9tique, elle a eu des usages industriels inattendus : elle a \u00e9t\u00e9 utilis\u00e9e dans les lubrifiants a\u00e9rospatiaux et les huiles pour armes \u00e0 feu, gr\u00e2ce \u00e0 sa r\u00e9sistance \u00e0 la temp\u00e9rature.  <\/p>\n<h5>Huile v\u00e9g\u00e9tale biologique 100% pure et naturelle.<\/h5>\n","protected":false},"featured_media":6416,"comment_status":"open","ping_status":"closed","template":"","meta":{"jetpack_publicize_message":"","jetpack_publicize_feature_enabled":true,"jetpack_social_post_already_shared":false,"jetpack_social_options":{"image_generator_settings":{"template":"highway","default_image_id":0,"font":"","enabled":false},"version":2}},"product_brand":[],"product_cat":[356,341,346,342,403,243],"product_tag":[415,360,409,352,416,412],"class_list":{"0":"post-7227","1":"product","2":"type-product","3":"status-publish","4":"has-post-thumbnail","6":"product_cat-beauty-fr","7":"product_cat-body-care-fr","8":"product_cat-cosmetics-fr","9":"product_cat-healthy-fr","10":"product_cat-huile-vegetale","11":"product_cat-naturel","12":"product_tag-antioxydant","13":"product_tag-cabello-fr","14":"product_tag-hidratante","15":"product_tag-masajes-fr","16":"product_tag-protection-capillaire","17":"product_tag-regenerateur","19":"first","20":"instock","21":"shipping-taxable","22":"product-type-simple"},"aioseo_notices":[],"jetpack_publicize_connections":[],"jetpack_sharing_enabled":true,"_links":{"self":[{"href":"https:\/\/oleantis.com\/fr\/wp-json\/wp\/v2\/product\/7227","targetHints":{"allow":["GET"]}}],"collection":[{"href":"https:\/\/oleantis.com\/fr\/wp-json\/wp\/v2\/product"}],"about":[{"href":"https:\/\/oleantis.com\/fr\/wp-json\/wp\/v2\/types\/product"}],"replies":[{"embeddable":true,"href":"https:\/\/oleantis.com\/fr\/wp-json\/wp\/v2\/comments?post=7227"}],"wp:featuredmedia":[{"embeddable":true,"href":"https:\/\/oleantis.com\/fr\/wp-json\/wp\/v2\/media\/6416"}],"wp:attachment":[{"href":"https:\/\/oleantis.com\/fr\/wp-json\/wp\/v2\/media?parent=7227"}],"wp:term":[{"taxonomy":"product_brand","embeddable":true,"href":"https:\/\/oleantis.com\/fr\/wp-json\/wp\/v2\/product_brand?post=7227"},{"taxonomy":"product_cat","embeddable":true,"href":"https:\/\/oleantis.com\/fr\/wp-json\/wp\/v2\/product_cat?post=7227"},{"taxonomy":"product_tag","embeddable":true,"href":"https:\/\/oleantis.com\/fr\/wp-json\/wp\/v2\/product_tag?post=7227"}],"curies":[{"name":"wp","href":"https:\/\/api.w.org\/{rel}","templated":true}]}}