{"id":7228,"date":"2025-09-15T10:03:15","date_gmt":"2025-09-15T08:03:15","guid":{"rendered":"https:\/\/oleantis.com\/producto\/huile-vegetale-de-rose-musquee-bio\/"},"modified":"2025-09-15T10:03:15","modified_gmt":"2025-09-15T08:03:15","slug":"huile-vegetale-de-rose-musquee-bio","status":"publish","type":"product","link":"https:\/\/oleantis.com\/fr\/produit\/huile-vegetale-de-rose-musquee-bio\/","title":{"rendered":"Huile v\u00e9g\u00e9tale de rose musqu\u00e9e BIO"},"content":{"rendered":"<h5><strong>Propri\u00e9t\u00e9s<\/strong><\/h5>\n<p><strong>Physiquement<\/strong><\/p>\n<ul>\n<li>\u00b7 Puissant r\u00e9g\u00e9n\u00e9rateur cutan\u00e9 : favorise la cicatrisation et am\u00e9liore l&rsquo;apparence des cicatrices, des br\u00fblures et des vergetures.<\/li>\n<li>\u00b7 Antioxydante : riche en carot\u00e9no\u00efdes, en tocoph\u00e9rols et en vitamine A naturelle, elle lutte contre les dommages oxydatifs.<\/li>\n<li>\u00b7 R\u00e9paratrice profonde de la peau: am\u00e9liore l&rsquo;\u00e9lasticit\u00e9 et la fermet\u00e9 de la peau.<\/li>\n<li>\u00b7 Anti-rides et l\u00e9g\u00e8rement d\u00e9pigmentante: contribue \u00e0 att\u00e9nuer les rides d\u2019expression et les taches.<\/li>\n<li>\u00b7 Nutrition cellulaire: riche en acides gras essentiels (linol\u00e9ique, linol\u00e9nique) qui favorisent le renouvellement des peaux s\u00e8ches ou ab\u00eem\u00e9es.<\/li>\n<li>\u00b7 Anti-inflammatoire : apaise les peaux irrit\u00e9es ou sujettes \u00e0 un ecz\u00e9ma l\u00e9ger.<\/li>\n<li>\u00b7 Hydratation profonde: riche en acides gras essentiels (om\u00e9ga 3, 6 et 9), elle am\u00e9liore l&rsquo;hydratation et l&rsquo;\u00e9lasticit\u00e9 de la peau ; elle est largement utilis\u00e9e dans les cr\u00e8mes cosm\u00e9tiques et les huiles de massage.<\/li>\n<li>\u00b7 R\u00e9paratrice capillaire: appliqu\u00e9e sur les cheveux, elle aide \u00e0 restaurer les pointes fourchues et le cuir chevelu sec.<\/li>\n<\/ul>\n<p><strong>\u00c9motionnellement et \u00e9nerg\u00e9tiquement<\/strong><\/p>\n<ul>\n<li>\u00b7 Sensation de soin et de douceur : gr\u00e2ce \u00e0 son utilisation fr\u00e9quente dans les traitements faciaux et corporels haut de gamme.<\/li>\n<li>\u00b7 Renforce l\u2019estime de soi: en am\u00e9liorant visiblement l&rsquo;apparence de la peau, elle peut favoriser la confiance en soi.<\/li>\n<li>\u00b7 Relaxante dans les rituels de beaut\u00e9 lente: son application attentive invite \u00e0 la s\u00e9r\u00e9nit\u00e9 et \u00e0 la connexion avec soi-m\u00eame.<\/li>\n<li>\u00b7 Symbolisme de renouveau: dans les th\u00e9rapies de soin personnel, elle est associ\u00e9e \u00e0 la \u201crenaissance\u201d ou \u00e0 l&rsquo;am\u00e9lioration apr\u00e8s un processus de cicatrisation physique et \u00e9motionnelle.<\/li>\n<\/ul>\n<h5><a title=\"Fiche Technique Rose musqu\u00e9e\" href=\"https:\/\/oleantis.com\/wp-content\/uploads\/2025\/09\/AV-ROSA-MOSQUETA-ECO-DS.pdf\" target=\"_blank\" rel=\"noopener\"><strong>T\u00e9l\u00e9charger la F.T<\/strong><\/a><\/h5>\n<p>Nous proposons des produits de haute qualit\u00e9, certifi\u00e9s par des analyses de laboratoire, garantissant leur tra\u00e7abilit\u00e9 et leur puret\u00e9, soigneusement s\u00e9lectionn\u00e9s \u00e0 l\u2019origine pour leurs propri\u00e9t\u00e9s.<\/p>\n<p>Si, en plus de la fiche technique, vous avez besoin d\u2019un autre document, n\u2019h\u00e9sitez pas \u00e0 nous contacter \u00e0 l\u2019adresse suivante: <a href=\"mailto:info@oleantis.com\">info@oleantis.com<\/a><\/p>\n","protected":false},"excerpt":{"rendered":"<h3><em>Rosa canina<\/em><\/h3>\n<p>Cette pr\u00e9cieuse huile v\u00e9g\u00e9tale est obtenue par pression \u00e0 froid des graines de la plante de Rosa canina. Riche en acides gras essentiels, notamment en om\u00e9ga 3, 6 et 9, elle contient une concentration remarquable de vitamine A (r\u00e9tinol naturel), ce qui en fait un puissant r\u00e9g\u00e9n\u00e9rateur cutan\u00e9, hydratant et antioxydant. <\/p>\n<p>Reconnue pour son efficacit\u00e9 \u00e0 att\u00e9nuer les cicatrices, les taches et les rides, elle a \u00e9t\u00e9 surnomm\u00e9e \u201c le secret natural d&rsquo;une peau parfaite\u201d et c&rsquo;est l&rsquo;une des huiles pr\u00e9f\u00e9r\u00e9es des cosm\u00e9tiques anti-\u00e2ge.<\/p>\n<p>L\u00e9g\u00e8re, \u00e0 absorption rapide et d&rsquo;une douce teinte orang\u00e9e, elle est id\u00e9ale pour nourrir, r\u00e9parer et embellir la peau et les cheveux secs ou fragiles.<\/p>\n<h5>Huile v\u00e9g\u00e9tale biologique 100% pure et naturelle.<\/h5>\n","protected":false},"featured_media":6419,"comment_status":"open","ping_status":"closed","template":"","meta":{"jetpack_publicize_message":"","jetpack_publicize_feature_enabled":true,"jetpack_social_post_already_shared":false,"jetpack_social_options":{"image_generator_settings":{"template":"highway","default_image_id":0,"font":"","enabled":false},"version":2}},"product_brand":[],"product_cat":[356,341,342,403,243],"product_tag":[417,362,418,415,360,409,414],"class_list":{"0":"post-7228","1":"product","2":"type-product","3":"status-publish","4":"has-post-thumbnail","6":"product_cat-beauty-fr","7":"product_cat-body-care-fr","8":"product_cat-healthy-fr","9":"product_cat-huile-vegetale","10":"product_cat-naturel","11":"product_tag-acides-gras-essentiels","12":"product_tag-anti-inflammatoire","13":"product_tag-antiarrugas","14":"product_tag-antioxydant","15":"product_tag-cabello-fr","16":"product_tag-hidratante","17":"product_tag-regenerateur-capillaire","19":"first","20":"instock","21":"shipping-taxable","22":"product-type-simple"},"aioseo_notices":[],"jetpack_publicize_connections":[],"jetpack_sharing_enabled":true,"_links":{"self":[{"href":"https:\/\/oleantis.com\/fr\/wp-json\/wp\/v2\/product\/7228","targetHints":{"allow":["GET"]}}],"collection":[{"href":"https:\/\/oleantis.com\/fr\/wp-json\/wp\/v2\/product"}],"about":[{"href":"https:\/\/oleantis.com\/fr\/wp-json\/wp\/v2\/types\/product"}],"replies":[{"embeddable":true,"href":"https:\/\/oleantis.com\/fr\/wp-json\/wp\/v2\/comments?post=7228"}],"wp:featuredmedia":[{"embeddable":true,"href":"https:\/\/oleantis.com\/fr\/wp-json\/wp\/v2\/media\/6419"}],"wp:attachment":[{"href":"https:\/\/oleantis.com\/fr\/wp-json\/wp\/v2\/media?parent=7228"}],"wp:term":[{"taxonomy":"product_brand","embeddable":true,"href":"https:\/\/oleantis.com\/fr\/wp-json\/wp\/v2\/product_brand?post=7228"},{"taxonomy":"product_cat","embeddable":true,"href":"https:\/\/oleantis.com\/fr\/wp-json\/wp\/v2\/product_cat?post=7228"},{"taxonomy":"product_tag","embeddable":true,"href":"https:\/\/oleantis.com\/fr\/wp-json\/wp\/v2\/product_tag?post=7228"}],"curies":[{"name":"wp","href":"https:\/\/api.w.org\/{rel}","templated":true}]}}