{"id":7229,"date":"2025-09-15T10:41:01","date_gmt":"2025-09-15T08:41:01","guid":{"rendered":"https:\/\/oleantis.com\/producto\/hydrolat-de-ciste-bio-usage-alimentaire\/"},"modified":"2025-09-15T10:41:01","modified_gmt":"2025-09-15T08:41:01","slug":"hydrolat-de-ciste-bio-usage-alimentaire","status":"publish","type":"product","link":"https:\/\/oleantis.com\/fr\/produit\/hydrolat-de-ciste-bio-usage-alimentaire\/","title":{"rendered":"Hydrolat de ciste BIO, usage alimentaire"},"content":{"rendered":"<h5><strong>Propri\u00e9t\u00e9s<\/strong><\/h5>\n<p><strong>Physiquement<\/strong><\/p>\n<ul>\n<li>\u00b7 Cicatrisant et r\u00e9g\u00e9n\u00e9rateur cutan\u00e9 : favorise la r\u00e9paration des tissus apr\u00e8s des blessures, coupures, interventions chirurgicales ou cicatrices r\u00e9centes.<\/li>\n<li>\u00b7 Astringent : aide \u00e0 resserrer les pores et \u00e0 tonifier les peaux matures ou rel\u00e2ch\u00e9es.<\/li>\n<li>\u00b7 H\u00e9mostatique l\u00e9ger : aide \u00e0 arr\u00eater les petits saignements superficiels.<\/li>\n<li>\u00b7 Antiseptique naturel : nettoie et d\u00e9sinfecte sans agresser la peau.<\/li>\n<li>\u00b7 Anti-inflammatoire : att\u00e9nue les rougeurs et les irritations.<\/li>\n<li>\u00b7 D\u00e9congestionnant : utile en compresses pour les poches sous les yeux ou les inflammations du visage.<\/li>\n<\/ul>\n<p><strong>\u00c9motionnellement et \u00e9nerg\u00e9tiquement<\/strong><\/p>\n<ul>\n<li>\u00b7 Enracinant et stabilisant: son ar\u00f4me r\u00e9sineux aide \u00e0 \u201crecentrer\u201d l\u2019esprit et \u00e0 se reconnecter au moment pr\u00e9sent.<\/li>\n<li>\u00b7 Enracinant et stabilisant: son ar\u00f4me r\u00e9sineux aide \u00e0 \u201crecentrer\u201d l\u2019esprit et \u00e0 se reconnecter au moment pr\u00e9sent.<\/li>\n<li>\u00b7 Apporte une sensation de protection: en aromath\u00e9rapie subtile, il est associ\u00e9 \u00e0 la cr\u00e9ation d\u2019un \u201cbouclier\u201d \u00e9motionnel.<\/li>\n<\/ul>\n<h5><a title=\"Fiche Technique Ciste\" href=\"https:\/\/oleantis.com\/wp-content\/uploads\/2025\/09\/OLEANTIS-FT-Cistus-ladanifer.pdf\" target=\"_blank\" rel=\"noopener\"><strong>T\u00e9l\u00e9charger la F.T<\/strong><\/a><\/h5>\n<p>Nous proposons des produits de haute qualit\u00e9, certifi\u00e9s par des analyses de laboratoire, garantissant leur tra\u00e7abilit\u00e9 et leur puret\u00e9, soigneusement s\u00e9lectionn\u00e9s \u00e0 l\u2019origine pour leurs propri\u00e9t\u00e9s.<\/p>\n<p>Si, en plus de la fiche technique, vous avez besoin d\u2019un autre document, n\u2019h\u00e9sitez pas \u00e0 nous contacter \u00e0 l\u2019adresse suivante: <a href=\"mailto:info@oleantis.com\">info@oleantis.com<\/a><\/p>\n","protected":false},"excerpt":{"rendered":"<h3><em>Cistus ladanifer<\/em><\/h3>\n<p>Cet hydrolat est obtenu par distillation \u00e0 la vapeur des feuilles et des tiges de cette plante. Le ciste est capable de pousser sur des sols pauvres et de r\u00e9sister aux incendies, repoussant vigoureusement, ce qui lui conf\u00e8re une symbolique de r\u00e9g\u00e9n\u00e9ration. Dans la tradition populaire, on disait que se frotter avec de l\u2019eau de ciste \u00ab fermait \u00bb la peau contre les blessures et les maux. L&rsquo;hydrolat de ciste est un ajout r\u00e9cent aux cosm\u00e9tiques naturels, car on utilisait traditionnellement son huile essentielle ou sa r\u00e9sine; sa version aqueuse a gagn\u00e9 en popularit\u00e9 pour sa douceur et sa polyvalence.   <\/p>\n<h5>Hydrolat biologique 100 % pur et naturel, <strong>usage alimentaire<\/strong>.<\/h5>\n<p>&nbsp;<\/p>\n","protected":false},"featured_media":6428,"comment_status":"open","ping_status":"closed","template":"","meta":{"jetpack_publicize_message":"","jetpack_publicize_feature_enabled":true,"jetpack_social_post_already_shared":false,"jetpack_social_options":{"image_generator_settings":{"template":"highway","default_image_id":0,"font":"","enabled":false},"version":2}},"product_brand":[],"product_cat":[342,241,366],"product_tag":[419,362,422,420,423,421],"class_list":{"0":"post-7229","1":"product","2":"type-product","3":"status-publish","4":"has-post-thumbnail","6":"product_cat-healthy-fr","7":"product_cat-hydrolat","8":"product_cat-selfcare-fr","9":"product_tag-agent-cicatrisant-et-regenerateur-cutane","10":"product_tag-anti-inflammatoire","11":"product_tag-antiseptique-naturel","12":"product_tag-astringent","13":"product_tag-decongestionnant","14":"product_tag-hemostatique-leger","16":"first","17":"instock","18":"shipping-taxable","19":"product-type-simple"},"aioseo_notices":[],"jetpack_publicize_connections":[],"jetpack_sharing_enabled":true,"_links":{"self":[{"href":"https:\/\/oleantis.com\/fr\/wp-json\/wp\/v2\/product\/7229","targetHints":{"allow":["GET"]}}],"collection":[{"href":"https:\/\/oleantis.com\/fr\/wp-json\/wp\/v2\/product"}],"about":[{"href":"https:\/\/oleantis.com\/fr\/wp-json\/wp\/v2\/types\/product"}],"replies":[{"embeddable":true,"href":"https:\/\/oleantis.com\/fr\/wp-json\/wp\/v2\/comments?post=7229"}],"wp:featuredmedia":[{"embeddable":true,"href":"https:\/\/oleantis.com\/fr\/wp-json\/wp\/v2\/media\/6428"}],"wp:attachment":[{"href":"https:\/\/oleantis.com\/fr\/wp-json\/wp\/v2\/media?parent=7229"}],"wp:term":[{"taxonomy":"product_brand","embeddable":true,"href":"https:\/\/oleantis.com\/fr\/wp-json\/wp\/v2\/product_brand?post=7229"},{"taxonomy":"product_cat","embeddable":true,"href":"https:\/\/oleantis.com\/fr\/wp-json\/wp\/v2\/product_cat?post=7229"},{"taxonomy":"product_tag","embeddable":true,"href":"https:\/\/oleantis.com\/fr\/wp-json\/wp\/v2\/product_tag?post=7229"}],"curies":[{"name":"wp","href":"https:\/\/api.w.org\/{rel}","templated":true}]}}