{"id":7230,"date":"2025-09-15T10:30:42","date_gmt":"2025-09-15T08:30:42","guid":{"rendered":"https:\/\/oleantis.com\/producto\/hydrolat-dhamamelis-bio-usage-alimentaire\/"},"modified":"2025-09-15T10:30:42","modified_gmt":"2025-09-15T08:30:42","slug":"hydrolat-dhamamelis-bio-usage-alimentaire","status":"publish","type":"product","link":"https:\/\/oleantis.com\/fr\/produit\/hydrolat-dhamamelis-bio-usage-alimentaire\/","title":{"rendered":"Hydrolat d&rsquo;hamam\u00e9lis BIO, usage alimentaire"},"content":{"rendered":"<h5><strong>Propri\u00e9t\u00e9s<\/strong><\/h5>\n<p><strong>Physiquement <\/strong><\/p>\n<ul>\n<li>\u00b7 Astringent doux : tonifie la peau et aide \u00e0 resserrer les pores.<\/li>\n<li>\u00b7 Vasoconstricteur : am\u00e9liore la tonicit\u00e9 des capillaires, utile en cas de cuperose, de varices et de jambes fatigu\u00e9es.<\/li>\n<li>\u00b7 Anti-inflammatoire : apaise les irritations cutan\u00e9es, l\u2019ecz\u00e9ma et les petites \u00e9ruptions.<\/li>\n<li>\u00b7 D\u00e9congestionnant oculaire : \u00e0 utiliser en compresses douces pour les yeux gonfl\u00e9s ou fatigu\u00e9s.<\/li>\n<li>\u00b7 Apr\u00e8s-rasage ou \u00e9pilation : r\u00e9duit les rougeurs et les sensations de br\u00fblure.<\/li>\n<li>\u00b7 Antiseptique doux : aide \u00e0 garder la peau propre sans la dess\u00e9cher.<\/li>\n<li>\u00b7 Effet rafra\u00eechissant : soulage les sensations de chaleur ou de gonflement de la peau et des extr\u00e9mit\u00e9s.<\/li>\n<\/ul>\n<p><strong>\u00c9motionnellement et \u00e9nerg\u00e9tiquement<\/strong><\/p>\n<ul>\n<li>\u00b7 Tonique mental doux : son ar\u00f4me frais et herbac\u00e9 peut apporter une sensation de clart\u00e9.<\/li>\n<li>\u00b7 \u00c9quilibrant : favorise une sensation d\u2019ordre et de fra\u00eecheur int\u00e9rieure, utile en cas de fatigue mentale.<\/li>\n<li>\u00b7 Soutien au soin personnel: le rituel d\u2019application procure bien-\u00eatre et connexion avec le corps.<\/li>\n<\/ul>\n<h5><a title=\"Fiche Technique Hamam\u00e9lis\" href=\"https:\/\/oleantis.com\/wp-content\/uploads\/2025\/09\/OLEANTIS-FT-Hamamelis-virginiana.pdf\" target=\"_blank\" rel=\"noopener\"><strong>T\u00e9l\u00e9charger la F.T<\/strong><\/a><\/h5>\n<p>Nous proposons des produits de haute qualit\u00e9, certifi\u00e9s par des analyses de laboratoire, garantissant leur tra\u00e7abilit\u00e9 et leur puret\u00e9, soigneusement s\u00e9lectionn\u00e9s \u00e0 l\u2019origine pour leurs propri\u00e9t\u00e9s.<\/p>\n<p>Si, en plus de la fiche technique, vous avez besoin d\u2019un autre document, n\u2019h\u00e9sitez pas \u00e0 nous contacter \u00e0 l\u2019adresse suivante: <a href=\"mailto:info@oleantis.com\">info@oleantis.com<\/a><\/p>\n","protected":false},"excerpt":{"rendered":"<h3><em>Hamamelis virginiana<\/em><\/h3>\n<p>Cet hydrolat est obtenu par distillation \u00e0 la vapeur des feuilles de cet arbuste. Contrairement \u00e0 de nombreuses plantes, l&rsquo;hamam\u00e9lis fleurit en plein hiver, offrant des p\u00e9tales jaunes ou rouges en forme de rubans qui r\u00e9sistent au gel, ce qui en fait un symbole de r\u00e9sistance et de puret\u00e9, car il fleurit alors que d\u2019autres plantes sont en dormance. Historiquement, il a \u00e9t\u00e9 consid\u00e9r\u00e9 \u00e0 la fois comme un rem\u00e8de m\u00e9dicinal et un tonique de beaut\u00e9.  <\/p>\n<h5>Hydrolat biologique 100 % pur et naturel, <strong>usage alimentaire<\/strong>.<\/h5>\n","protected":false},"featured_media":6425,"comment_status":"open","ping_status":"closed","template":"","meta":{"jetpack_publicize_message":"","jetpack_publicize_feature_enabled":true,"jetpack_social_post_already_shared":false,"jetpack_social_options":{"image_generator_settings":{"template":"highway","default_image_id":0,"font":"","enabled":false},"version":2}},"product_brand":[],"product_cat":[342,241,243],"product_tag":[362,427,424,426,410,355,425],"class_list":{"0":"post-7230","1":"product","2":"type-product","3":"status-publish","4":"has-post-thumbnail","6":"product_cat-healthy-fr","7":"product_cat-hydrolat","8":"product_cat-naturel","9":"product_tag-anti-inflammatoire","10":"product_tag-antiseptique-leger","11":"product_tag-astringent-leger","12":"product_tag-decongestionnant-oculaire","13":"product_tag-food-grade","14":"product_tag-rafraichissant","15":"product_tag-vasoconstricteur","17":"first","18":"instock","19":"shipping-taxable","20":"product-type-simple"},"aioseo_notices":[],"jetpack_publicize_connections":[],"jetpack_sharing_enabled":true,"_links":{"self":[{"href":"https:\/\/oleantis.com\/fr\/wp-json\/wp\/v2\/product\/7230","targetHints":{"allow":["GET"]}}],"collection":[{"href":"https:\/\/oleantis.com\/fr\/wp-json\/wp\/v2\/product"}],"about":[{"href":"https:\/\/oleantis.com\/fr\/wp-json\/wp\/v2\/types\/product"}],"replies":[{"embeddable":true,"href":"https:\/\/oleantis.com\/fr\/wp-json\/wp\/v2\/comments?post=7230"}],"wp:featuredmedia":[{"embeddable":true,"href":"https:\/\/oleantis.com\/fr\/wp-json\/wp\/v2\/media\/6425"}],"wp:attachment":[{"href":"https:\/\/oleantis.com\/fr\/wp-json\/wp\/v2\/media?parent=7230"}],"wp:term":[{"taxonomy":"product_brand","embeddable":true,"href":"https:\/\/oleantis.com\/fr\/wp-json\/wp\/v2\/product_brand?post=7230"},{"taxonomy":"product_cat","embeddable":true,"href":"https:\/\/oleantis.com\/fr\/wp-json\/wp\/v2\/product_cat?post=7230"},{"taxonomy":"product_tag","embeddable":true,"href":"https:\/\/oleantis.com\/fr\/wp-json\/wp\/v2\/product_tag?post=7230"}],"curies":[{"name":"wp","href":"https:\/\/api.w.org\/{rel}","templated":true}]}}