{"id":7231,"date":"2025-09-15T10:46:54","date_gmt":"2025-09-15T08:46:54","guid":{"rendered":"https:\/\/oleantis.com\/producto\/hydrolat-de-lavande-fine-bio-usage-alimentaire\/"},"modified":"2025-12-21T21:00:31","modified_gmt":"2025-12-21T19:00:31","slug":"hydrolat-de-lavande-fine-bio-usage-alimentaire","status":"publish","type":"product","link":"https:\/\/oleantis.com\/fr\/produit\/hydrolat-de-lavande-fine-bio-usage-alimentaire\/","title":{"rendered":"Hydrolat de lavande fine BIO, usage alimentaire"},"content":{"rendered":"<h5><strong>Propri\u00e9t\u00e9s<\/strong><\/h5>\n<p><strong>Physiquement<\/strong><\/p>\n<ul>\n<li>\u00b7 Apaisant cutan\u00e9 : soulage les irritations, les br\u00fblures l\u00e9g\u00e8res, les piq\u00fbres d&rsquo;insectes et les rougeurs.<\/li>\n<li>\u00b7 Antiseptique doux : aide \u00e0 nettoyer les petites plaies ou les peaux \u00e0 tendance acn\u00e9ique sans agresser.<\/li>\n<li>\u00b7 Cicatrisant : favorise la r\u00e9g\u00e9n\u00e9ration des tissus.<\/li>\n<li>\u00b7 R\u00e9gulateur de s\u00e9bum : utile aussi bien pour les peaux s\u00e8ches (apporte de l\u2019hydratation) que pour les peaux grasses (aide \u00e0 r\u00e9\u00e9quilibrer).<\/li>\n<li>\u00b7 Rafra\u00eechissant et d\u00e9congestionnant : id\u00e9al en compresses ou en spray apr\u00e8s une exposition au soleil.<\/li>\n<li>\u00b7 R\u00e9pulsif anti-insectes l\u00e9ger : utilis\u00e9 comme spray d\u2019ambiance ou corporel.<\/li>\n<\/ul>\n<p><strong>\u00c9motionnellement et \u00e9nerg\u00e9tiquement<\/strong><\/p>\n<ul>\n<li>\u00b7 Relaxant et anxiolytique l\u00e9ger : aide \u00e0 apaiser l&rsquo;esprit, \u00e0 r\u00e9duire les tensions et \u00e0 favoriser le sommeil.<\/li>\n<li>\u00b7 \u00c9quilibrant \u00e9motionnel : mod\u00e8re les sautes d&rsquo;humeur et les \u00e9tats d\u2019irritabilit\u00e9.<\/li>\n<li>\u00b7 Favorise le repos : son ar\u00f4me d\u00e9licat cr\u00e9e une ambiance propice au sommeil.<\/li>\n<li>\u00b7 Accompagnant en m\u00e9ditation: procure une sensation de s\u00e9r\u00e9nit\u00e9 et d\u2019ouverture.<\/li>\n<\/ul>\n<h5><a title=\"Fiche Technique Lavande fine\" href=\"https:\/\/oleantis.com\/wp-content\/uploads\/2025\/09\/OLEANTIS-FT-Lavandula-angustifolia.pdf\" target=\"_blank\" rel=\"noopener\"><strong>T\u00e9l\u00e9charger la F.T<\/strong><\/a><\/h5>\n<p>Nous proposons des produits de haute qualit\u00e9, certifi\u00e9s par des analyses de laboratoire, garantissant leur tra\u00e7abilit\u00e9 et leur puret\u00e9, soigneusement s\u00e9lectionn\u00e9s \u00e0 l\u2019origine pour leurs propri\u00e9t\u00e9s.<\/p>\n<p>Si, en plus de la fiche technique, vous avez besoin d\u2019un autre document, n\u2019h\u00e9sitez pas \u00e0 nous contacter \u00e0 l\u2019adresse suivante: <a href=\"mailto:info@oleantis.com\">info@oleantis.com<\/a><\/p>\n","protected":false},"excerpt":{"rendered":"<h3><em>Lavandula angustifolia<\/em><\/h3>\n<p>Cet hydrolat est obtenu par distillation indirecte \u00e0 la vapeur des sommit\u00e9s fleuries de la plante. Son nom proviendrait du latin \u00ab lavare \u00bb, qui signifie \u00ab laver \u00bb, car les Romains l&rsquo;utilisaient comme plante nettoyante et purificatrice, bien que certains affirment que son nom fasse r\u00e9f\u00e9rence \u00e0 sa couleur. Au Moyen \u00c2ge, il \u00e9tait employ\u00e9 aussi bien dans les cours royales pour parfumer les pi\u00e8ces que dans les foyers modestes pour repousser les parasites. Il est associ\u00e9 au calme, \u00e0 la puret\u00e9 et \u00e0 la protection spirituelle.   <\/p>\n<h5>Hydrolat biologique 100 % pur et naturel, <strong>usage alimentaire<\/strong>.<\/h5>\n","protected":false},"featured_media":6431,"comment_status":"open","ping_status":"closed","template":"","meta":{"jetpack_publicize_message":"","jetpack_publicize_feature_enabled":true,"jetpack_social_post_already_shared":false,"jetpack_social_options":{"image_generator_settings":{"template":"highway","default_image_id":0,"font":"","enabled":false},"version":2}},"product_brand":[],"product_cat":[342,241,243],"product_tag":[364,428,423,429,355,430],"class_list":{"0":"post-7231","1":"product","2":"type-product","3":"status-publish","4":"has-post-thumbnail","6":"product_cat-healthy-fr","7":"product_cat-hydrolat","8":"product_cat-naturel","9":"product_tag-antiseptique","10":"product_tag-apaisant-pour-la-peau","11":"product_tag-decongestionnant","12":"product_tag-guerison","13":"product_tag-rafraichissant","14":"product_tag-repulsif-a-insectes","16":"first","17":"instock","18":"shipping-taxable","19":"product-type-simple"},"aioseo_notices":[],"jetpack_publicize_connections":[],"jetpack_sharing_enabled":true,"_links":{"self":[{"href":"https:\/\/oleantis.com\/fr\/wp-json\/wp\/v2\/product\/7231","targetHints":{"allow":["GET"]}}],"collection":[{"href":"https:\/\/oleantis.com\/fr\/wp-json\/wp\/v2\/product"}],"about":[{"href":"https:\/\/oleantis.com\/fr\/wp-json\/wp\/v2\/types\/product"}],"replies":[{"embeddable":true,"href":"https:\/\/oleantis.com\/fr\/wp-json\/wp\/v2\/comments?post=7231"}],"wp:featuredmedia":[{"embeddable":true,"href":"https:\/\/oleantis.com\/fr\/wp-json\/wp\/v2\/media\/6431"}],"wp:attachment":[{"href":"https:\/\/oleantis.com\/fr\/wp-json\/wp\/v2\/media?parent=7231"}],"wp:term":[{"taxonomy":"product_brand","embeddable":true,"href":"https:\/\/oleantis.com\/fr\/wp-json\/wp\/v2\/product_brand?post=7231"},{"taxonomy":"product_cat","embeddable":true,"href":"https:\/\/oleantis.com\/fr\/wp-json\/wp\/v2\/product_cat?post=7231"},{"taxonomy":"product_tag","embeddable":true,"href":"https:\/\/oleantis.com\/fr\/wp-json\/wp\/v2\/product_tag?post=7231"}],"curies":[{"name":"wp","href":"https:\/\/api.w.org\/{rel}","templated":true}]}}