{"id":7232,"date":"2025-09-15T10:15:24","date_gmt":"2025-09-15T08:15:24","guid":{"rendered":"https:\/\/oleantis.com\/producto\/hydrolat-de-neroli-bio-usage-alimentaire\/"},"modified":"2025-09-15T10:15:24","modified_gmt":"2025-09-15T08:15:24","slug":"hydrolat-de-neroli-bio-usage-alimentaire","status":"publish","type":"product","link":"https:\/\/oleantis.com\/fr\/produit\/hydrolat-de-neroli-bio-usage-alimentaire\/","title":{"rendered":"Hydrolat de n\u00e9roli BIO, usage alimentaire"},"content":{"rendered":"<h5><strong>Propri\u00e9t\u00e9s<\/strong><\/h5>\n<p><strong>Physiquement<\/strong><\/p>\n<ul>\n<li>\u00b7 Tonique facial doux: rafra\u00eechit, hydrate et apaise les peaux sensibles ou irrit\u00e9es.<\/li>\n<li>\u00b7 R\u00e9g\u00e9n\u00e9rateur cutan\u00e9 : favorise le renouvellement cellulaire, utile pour les peaux s\u00e8ches, matures ou ternes.<\/li>\n<li>\u00b7 Apaisant cutan\u00e9 : r\u00e9duit les rougeurs, couperose l\u00e9g\u00e8re et petites inflammations.<\/li>\n<li>\u00b7 Hydratation capillaire l\u00e9g\u00e8re: adoucit les cheveux fins ou fris\u00e9s.<\/li>\n<li>\u00b7 Adoucissant pour peaux d\u00e9licates: convient aux b\u00e9b\u00e9s et aux personnes allergiques aux parfums synth\u00e9tiques.<\/li>\n<li>\u00b7 Digestif doux (usage traditionnel): en infusion ou dilu\u00e9 pour les l\u00e9gers inconforts digestifs (uniquement hydrolat 100 % pur et de qualit\u00e9 alimentaire).<\/li>\n<\/ul>\n<p><strong>\u00c9motionnellement et \u00e9nerg\u00e9tiquement<\/strong><\/p>\n<ul>\n<li>\u00b7 Anxiolytique doux : contribue \u00e0 r\u00e9duire le stress et les tensions \u00e9motionnelles.<\/li>\n<li>\u00b7 Relaxant et \u00e9quilibrant : favorise le calme sans provoquer de somnolence excessive.<\/li>\n<li>\u00b7 L\u00e9g\u00e8rement euphorisant: son ar\u00f4me floral et d&rsquo;agrumes remonte le moral en cas de tristesse ou d&rsquo;apathie.<\/li>\n<li>\u00b7 Soutien au sommeil: son utilisation en vaporisateur ou sur les draps aide \u00e0 favoriser le repos.<\/li>\n<li>\u00b7 Sensation de puret\u00e9 et de fra\u00eecheur: sa fragrance \u00e9voque la fra\u00eecheur et la propret\u00e9, utile dans les rituels de soin personnel.<\/li>\n<\/ul>\n<h5><a title=\"Fiche Technique N\u00e9roli\" href=\"https:\/\/oleantis.com\/wp-content\/uploads\/2025\/09\/OLEANTIS_FT_Azahar-Neroli.pdf\" target=\"_blank\" rel=\"noopener\"><strong>T\u00e9l\u00e9charger la fiche technique.<\/strong><\/a><\/h5>\n<p>Nous proposons des produits de haute qualit\u00e9, certifi\u00e9s par des analyses de laboratoire, garantissant leur tra\u00e7abilit\u00e9 et leur puret\u00e9, soigneusement s\u00e9lectionn\u00e9s \u00e0 l\u2019origine pour leurs propri\u00e9t\u00e9s.<\/p>\n<p>Si, en plus de la fiche technique, vous avez besoin d\u2019un autre document, n\u2019h\u00e9sitez pas \u00e0 nous contacter \u00e0 l\u2019adresse suivante: <a href=\"mailto:info@oleantis.com\">info@oleantis.com<\/a><\/p>\n","protected":false},"excerpt":{"rendered":"<h3><em>Citrus aurantium<\/em><\/h3>\n<p>L&rsquo;hydrolat de fleur d&rsquo;oranger est obtenu par distillation \u00e0 la vapeur des fleurs de n\u00e9roli (Citrus aurantium). Le nom \u00ab n\u00e9roli \u00bb provient d&rsquo;une princesse de Nerola (Italie) qui, au XVIIe si\u00e8cle, a popularis\u00e9 l\u2019utilisation du parfum de la fleur d&rsquo;oranger sur les gants et dans les bains. Cet hydrolat \u00e9tait utilis\u00e9 comme parfum l\u00e9ger et tonique facial par l&rsquo;aristocratie europ\u00e9enne, mais aussi, de fa\u00e7on traditionnelle, pour apaiser les nerfs, favoriser le sommeil, am\u00e9liorer la digestion et adoucir la peau.  <\/p>\n<h5>Hydrolat biologique 100 % pur et naturel, <strong>usage alimentaire<\/strong>.<\/h5>\n","protected":false},"featured_media":6422,"comment_status":"open","ping_status":"closed","template":"","meta":{"jetpack_publicize_message":"","jetpack_publicize_feature_enabled":true,"jetpack_social_post_already_shared":false,"jetpack_social_options":{"image_generator_settings":{"template":"highway","default_image_id":0,"font":"","enabled":false},"version":2}},"product_brand":[],"product_cat":[356,341,342,241,243],"product_tag":[368,349,432,431,412,413],"class_list":{"0":"post-7232","1":"product","2":"type-product","3":"status-publish","4":"has-post-thumbnail","6":"product_cat-beauty-fr","7":"product_cat-body-care-fr","8":"product_cat-healthy-fr","9":"product_cat-hydrolat","10":"product_cat-naturel","11":"product_tag-digestif","12":"product_tag-fourrure","13":"product_tag-lotion-tonique-pour-le-visage","14":"product_tag-parfum-2","15":"product_tag-regenerateur","16":"product_tag-relaxant","18":"first","19":"instock","20":"shipping-taxable","21":"product-type-simple"},"aioseo_notices":[],"jetpack_publicize_connections":[],"jetpack_sharing_enabled":true,"_links":{"self":[{"href":"https:\/\/oleantis.com\/fr\/wp-json\/wp\/v2\/product\/7232","targetHints":{"allow":["GET"]}}],"collection":[{"href":"https:\/\/oleantis.com\/fr\/wp-json\/wp\/v2\/product"}],"about":[{"href":"https:\/\/oleantis.com\/fr\/wp-json\/wp\/v2\/types\/product"}],"replies":[{"embeddable":true,"href":"https:\/\/oleantis.com\/fr\/wp-json\/wp\/v2\/comments?post=7232"}],"wp:featuredmedia":[{"embeddable":true,"href":"https:\/\/oleantis.com\/fr\/wp-json\/wp\/v2\/media\/6422"}],"wp:attachment":[{"href":"https:\/\/oleantis.com\/fr\/wp-json\/wp\/v2\/media?parent=7232"}],"wp:term":[{"taxonomy":"product_brand","embeddable":true,"href":"https:\/\/oleantis.com\/fr\/wp-json\/wp\/v2\/product_brand?post=7232"},{"taxonomy":"product_cat","embeddable":true,"href":"https:\/\/oleantis.com\/fr\/wp-json\/wp\/v2\/product_cat?post=7232"},{"taxonomy":"product_tag","embeddable":true,"href":"https:\/\/oleantis.com\/fr\/wp-json\/wp\/v2\/product_tag?post=7232"}],"curies":[{"name":"wp","href":"https:\/\/api.w.org\/{rel}","templated":true}]}}