{"id":7234,"date":"2025-09-15T10:52:49","date_gmt":"2025-09-15T08:52:49","guid":{"rendered":"https:\/\/oleantis.com\/producto\/hydrolat-de-rose-damascena-bio-usage-alimentaire\/"},"modified":"2025-09-15T10:52:49","modified_gmt":"2025-09-15T08:52:49","slug":"hydrolat-de-rose-damascena-bio-usage-alimentaire","status":"publish","type":"product","link":"https:\/\/oleantis.com\/fr\/produit\/hydrolat-de-rose-damascena-bio-usage-alimentaire\/","title":{"rendered":"Hydrolat de rose damascena BIO, usage alimentaire"},"content":{"rendered":"<h5><strong>Propri\u00e9t\u00e9s<\/strong><\/h5>\n<p><strong>Physiquement<\/strong><\/p>\n<ul>\n<li>\u00b7 Tonique facial r\u00e9g\u00e9n\u00e9rant: am\u00e9liore l\u2019\u00e9lasticit\u00e9, att\u00e9nue les ridules et apporte de l\u2019\u00e9clat.<\/li>\n<li>\u00b7 Apaisant et anti-inflammatoire : soulage les rougeurs, les irritations et les peaux sensibles ou r\u00e9actives.<\/li>\n<li>\u00b7 Astringent doux : aide \u00e0 resserrer les pores et \u00e9quilibre les peaux mixtes \u00e0 grasses.<\/li>\n<li>\u00b7 Hydratant l\u00e9ger: apporte fra\u00eecheur et hydratation \u00e0 la peau sans la graisser.<\/li>\n<li>\u00b7 Refra\u00eechissant pour les yeux : en compresses douces, calme les yeux fatigu\u00e9s ou irrit\u00e9s.<\/li>\n<li>\u00b7 Soin capillaire : rin\u00e7age final pour donner brillance et douceur aux cheveux.<\/li>\n<\/ul>\n<p><strong>\u00c9motionnellement et \u00e9nerg\u00e9tiquement<\/strong><\/p>\n<ul>\n<li>\u00b7 Harmonisant \u00e9motionnel : \u00e9quilibre les \u00e9tats d\u2019\u00e2me et aide \u00e0 r\u00e9duire la tension int\u00e9rieure.<\/li>\n<li>\u00b7 Antid\u00e9presseur l\u00e9ger : procure une sensation de bien-\u00eatre et de joie.<\/li>\n<li>\u00b7 R\u00e9confortant en p\u00e9riode de deuil ou de tristesse : favorise l\u2019ouverture \u00e9motionnelle et le soin de soi.<\/li>\n<li>\u00b7 Augmente la confiance en soi et l\u2019estime de soi : symboliquement associ\u00e9 \u00e0 l\u2019amour de soi.<\/li>\n<\/ul>\n<h5><a title=\"Fiche Technique Rose damascena\" href=\"https:\/\/oleantis.com\/wp-content\/uploads\/2025\/09\/OLEANTIS-FT-Rosa-damascena.pdf\" target=\"_blank\" rel=\"noopener\"><strong>T\u00e9l\u00e9charger la F.T<\/strong><\/a><\/h5>\n<p>Nous proposons des produits de haute qualit\u00e9, certifi\u00e9s par des analyses de laboratoire, garantissant leur tra\u00e7abilit\u00e9 et leur puret\u00e9, soigneusement s\u00e9lectionn\u00e9s \u00e0 l\u2019origine pour leurs propri\u00e9t\u00e9s.<\/p>\n<p>Si, en plus de la fiche technique, vous avez besoin d\u2019un autre document, n\u2019h\u00e9sitez pas \u00e0 nous contacter \u00e0 l\u2019adresse suivante: <a href=\"mailto:info@oleantis.com\">info@oleantis.com<\/a><\/p>\n","protected":false},"excerpt":{"rendered":"<h3><em>Rosa x damascena<\/em><\/h3>\n<p>L&rsquo;hydrolat de rose damascena est obtenu par distillation \u00e0 la vapeur des fleurs. C&rsquo;est l&rsquo;un des hydrolats les plus pris\u00e9s en cosm\u00e9tique, en parfumerie et bien-\u00eatre. Son nom, \u00ab damascena \u00bb, fait r\u00e9f\u00e9rence \u00e0 Damas, ville cl\u00e9 de son commerce au Moyen \u00c2ge. L&rsquo;eau de rose est l&rsquo;un des plus anciens hydrolats connus : en Perse, d\u00e8s le X\u1d49 si\u00e8cle, le m\u00e9decin et alchimiste Avicenne perfectionna la distillation \u00e0 la vapeur pour l&rsquo;obtenir. Sa production est exigeante ; il faut environ 3 \u00e0 4 tonnes de p\u00e9tales frais pour obtenir un litre d&rsquo;huile essentielle, et l&rsquo;hydrolat constitue le coproduit pr\u00e9cieux de cette distillation.    <\/p>\n<h5>Hydrolat biologique 100 % pur et naturel, <strong>usage alimentaire<\/strong>.<\/h5>\n","protected":false},"featured_media":6434,"comment_status":"open","ping_status":"closed","template":"","meta":{"jetpack_publicize_message":"","jetpack_publicize_feature_enabled":true,"jetpack_social_post_already_shared":false,"jetpack_social_options":{"image_generator_settings":{"template":"highway","default_image_id":0,"font":"","enabled":false},"version":2}},"product_brand":[],"product_cat":[346,342,241,243],"product_tag":[361,434,433,410,432,413,435,351],"class_list":{"0":"post-7234","1":"product","2":"type-product","3":"status-publish","4":"has-post-thumbnail","6":"product_cat-cosmetics-fr","7":"product_cat-healthy-fr","8":"product_cat-hydrolat","9":"product_cat-naturel","10":"product_tag-apaisant","11":"product_tag-bain-aromatique","12":"product_tag-fatigue-oculaire","13":"product_tag-food-grade","14":"product_tag-lotion-tonique-pour-le-visage","15":"product_tag-relaxant","16":"product_tag-rincage-des-cheveux","17":"product_tag-sante","19":"first","20":"instock","21":"shipping-taxable","22":"product-type-simple"},"aioseo_notices":[],"jetpack_publicize_connections":[],"jetpack_sharing_enabled":true,"_links":{"self":[{"href":"https:\/\/oleantis.com\/fr\/wp-json\/wp\/v2\/product\/7234","targetHints":{"allow":["GET"]}}],"collection":[{"href":"https:\/\/oleantis.com\/fr\/wp-json\/wp\/v2\/product"}],"about":[{"href":"https:\/\/oleantis.com\/fr\/wp-json\/wp\/v2\/types\/product"}],"replies":[{"embeddable":true,"href":"https:\/\/oleantis.com\/fr\/wp-json\/wp\/v2\/comments?post=7234"}],"wp:featuredmedia":[{"embeddable":true,"href":"https:\/\/oleantis.com\/fr\/wp-json\/wp\/v2\/media\/6434"}],"wp:attachment":[{"href":"https:\/\/oleantis.com\/fr\/wp-json\/wp\/v2\/media?parent=7234"}],"wp:term":[{"taxonomy":"product_brand","embeddable":true,"href":"https:\/\/oleantis.com\/fr\/wp-json\/wp\/v2\/product_brand?post=7234"},{"taxonomy":"product_cat","embeddable":true,"href":"https:\/\/oleantis.com\/fr\/wp-json\/wp\/v2\/product_cat?post=7234"},{"taxonomy":"product_tag","embeddable":true,"href":"https:\/\/oleantis.com\/fr\/wp-json\/wp\/v2\/product_tag?post=7234"}],"curies":[{"name":"wp","href":"https:\/\/api.w.org\/{rel}","templated":true}]}}